{"id":564,"date":"2024-05-08T15:19:47","date_gmt":"2024-05-08T15:19:47","guid":{"rendered":"https:\/\/topfloor.lt\/krepselis\/"},"modified":"2025-07-07T12:19:35","modified_gmt":"2025-07-07T12:19:35","slug":"krepselis","status":"publish","type":"page","link":"https:\/\/topfloor.lt\/ru\/krepselis\/","title":{"rendered":"Krep\u0161elis"},"content":{"rendered":"<div class=\"wp-block-woocommerce-cart alignwide is-loading\">\n<div class=\"wp-block-woocommerce-filled-cart-block\">\n<div class=\"wp-block-woocommerce-cart-items-block\">\n<div class=\"wp-block-woocommerce-cart-line-items-block\"><\/div>\n\n\n\n<div class=\"wp-block-woocommerce-cart-cross-sells-block\">\n<h2 class=\"wp-block-heading has-large-font-size\">You may be interested in\u2026<\/h2>\n\n\n\n<div class=\"wp-block-woocommerce-cart-cross-sells-products-block\"><\/div>\n<\/div>\n<\/div>\n\n\n\n<div class=\"wp-block-woocommerce-cart-totals-block\">\n<div class=\"wp-block-woocommerce-cart-order-summary-block\">\n<div class=\"wp-block-woocommerce-cart-order-summary-heading-block\"><\/div>\n\n\n\n<div class=\"wp-block-woocommerce-cart-order-summary-coupon-form-block\"><\/div>\n\n\n\n<div class=\"wp-block-woocommerce-cart-order-summary-subtotal-block\"><\/div>\n\n\n\n<div class=\"wp-block-woocommerce-cart-order-summary-fee-block\"><\/div>\n\n\n\n<div class=\"wp-block-woocommerce-cart-order-summary-discount-block\"><\/div>\n\n\n\n<div class=\"wp-block-woocommerce-cart-order-summary-shipping-block\"><\/div>\n\n\n\n<div class=\"wp-block-woocommerce-cart-order-summary-taxes-block\"><\/div>\n<\/div>\n\n\n\n<div class=\"wp-block-woocommerce-cart-express-payment-block\"><\/div>\n\n\n\n<div class=\"wp-block-woocommerce-proceed-to-checkout-block\"><\/div>\n\n\n\n<div class=\"wp-block-woocommerce-cart-accepted-payment-methods-block\"><\/div>\n<\/div>\n<\/div>\n\n\n\n<div class=\"wp-block-woocommerce-empty-cart-block\">\n<h2 class=\"wp-block-heading has-text-align-center with-empty-cart-icon wc-block-cart__empty-cart__title\">J\u016bs\u0173 krep\u0161elis kol kas tu\u0161\u010dias.<\/h2>\n\n\n\n<hr class=\"wp-block-separator has-alpha-channel-opacity is-style-dots\"\/>\n\n\n\n<h2 class=\"wp-block-heading has-text-align-center\">Naujausi produktai<\/h2>\n\n\n<\/div>\n<\/div>","protected":false},"excerpt":{"rendered":"You may be interested in\u2026 J\u016bs\u0173 krep\u0161elis kol kas tu\u0161\u010dias. Naujausi produktai","protected":false},"author":1,"featured_media":0,"parent":0,"menu_order":0,"comment_status":"closed","ping_status":"closed","template":"","meta":{"footnotes":""},"class_list":["post-564","page","type-page","status-publish"],"yoast_head":"<!-- This site is optimized with the Yoast SEO plugin v25.3 - https:\/\/yoast.com\/wordpress\/plugins\/seo\/ -->\n<title>Krep\u0161elis - TopFloor.lt<\/title>\n<meta name=\"description\" content=\"Krep\u0161elis - Apartament\u0173, buto, lofto trumpalaik\u0117 ir ilgalaik\u0117 nuoma su stov\u0117jimo vieta automobiliui, po\u017eemin\u0117je aik\u0161tel\u0117je Vilnius centras Naujamiestis\" \/>\n<meta name=\"robots\" content=\"index, follow, max-snippet:-1, max-image-preview:large, max-video-preview:-1\" \/>\n<link rel=\"canonical\" href=\"https:\/\/topfloor.lt\/ru\/krepselis\/\" \/>\n<meta property=\"og:locale\" content=\"ru_RU\" \/>\n<meta property=\"og:type\" content=\"article\" \/>\n<meta property=\"og:title\" content=\"Krep\u0161elis - TopFloor.lt\" \/>\n<meta property=\"og:description\" content=\"Krep\u0161elis - Apartament\u0173, buto, lofto trumpalaik\u0117 ir ilgalaik\u0117 nuoma su stov\u0117jimo vieta automobiliui, po\u017eemin\u0117je aik\u0161tel\u0117je Vilnius centras Naujamiestis\" \/>\n<meta property=\"og:url\" content=\"https:\/\/topfloor.lt\/ru\/krepselis\/\" \/>\n<meta property=\"og:site_name\" content=\"TopFloor.lt\" \/>\n<meta property=\"article:modified_time\" content=\"2025-07-07T12:19:35+00:00\" \/>\n<meta name=\"twitter:card\" content=\"summary_large_image\" \/>\n<meta name=\"twitter:label1\" content=\"\u041f\u0440\u0438\u043c\u0435\u0440\u043d\u043e\u0435 \u0432\u0440\u0435\u043c\u044f \u0434\u043b\u044f \u0447\u0442\u0435\u043d\u0438\u044f\" \/>\n\t<meta name=\"twitter:data1\" content=\"1 \u043c\u0438\u043d\u0443\u0442\u0430\" \/>\n<script type=\"application\/ld+json\" class=\"yoast-schema-graph\">{\"@context\":\"https:\/\/schema.org\",\"@graph\":[{\"@type\":\"WebPage\",\"@id\":\"https:\/\/topfloor.lt\/krepselis\/\",\"url\":\"https:\/\/topfloor.lt\/krepselis\/\",\"name\":\"Krep\u0161elis - TopFloor.lt\",\"isPartOf\":{\"@id\":\"https:\/\/topfloor.lt\/#website\"},\"datePublished\":\"2024-05-08T15:19:47+00:00\",\"dateModified\":\"2025-07-07T12:19:35+00:00\",\"description\":\"Krep\u0161elis - Apartament\u0173, buto, lofto trumpalaik\u0117 ir ilgalaik\u0117 nuoma su stov\u0117jimo vieta automobiliui, po\u017eemin\u0117je aik\u0161tel\u0117je Vilnius centras Naujamiestis\",\"breadcrumb\":{\"@id\":\"https:\/\/topfloor.lt\/krepselis\/#breadcrumb\"},\"inLanguage\":\"ru-RU\",\"potentialAction\":[{\"@type\":\"ReadAction\",\"target\":[\"https:\/\/topfloor.lt\/krepselis\/\"]}]},{\"@type\":\"BreadcrumbList\",\"@id\":\"https:\/\/topfloor.lt\/krepselis\/#breadcrumb\",\"itemListElement\":[{\"@type\":\"ListItem\",\"position\":1,\"name\":\"Home\",\"item\":\"https:\/\/topfloor.lt\/\"},{\"@type\":\"ListItem\",\"position\":2,\"name\":\"Krep\u0161elis\"}]},{\"@type\":\"WebSite\",\"@id\":\"https:\/\/topfloor.lt\/#website\",\"url\":\"https:\/\/topfloor.lt\/\",\"name\":\"TopFloor.lt\",\"description\":\"Apartament\u0173, buto, lofto trumpalaik\u0117 ir ilgalaik\u0117 nuoma su stov\u0117jimo vieta automobiliui, po\u017eemin\u0117je aik\u0161tel\u0117je Vilnius centras Naujamiestis\",\"publisher\":{\"@id\":\"https:\/\/topfloor.lt\/#organization\"},\"potentialAction\":[{\"@type\":\"SearchAction\",\"target\":{\"@type\":\"EntryPoint\",\"urlTemplate\":\"https:\/\/topfloor.lt\/?s={search_term_string}\"},\"query-input\":{\"@type\":\"PropertyValueSpecification\",\"valueRequired\":true,\"valueName\":\"search_term_string\"}}],\"inLanguage\":\"ru-RU\"},{\"@type\":\"Organization\",\"@id\":\"https:\/\/topfloor.lt\/#organization\",\"name\":\"TopFloor.lt\",\"url\":\"https:\/\/topfloor.lt\/\",\"logo\":{\"@type\":\"ImageObject\",\"inLanguage\":\"ru-RU\",\"@id\":\"https:\/\/topfloor.lt\/#\/schema\/logo\/image\/\",\"url\":\"https:\/\/topfloor.lt\/wp-content\/uploads\/2024\/05\/Image_842EF4D6_95E2_E5BA_41D0_0BA973DF6A83_en.png\",\"contentUrl\":\"https:\/\/topfloor.lt\/wp-content\/uploads\/2024\/05\/Image_842EF4D6_95E2_E5BA_41D0_0BA973DF6A83_en.png\",\"width\":1635,\"height\":1341,\"caption\":\"TopFloor.lt\"},\"image\":{\"@id\":\"https:\/\/topfloor.lt\/#\/schema\/logo\/image\/\"}}]}<\/script>\n<!-- \/ Yoast SEO plugin. -->","yoast_head_json":{"title":"Krep\u0161elis - TopFloor.lt","description":"Krep\u0161elis - Apartament\u0173, buto, lofto trumpalaik\u0117 ir ilgalaik\u0117 nuoma su stov\u0117jimo vieta automobiliui, po\u017eemin\u0117je aik\u0161tel\u0117je Vilnius centras Naujamiestis","robots":{"index":"index","follow":"follow","max-snippet":"max-snippet:-1","max-image-preview":"max-image-preview:large","max-video-preview":"max-video-preview:-1"},"canonical":"https:\/\/topfloor.lt\/ru\/krepselis\/","og_locale":"ru_RU","og_type":"article","og_title":"Krep\u0161elis - TopFloor.lt","og_description":"Krep\u0161elis - Apartament\u0173, buto, lofto trumpalaik\u0117 ir ilgalaik\u0117 nuoma su stov\u0117jimo vieta automobiliui, po\u017eemin\u0117je aik\u0161tel\u0117je Vilnius centras Naujamiestis","og_url":"https:\/\/topfloor.lt\/ru\/krepselis\/","og_site_name":"TopFloor.lt","article_modified_time":"2025-07-07T12:19:35+00:00","twitter_card":"summary_large_image","twitter_misc":{"\u041f\u0440\u0438\u043c\u0435\u0440\u043d\u043e\u0435 \u0432\u0440\u0435\u043c\u044f \u0434\u043b\u044f \u0447\u0442\u0435\u043d\u0438\u044f":"1 \u043c\u0438\u043d\u0443\u0442\u0430"},"schema":{"@context":"https:\/\/schema.org","@graph":[{"@type":"WebPage","@id":"https:\/\/topfloor.lt\/krepselis\/","url":"https:\/\/topfloor.lt\/krepselis\/","name":"Krep\u0161elis - TopFloor.lt","isPartOf":{"@id":"https:\/\/topfloor.lt\/#website"},"datePublished":"2024-05-08T15:19:47+00:00","dateModified":"2025-07-07T12:19:35+00:00","description":"Krep\u0161elis - Apartament\u0173, buto, lofto trumpalaik\u0117 ir ilgalaik\u0117 nuoma su stov\u0117jimo vieta automobiliui, po\u017eemin\u0117je aik\u0161tel\u0117je Vilnius centras Naujamiestis","breadcrumb":{"@id":"https:\/\/topfloor.lt\/krepselis\/#breadcrumb"},"inLanguage":"ru-RU","potentialAction":[{"@type":"ReadAction","target":["https:\/\/topfloor.lt\/krepselis\/"]}]},{"@type":"BreadcrumbList","@id":"https:\/\/topfloor.lt\/krepselis\/#breadcrumb","itemListElement":[{"@type":"ListItem","position":1,"name":"Home","item":"https:\/\/topfloor.lt\/"},{"@type":"ListItem","position":2,"name":"Krep\u0161elis"}]},{"@type":"WebSite","@id":"https:\/\/topfloor.lt\/#website","url":"https:\/\/topfloor.lt\/","name":"TopFloor.lt","description":"Apartament\u0173, buto, lofto trumpalaik\u0117 ir ilgalaik\u0117 nuoma su stov\u0117jimo vieta automobiliui, po\u017eemin\u0117je aik\u0161tel\u0117je Vilnius centras Naujamiestis","publisher":{"@id":"https:\/\/topfloor.lt\/#organization"},"potentialAction":[{"@type":"SearchAction","target":{"@type":"EntryPoint","urlTemplate":"https:\/\/topfloor.lt\/?s={search_term_string}"},"query-input":{"@type":"PropertyValueSpecification","valueRequired":true,"valueName":"search_term_string"}}],"inLanguage":"ru-RU"},{"@type":"Organization","@id":"https:\/\/topfloor.lt\/#organization","name":"TopFloor.lt","url":"https:\/\/topfloor.lt\/","logo":{"@type":"ImageObject","inLanguage":"ru-RU","@id":"https:\/\/topfloor.lt\/#\/schema\/logo\/image\/","url":"https:\/\/topfloor.lt\/wp-content\/uploads\/2024\/05\/Image_842EF4D6_95E2_E5BA_41D0_0BA973DF6A83_en.png","contentUrl":"https:\/\/topfloor.lt\/wp-content\/uploads\/2024\/05\/Image_842EF4D6_95E2_E5BA_41D0_0BA973DF6A83_en.png","width":1635,"height":1341,"caption":"TopFloor.lt"},"image":{"@id":"https:\/\/topfloor.lt\/#\/schema\/logo\/image\/"}}]}},"_links":{"self":[{"href":"https:\/\/topfloor.lt\/ru\/wp-json\/wp\/v2\/pages\/564","targetHints":{"allow":["GET"]}}],"collection":[{"href":"https:\/\/topfloor.lt\/ru\/wp-json\/wp\/v2\/pages"}],"about":[{"href":"https:\/\/topfloor.lt\/ru\/wp-json\/wp\/v2\/types\/page"}],"author":[{"embeddable":true,"href":"https:\/\/topfloor.lt\/ru\/wp-json\/wp\/v2\/users\/1"}],"replies":[{"embeddable":true,"href":"https:\/\/topfloor.lt\/ru\/wp-json\/wp\/v2\/comments?post=564"}],"version-history":[{"count":1,"href":"https:\/\/topfloor.lt\/ru\/wp-json\/wp\/v2\/pages\/564\/revisions"}],"predecessor-version":[{"id":1714,"href":"https:\/\/topfloor.lt\/ru\/wp-json\/wp\/v2\/pages\/564\/revisions\/1714"}],"wp:attachment":[{"href":"https:\/\/topfloor.lt\/ru\/wp-json\/wp\/v2\/media?parent=564"}],"curies":[{"name":"wp","href":"https:\/\/api.w.org\/{rel}","templated":true}]}}