{"id":563,"date":"2024-05-08T15:19:47","date_gmt":"2024-05-08T15:19:47","guid":{"rendered":"https:\/\/topfloor.lt\/parduotuve\/"},"modified":"2025-07-07T12:24:16","modified_gmt":"2025-07-07T12:24:16","slug":"parduotuve","status":"publish","type":"page","link":"https:\/\/topfloor.lt\/ru\/parduotuve\/","title":{"rendered":"Parduotuv\u0117"},"content":{"rendered":"","protected":false},"excerpt":{"rendered":"","protected":false},"author":1,"featured_media":0,"parent":0,"menu_order":0,"comment_status":"closed","ping_status":"closed","template":"","meta":{"footnotes":""},"class_list":["post-563","page","type-page","status-publish"],"yoast_head":"<!-- This site is optimized with the Yoast SEO plugin v25.3 - https:\/\/yoast.com\/wordpress\/plugins\/seo\/ -->\n<title>Parduotuv\u0117 - TopFloor.lt<\/title>\n<meta name=\"description\" content=\"Parduotuv\u0117\" \/>\n<meta name=\"robots\" content=\"index, follow, max-snippet:-1, max-image-preview:large, max-video-preview:-1\" \/>\n<link rel=\"canonical\" href=\"https:\/\/topfloor.lt\/ru\/parduotuve\/\" \/>\n<meta property=\"og:locale\" content=\"ru_RU\" \/>\n<meta property=\"og:type\" content=\"article\" \/>\n<meta property=\"og:title\" content=\"Parduotuv\u0117 - TopFloor.lt\" \/>\n<meta property=\"og:description\" content=\"Parduotuv\u0117\" \/>\n<meta property=\"og:url\" content=\"https:\/\/topfloor.lt\/ru\/parduotuve\/\" \/>\n<meta property=\"og:site_name\" content=\"TopFloor.lt\" \/>\n<meta property=\"article:modified_time\" content=\"2025-07-07T12:24:16+00:00\" \/>\n<meta name=\"twitter:card\" content=\"summary_large_image\" \/>\n<script type=\"application\/ld+json\" class=\"yoast-schema-graph\">{\"@context\":\"https:\/\/schema.org\",\"@graph\":[{\"@type\":\"WebPage\",\"@id\":\"https:\/\/topfloor.lt\/parduotuve\/\",\"url\":\"https:\/\/topfloor.lt\/parduotuve\/\",\"name\":\"Parduotuv\u0117 - TopFloor.lt\",\"isPartOf\":{\"@id\":\"https:\/\/topfloor.lt\/#website\"},\"datePublished\":\"2024-05-08T15:19:47+00:00\",\"dateModified\":\"2025-07-07T12:24:16+00:00\",\"description\":\"Parduotuv\u0117\",\"breadcrumb\":{\"@id\":\"https:\/\/topfloor.lt\/parduotuve\/#breadcrumb\"},\"inLanguage\":\"ru-RU\",\"potentialAction\":[{\"@type\":\"ReadAction\",\"target\":[\"https:\/\/topfloor.lt\/parduotuve\/\"]}]},{\"@type\":\"BreadcrumbList\",\"@id\":\"https:\/\/topfloor.lt\/parduotuve\/#breadcrumb\",\"itemListElement\":[{\"@type\":\"ListItem\",\"position\":1,\"name\":\"Home\",\"item\":\"https:\/\/topfloor.lt\/\"},{\"@type\":\"ListItem\",\"position\":2,\"name\":\"Parduotuv\u0117\"}]},{\"@type\":\"WebSite\",\"@id\":\"https:\/\/topfloor.lt\/#website\",\"url\":\"https:\/\/topfloor.lt\/\",\"name\":\"TopFloor.lt\",\"description\":\"Apartament\u0173, buto, lofto trumpalaik\u0117 ir ilgalaik\u0117 nuoma su stov\u0117jimo vieta automobiliui, po\u017eemin\u0117je aik\u0161tel\u0117je Vilnius centras Naujamiestis\",\"publisher\":{\"@id\":\"https:\/\/topfloor.lt\/#organization\"},\"potentialAction\":[{\"@type\":\"SearchAction\",\"target\":{\"@type\":\"EntryPoint\",\"urlTemplate\":\"https:\/\/topfloor.lt\/?s={search_term_string}\"},\"query-input\":{\"@type\":\"PropertyValueSpecification\",\"valueRequired\":true,\"valueName\":\"search_term_string\"}}],\"inLanguage\":\"ru-RU\"},{\"@type\":\"Organization\",\"@id\":\"https:\/\/topfloor.lt\/#organization\",\"name\":\"TopFloor.lt\",\"url\":\"https:\/\/topfloor.lt\/\",\"logo\":{\"@type\":\"ImageObject\",\"inLanguage\":\"ru-RU\",\"@id\":\"https:\/\/topfloor.lt\/#\/schema\/logo\/image\/\",\"url\":\"https:\/\/topfloor.lt\/wp-content\/uploads\/2024\/05\/Image_842EF4D6_95E2_E5BA_41D0_0BA973DF6A83_en.png\",\"contentUrl\":\"https:\/\/topfloor.lt\/wp-content\/uploads\/2024\/05\/Image_842EF4D6_95E2_E5BA_41D0_0BA973DF6A83_en.png\",\"width\":1635,\"height\":1341,\"caption\":\"TopFloor.lt\"},\"image\":{\"@id\":\"https:\/\/topfloor.lt\/#\/schema\/logo\/image\/\"}}]}<\/script>\n<!-- \/ Yoast SEO plugin. -->","yoast_head_json":{"title":"Parduotuv\u0117 - TopFloor.lt","description":"Parduotuv\u0117","robots":{"index":"index","follow":"follow","max-snippet":"max-snippet:-1","max-image-preview":"max-image-preview:large","max-video-preview":"max-video-preview:-1"},"canonical":"https:\/\/topfloor.lt\/ru\/parduotuve\/","og_locale":"ru_RU","og_type":"article","og_title":"Parduotuv\u0117 - TopFloor.lt","og_description":"Parduotuv\u0117","og_url":"https:\/\/topfloor.lt\/ru\/parduotuve\/","og_site_name":"TopFloor.lt","article_modified_time":"2025-07-07T12:24:16+00:00","twitter_card":"summary_large_image","schema":{"@context":"https:\/\/schema.org","@graph":[{"@type":"WebPage","@id":"https:\/\/topfloor.lt\/parduotuve\/","url":"https:\/\/topfloor.lt\/parduotuve\/","name":"Parduotuv\u0117 - TopFloor.lt","isPartOf":{"@id":"https:\/\/topfloor.lt\/#website"},"datePublished":"2024-05-08T15:19:47+00:00","dateModified":"2025-07-07T12:24:16+00:00","description":"Parduotuv\u0117","breadcrumb":{"@id":"https:\/\/topfloor.lt\/parduotuve\/#breadcrumb"},"inLanguage":"ru-RU","potentialAction":[{"@type":"ReadAction","target":["https:\/\/topfloor.lt\/parduotuve\/"]}]},{"@type":"BreadcrumbList","@id":"https:\/\/topfloor.lt\/parduotuve\/#breadcrumb","itemListElement":[{"@type":"ListItem","position":1,"name":"Home","item":"https:\/\/topfloor.lt\/"},{"@type":"ListItem","position":2,"name":"Parduotuv\u0117"}]},{"@type":"WebSite","@id":"https:\/\/topfloor.lt\/#website","url":"https:\/\/topfloor.lt\/","name":"TopFloor.lt","description":"Apartament\u0173, buto, lofto trumpalaik\u0117 ir ilgalaik\u0117 nuoma su stov\u0117jimo vieta automobiliui, po\u017eemin\u0117je aik\u0161tel\u0117je Vilnius centras Naujamiestis","publisher":{"@id":"https:\/\/topfloor.lt\/#organization"},"potentialAction":[{"@type":"SearchAction","target":{"@type":"EntryPoint","urlTemplate":"https:\/\/topfloor.lt\/?s={search_term_string}"},"query-input":{"@type":"PropertyValueSpecification","valueRequired":true,"valueName":"search_term_string"}}],"inLanguage":"ru-RU"},{"@type":"Organization","@id":"https:\/\/topfloor.lt\/#organization","name":"TopFloor.lt","url":"https:\/\/topfloor.lt\/","logo":{"@type":"ImageObject","inLanguage":"ru-RU","@id":"https:\/\/topfloor.lt\/#\/schema\/logo\/image\/","url":"https:\/\/topfloor.lt\/wp-content\/uploads\/2024\/05\/Image_842EF4D6_95E2_E5BA_41D0_0BA973DF6A83_en.png","contentUrl":"https:\/\/topfloor.lt\/wp-content\/uploads\/2024\/05\/Image_842EF4D6_95E2_E5BA_41D0_0BA973DF6A83_en.png","width":1635,"height":1341,"caption":"TopFloor.lt"},"image":{"@id":"https:\/\/topfloor.lt\/#\/schema\/logo\/image\/"}}]}},"_links":{"self":[{"href":"https:\/\/topfloor.lt\/ru\/wp-json\/wp\/v2\/pages\/563","targetHints":{"allow":["GET"]}}],"collection":[{"href":"https:\/\/topfloor.lt\/ru\/wp-json\/wp\/v2\/pages"}],"about":[{"href":"https:\/\/topfloor.lt\/ru\/wp-json\/wp\/v2\/types\/page"}],"author":[{"embeddable":true,"href":"https:\/\/topfloor.lt\/ru\/wp-json\/wp\/v2\/users\/1"}],"replies":[{"embeddable":true,"href":"https:\/\/topfloor.lt\/ru\/wp-json\/wp\/v2\/comments?post=563"}],"version-history":[{"count":1,"href":"https:\/\/topfloor.lt\/ru\/wp-json\/wp\/v2\/pages\/563\/revisions"}],"predecessor-version":[{"id":1716,"href":"https:\/\/topfloor.lt\/ru\/wp-json\/wp\/v2\/pages\/563\/revisions\/1716"}],"wp:attachment":[{"href":"https:\/\/topfloor.lt\/ru\/wp-json\/wp\/v2\/media?parent=563"}],"curies":[{"name":"wp","href":"https:\/\/api.w.org\/{rel}","templated":true}]}}