{"id":1595,"date":"2025-02-02T17:17:49","date_gmt":"2025-02-02T17:17:49","guid":{"rendered":"https:\/\/topfloor.lt\/?page_id=1595"},"modified":"2025-07-07T12:26:11","modified_gmt":"2025-07-07T12:26:11","slug":"pirkimo-ir-pardavimo-taisykles","status":"publish","type":"page","link":"https:\/\/topfloor.lt\/ru\/pirkimo-ir-pardavimo-taisykles\/","title":{"rendered":"\u041f\u0440\u0430\u0432\u0438\u043b\u0430 \u043a\u0443\u043f\u043b\u0438-\u043f\u0440\u043e\u0434\u0430\u0436\u0438"},"content":{"rendered":"<p><strong>\u2013 \u041e\u0431\u0449\u0438\u0435 \u043f\u043e\u043b\u043e\u0436\u0435\u043d\u0438\u044f \u0438 \u0443\u0441\u043b\u043e\u0432\u0438\u044f \u043a\u043e\u043c\u043f\u0430\u043d\u0438\u0438 (\u043d\u0430\u0437\u0432\u0430\u043d\u0438\u0435 \u043a\u043e\u043c\u043f\u0430\u043d\u0438\u0438, \u0440\u0435\u0433\u0438\u0441\u0442\u0440\u0430\u0446\u0438\u043e\u043d\u043d\u044b\u0439 \u043d\u043e\u043c\u0435\u0440, \u0430\u0434\u0440\u0435\u0441).<\/strong><\/p>\n\n\n\n<p>\u0417\u0410\u041e \u00ab\u0410 Loftai\u00bb. \u041a\u043e\u0434 \u043a\u043e\u043c\u043f\u0430\u043d\u0438\u0438: 305617453. \u0410\u0434\u0440\u0435\u0441: \u0443\u043b. \u0412. \u0413\u0440\u0438\u0431\u043e. 41\u0411-17, \u0412\u0438\u043b\u044c\u043d\u044e\u0441 10320, \u041b\u0438\u0442\u0432\u0430.<\/p>\n\n\n\n<p><strong>\u2013 \u041f\u043e\u0440\u044f\u0434\u043e\u043a \u043e\u043f\u043b\u0430\u0442\u044b (\u0441\u043f\u043e\u0441\u043e\u0431\u044b \u043e\u043f\u043b\u0430\u0442\u044b \u2013 \u043f\u043b\u0430\u0442\u0435\u0436\u043d\u044b\u0435 \u043a\u0430\u0440\u0442\u044b, \u043a\u0430\u043a \u0438 \u043a\u043e\u0433\u0434\u0430 \u041a\u043b\u0438\u0435\u043d\u0442 \u043f\u043e\u043b\u0443\u0447\u0438\u0442 \u043f\u043e\u0434\u0442\u0432\u0435\u0440\u0436\u0434\u0435\u043d\u0438\u0435 \u0431\u0440\u043e\u043d\u0438\u0440\u043e\u0432\u0430\u043d\u0438\u044f).<\/strong><\/p>\n\n\n\n<p>\u0411\u0440\u043e\u043d\u0438\u0440\u043e\u0432\u0430\u043d\u0438\u044f \u0432\u044b \u043c\u043e\u0436\u0435\u0442\u0435 \u043e\u043f\u043b\u0430\u0442\u0438\u0442\u044c \u0431\u043e\u043b\u0435\u0435 \u043d\u043e\u0432\u044b\u043c \u0438 \u0431\u0435\u0437\u043e\u043f\u0430\u0441\u043d\u044b\u043c \u0441\u043f\u043e\u0441\u043e\u0431\u043e\u043c \u2013 <strong>KLIX<\/strong>. \u042d\u0442\u043e \u043f\u043b\u0430\u0442\u0435\u0436\u043d\u044b\u0439 \u043c\u0435\u0442\u043e\u0434, \u0441\u043e\u0437\u0434\u0430\u043d\u043d\u044b\u0439 \u0431\u0430\u043d\u043a\u043e\u043c Citadele, \u043a\u043e\u0442\u043e\u0440\u044b\u0439 \u043e\u0431\u0435\u0441\u043f\u0435\u0447\u0438\u0432\u0430\u0435\u0442 \u0431\u0435\u0437\u043e\u043f\u0430\u0441\u043d\u043e\u0441\u0442\u044c \u0432\u0430\u0448\u0438\u0445 \u0434\u0430\u043d\u043d\u044b\u0445 \u0438 \u0434\u0435\u043d\u0435\u0433. <strong>KLIX<\/strong> \u043f\u0440\u0435\u0434\u043b\u0430\u0433\u0430\u0435\u0442 \u0432\u043e\u0437\u043c\u043e\u0436\u043d\u043e\u0441\u0442\u044c \u043e\u043f\u043b\u0430\u0442\u044b \u043a\u0430\u0440\u0442\u043e\u0439 \u0438 \u043d\u0430\u043f\u0440\u044f\u043c\u0443\u044e \u0441 \u0431\u0430\u043d\u043a\u043e\u0432\u0441\u043a\u043e\u0433\u043e \u0441\u0447\u0435\u0442\u0430.<\/p>\n\n\n\n<p><strong>KLIX<\/strong><strong> Pay by card <\/strong>\u2013 \u0432\u043e\u0437\u043c\u043e\u0436\u043d\u043e\u0441\u0442\u044c \u043e\u043f\u043b\u0430\u0442\u044b \u043a\u0430\u0440\u0442\u0430\u043c\u0438 VISA \u0438 Mastercard. \u041f\u0440\u0438 \u043f\u0435\u0440\u0432\u043e\u0439 \u043e\u043f\u043b\u0430\u0442\u0435 \u043f\u043e\u043a\u0443\u043f\u0430\u0442\u0435\u043b\u044c \u043c\u043e\u0436\u0435\u0442 \u0441\u043e\u0433\u043b\u0430\u0441\u0438\u0442\u044c\u0441\u044f \u0432 \u043f\u043b\u0430\u0442\u0435\u0436\u043d\u043e\u0439 \u0444\u043e\u0440\u043c\u0435, \u0447\u0442\u043e \u0434\u0430\u043d\u043d\u044b\u0435 \u043a\u0430\u0440\u0442\u044b \u0431\u0443\u0434\u0443\u0442 \u0441\u043e\u0445\u0440\u0430\u043d\u0435\u043d\u044b \u0432 <strong>KLIX<\/strong> \u043f\u0440\u0438\u043b\u043e\u0436\u0435\u043d\u0438\u0435. \u0415\u0441\u043b\u0438 \u0432\u044b \u0441\u043e\u0433\u043b\u0430\u0441\u043d\u044b \u0441\u043e\u0445\u0440\u0430\u043d\u0438\u0442\u044c \u0434\u0430\u043d\u043d\u044b\u0435 \u0432\u0430\u0448\u0435\u0439 \u043a\u0430\u0440\u0442\u044b, \u0432 \u0441\u043b\u0435\u0434\u0443\u044e\u0449\u0438\u0439 \u0440\u0430\u0437, \u043a\u043e\u0433\u0434\u0430 \u0432\u044b \u043f\u043e\u0441\u0435\u0442\u0438\u0442\u0435 \u043b\u044e\u0431\u043e\u0439 \u0432\u0435\u0431-\u0441\u0430\u0439\u0442 \u0441 <strong>KLIX<\/strong> \u0432\u044b \u0441\u043c\u043e\u0436\u0435\u0442\u0435 \u043e\u043f\u043b\u0430\u0442\u0438\u0442\u044c \u0431\u044b\u0441\u0442\u0440\u0435\u0435, \u043f\u043e\u0441\u043a\u043e\u043b\u044c\u043a\u0443 \u0434\u0430\u043d\u043d\u044b\u0435 \u0432\u0430\u0448\u0435\u0439 \u043a\u0430\u0440\u0442\u044b \u0443\u0436\u0435 \u0431\u0443\u0434\u0443\u0442 \u0437\u0430\u043f\u043e\u043b\u043d\u0435\u043d\u044b \u0430\u0432\u0442\u043e\u043c\u0430\u0442\u0438\u0447\u0435\u0441\u043a\u0438. <strong>KLIX<\/strong> \u0441\u0438\u0441\u0442\u0435\u043c\u0430 \u043e\u043f\u043b\u0430\u0442\u044b \u043a\u0430\u0440\u0442\u0430\u043c\u0438 \u0441\u043e\u043e\u0442\u0432\u0435\u0442\u0441\u0442\u0432\u0443\u0435\u0442 \u0442\u0440\u0435\u0431\u043e\u0432\u0430\u043d\u0438\u044f\u043c \u0421\u0442\u0430\u043d\u0434\u0430\u0440\u0442\u0430 \u0431\u0435\u0437\u043e\u043f\u0430\u0441\u043d\u043e\u0441\u0442\u0438 \u0434\u0430\u043d\u043d\u044b\u0445 \u0438\u043d\u0434\u0443\u0441\u0442\u0440\u0438\u0438 \u043f\u043b\u0430\u0442\u0435\u0436\u043d\u044b\u0445 \u043a\u0430\u0440\u0442 (PCI DSS).<\/p>\n\n\n\n<p><strong>KLIX<\/strong><strong> \u043f\u043b\u0430\u0442\u0435\u0436\u0438<\/strong> \u0441 \u0431\u0430\u043d\u043a\u043e\u0432\u0441\u043a\u043e\u0433\u043e \u0441\u0447\u0435\u0442\u0430. \u042d\u0442\u043e \u0431\u044b\u0441\u0442\u0440\u044b\u0439 \u0438 \u0431\u0435\u0437\u043e\u043f\u0430\u0441\u043d\u044b\u0439 \u0441\u043f\u043e\u0441\u043e\u0431 \u043e\u043f\u043b\u0430\u0442\u044b, \u043f\u043e\u0437\u0432\u043e\u043b\u044f\u044e\u0449\u0438\u0439 \u043e\u043f\u043b\u0430\u0447\u0438\u0432\u0430\u0442\u044c \u043f\u043e\u043a\u0443\u043f\u043a\u0438 \u0432 \u0418\u043d\u0442\u0435\u0440\u043d\u0435\u0442\u0435. \u0427\u0442\u043e\u0431\u044b \u0441\u043e\u0432\u0435\u0440\u0448\u0438\u0442\u044c \u043f\u043b\u0430\u0442\u0435\u0436, \u0432\u044b\u0431\u0435\u0440\u0438\u0442\u0435 \u0441\u0432\u043e\u0439 \u0431\u0430\u043d\u043a, \u0432\u043e\u0439\u0434\u0438\u0442\u0435 \u0432 \u0441\u0438\u0441\u0442\u0435\u043c\u0443 \u0438 \u043f\u043e\u0434\u0442\u0432\u0435\u0440\u0434\u0438\u0442\u0435 \u043f\u043b\u0430\u0442\u0435\u0436. <strong>KLIX<\/strong> \u044f\u0432\u043b\u044f\u0435\u0442\u0441\u044f \u0431\u0435\u0437\u043e\u043f\u0430\u0441\u043d\u044b\u043c \u0438\u043d\u0438\u0446\u0438\u0430\u0442\u043e\u0440\u043e\u043c \u0431\u0430\u043d\u043a\u043e\u0432\u0441\u043a\u0438\u0445 \u043f\u043b\u0430\u0442\u0435\u0436\u0435\u0439, \u043f\u0440\u0435\u0434\u043e\u0441\u0442\u0430\u0432\u043b\u044f\u044e\u0449\u0438\u043c \u0443\u0441\u043b\u0443\u0433\u0443 \u0432 \u0441\u043e\u043e\u0442\u0432\u0435\u0442\u0441\u0442\u0432\u0438\u0438 \u0441 \u0414\u0438\u0440\u0435\u043a\u0442\u0438\u0432\u043e\u0439 \u0415\u0432\u0440\u043e\u043f\u0435\u0439\u0441\u043a\u043e\u0433\u043e \u0421\u043e\u044e\u0437\u0430 2007\/64\/EC \u043e \u043f\u043b\u0430\u0442\u0435\u0436\u043d\u044b\u0445 \u0443\u0441\u043b\u0443\u0433\u0430\u0445 (PSD 1).<\/p>\n\n\n\n<p>\u041f\u0440\u0438 \u043d\u0435\u043e\u0431\u0445\u043e\u0434\u0438\u043c\u043e\u0441\u0442\u0438 \u043e\u043f\u043b\u0430\u0442\u0430 \u0443\u0441\u043b\u0443\u0433 \u043c\u043e\u0436\u0435\u0442 \u0431\u044b\u0442\u044c \u043f\u0440\u043e\u0438\u0437\u0432\u0435\u0434\u0435\u043d\u0430 \u043f\u043b\u0430\u0442\u0435\u0436\u043d\u043e\u0439 \u043a\u0430\u0440\u0442\u043e\u0439, \u043a\u043e\u0442\u043e\u0440\u0430\u044f \u043d\u0435 \u043f\u0440\u0438\u043d\u0430\u0434\u043b\u0435\u0436\u0438\u0442 \u0433\u043e\u0441\u0442\u044e. \u0412 \u044d\u0442\u043e\u043c \u0441\u043b\u0443\u0447\u0430\u0435 \u043d\u0435\u043e\u0431\u0445\u043e\u0434\u0438\u043c\u043e \u0443\u043a\u0430\u0437\u0430\u0442\u044c \u043d\u043e\u043c\u0435\u0440 \u0442\u0435\u043b\u0435\u0444\u043e\u043d\u0430 \u0432\u043b\u0430\u0434\u0435\u043b\u044c\u0446\u0430 \u043a\u0430\u0440\u0442\u044b. \u041f\u0440\u0438 \u043d\u0435\u043e\u0431\u0445\u043e\u0434\u0438\u043c\u043e\u0441\u0442\u0438 \u043c\u044b \u0441\u0432\u044f\u0436\u0435\u043c\u0441\u044f \u0441 \u044d\u0442\u0438\u043c \u043b\u0438\u0446\u043e\u043c \u0434\u043b\u044f \u043f\u043e\u0434\u0442\u0432\u0435\u0440\u0436\u0434\u0435\u043d\u0438\u044f \u0435\u0433\u043e \u0441\u043e\u0433\u043b\u0430\u0441\u0438\u044f \u043e\u043f\u043b\u0430\u0442\u0438\u0442\u044c \u0443\u0441\u043b\u0443\u0433\u0438. \u0415\u0441\u043b\u0438 \u0441 \u0432\u043b\u0430\u0434\u0435\u043b\u044c\u0446\u0435\u043c \u043a\u0430\u0440\u0442\u044b \u043d\u0435\u0432\u043e\u0437\u043c\u043e\u0436\u043d\u043e \u0441\u0432\u044f\u0437\u0430\u0442\u044c\u0441\u044f \u043f\u043e \u0442\u0435\u043b\u0435\u0444\u043e\u043d\u0443, \u043c\u044b \u043e\u0441\u0442\u0430\u0432\u043b\u044f\u0435\u043c \u0437\u0430 \u0441\u043e\u0431\u043e\u0439 \u043f\u0440\u0430\u0432\u043e \u043e\u0442\u043c\u0435\u043d\u0438\u0442\u044c \u0431\u0440\u043e\u043d\u0438\u0440\u043e\u0432\u0430\u043d\u0438\u0435.<\/p>\n\n\n\n<p><strong>\u2013 \u041f\u043e\u0440\u044f\u0434\u043e\u043a \u043e\u043f\u043b\u0430\u0442\u044b \u0438 \u043f\u043e\u0434\u0442\u0432\u0435\u0440\u0436\u0434\u0435\u043d\u0438\u044f \u0431\u0440\u043e\u043d\u0438\u0440\u043e\u0432\u0430\u043d\u0438\u044f (\u0432\u0440\u0435\u043c\u044f, \u0441\u0440\u043e\u043a\u0438 \u0438 \u0442. \u0434.).<\/strong><\/p>\n\n\n\n<p>\u041f\u043e\u0441\u043b\u0435 \u0443\u0441\u043f\u0435\u0448\u043d\u043e\u0433\u043e \u0437\u0430\u0432\u0435\u0440\u0448\u0435\u043d\u0438\u044f \u0431\u0440\u043e\u043d\u0438\u0440\u043e\u0432\u0430\u043d\u0438\u044f \u0432\u044b \u043f\u043e\u043b\u0443\u0447\u0438\u0442\u0435 \u043f\u043e\u0434\u0442\u0432\u0435\u0440\u0436\u0434\u0435\u043d\u0438\u0435 \u0438 \u043d\u0435 \u043f\u043e\u0437\u0434\u043d\u0435\u0435, \u0447\u0435\u043c \u0437\u0430 2 \u0434\u043d\u044f \u0434\u043e \u0437\u0430\u0435\u0437\u0434\u0430, \u0435\u0441\u043b\u0438 \u0432\u044b \u043d\u0435 \u043f\u0440\u043e\u0438\u0437\u0432\u0435\u043b\u0438 \u043e\u043f\u043b\u0430\u0442\u0443 \u0434\u0440\u0443\u0433\u0438\u043c\u0438 \u0441\u043f\u043e\u0441\u043e\u0431\u0430\u043c\u0438, \u0432\u0430\u043c \u0431\u0443\u0434\u0435\u0442 \u0432\u044b\u0441\u0442\u0430\u0432\u043b\u0435\u043d \u0441\u0447\u0435\u0442 \u043d\u0430 \u0430\u0432\u0430\u043d\u0441 \u0441 \u043f\u0440\u043e\u0441\u044c\u0431\u043e\u0439 \u043e\u043f\u043b\u0430\u0442\u0438\u0442\u044c \u0431\u0440\u043e\u043d\u0438\u0440\u043e\u0432\u0430\u043d\u0438\u0435 \u0432\u044b\u0431\u0440\u0430\u043d\u043d\u044b\u043c \u0441\u043f\u043e\u0441\u043e\u0431\u043e\u043c \u0447\u0435\u0440\u0435\u0437 <strong>KLIX<\/strong>. \u041f\u043e\u0441\u043b\u0435 \u043e\u043f\u043b\u0430\u0442\u044b \u0432\u044b \u043f\u043e\u043b\u0443\u0447\u0438\u0442\u0435 \u0438\u043d\u0444\u043e\u0440\u043c\u0430\u0446\u0438\u044e \u043e \u0437\u0430\u0441\u0435\u043b\u0435\u043d\u0438\u0438 \u0432 \u0434\u0435\u043d\u044c \u0437\u0430\u0435\u0437\u0434\u0430, \u043a\u043e\u0433\u0434\u0430 \u043a\u0432\u0430\u0440\u0442\u0438\u0440\u0430 \u0431\u0443\u0434\u0435\u0442 \u0433\u043e\u0442\u043e\u0432\u0430 \u043a \u0432\u0430\u0448\u0435\u043c\u0443 \u043f\u0440\u043e\u0436\u0438\u0432\u0430\u043d\u0438\u044e.<\/p>\n\n\n\n<p>\u0415\u0441\u043b\u0438 \u0432\u0430\u043c \u043d\u0443\u0436\u0435\u043d \u0441\u0447\u0435\u0442-\u0444\u0430\u043a\u0442\u0443\u0440\u0430 \u0438 \u0434\u043e\u043a\u0443\u043c\u0435\u043d\u0442, \u043a\u043e\u0442\u043e\u0440\u044b\u0439 \u043c\u043e\u0436\u043d\u043e \u0438\u0441\u043f\u043e\u043b\u044c\u0437\u043e\u0432\u0430\u0442\u044c \u0434\u043b\u044f \u0431\u0443\u0445\u0433\u0430\u043b\u0442\u0435\u0440\u0441\u043a\u043e\u0433\u043e \u0443\u0447\u0435\u0442\u0430, \u043f\u043e\u0436\u0430\u043b\u0443\u0439\u0441\u0442\u0430, \u043f\u0440\u0435\u0434\u043e\u0441\u0442\u0430\u0432\u044c\u0442\u0435 \u0434\u0430\u043d\u043d\u044b\u0435 \u043a\u043e\u043c\u043f\u0430\u043d\u0438\u0438 \u0438\u043b\u0438 \u0434\u0440\u0443\u0433\u0438\u0435 \u043d\u0435\u043e\u0431\u0445\u043e\u0434\u0438\u043c\u044b\u0435 \u0434\u0430\u043d\u043d\u044b\u0435. \u041c\u044b \u0432\u044b\u0441\u0442\u0430\u0432\u0438\u043c \u0441\u0447\u0435\u0442-\u0444\u0430\u043a\u0442\u0443\u0440\u0443 \u0432 \u0434\u0435\u043d\u044c \u0432\u044b\u0435\u0437\u0434\u0430.<\/p>\n\n\n\n<p><strong>\u2013 \u041f\u0440\u043e\u0446\u0435\u0434\u0443\u0440\u0430 \u043e\u0442\u043c\u0435\u043d\u044b \u0442\u0440\u0430\u043d\u0437\u0430\u043a\u0446\u0438\u0438 \u0438 \u0432\u043e\u0437\u0432\u0440\u0430\u0442\u0430 \u0441\u0440\u0435\u0434\u0441\u0442\u0432.<\/strong><\/p>\n\n\n\n<p>\u041f\u0440\u0430\u0432\u0438\u043b\u0430 \u043e\u0442\u043c\u0435\u043d\u044b \u043e\u043f\u043b\u0430\u0442\u044b: \u0435\u0441\u043b\u0438 \u043e\u043f\u043b\u0430\u0442\u0430 \u043f\u0440\u043e\u0438\u0437\u0432\u0435\u0434\u0435\u043d\u0430, \u0430 \u0431\u0440\u043e\u043d\u0438\u0440\u043e\u0432\u0430\u043d\u0438\u0435 \u0432\u043f\u043e\u0441\u043b\u0435\u0434\u0441\u0442\u0432\u0438\u0438 \u043e\u0442\u043c\u0435\u043d\u0435\u043d\u043e \u0438\u043b\u0438 \u0435\u0441\u043b\u0438 \u0433\u043e\u0441\u0442\u044c \u043d\u0435 \u043f\u043e\u044f\u0432\u043b\u044f\u0435\u0442\u0441\u044f \u0432 \u043e\u0431\u044a\u0435\u043a\u0442\u0435 \u0440\u0430\u0437\u043c\u0435\u0449\u0435\u043d\u0438\u044f \u0431\u0435\u0437 \u043f\u0440\u0435\u0434\u0432\u0430\u0440\u0438\u0442\u0435\u043b\u044c\u043d\u043e\u0433\u043e \u0443\u0432\u0435\u0434\u043e\u043c\u043b\u0435\u043d\u0438\u044f, \u0432\u0437\u0438\u043c\u0430\u0435\u0442\u0441\u044f 100% \u043e\u0442 \u0441\u0443\u043c\u043c\u044b \u0431\u0440\u043e\u043d\u0438\u0440\u043e\u0432\u0430\u043d\u0438\u044f, \u043a\u043e\u0442\u043e\u0440\u0430\u044f \u043d\u0435 \u0432\u043e\u0437\u0432\u0440\u0430\u0449\u0430\u0435\u0442\u0441\u044f.<\/p>\n\n\n\n<p>\u0412 \u0441\u043b\u0443\u0447\u0430\u0435 \u043d\u0430\u0440\u0443\u0448\u0435\u043d\u0438\u044f \u043e\u0431\u0449\u0438\u0445 \u043f\u0440\u0430\u0432\u0438\u043b \u043f\u0440\u0435\u0431\u044b\u0432\u0430\u043d\u0438\u044f \u0432 \u0441\u0440\u0435\u0434\u0441\u0442\u0432\u0435 \u0440\u0430\u0437\u043c\u0435\u0449\u0435\u043d\u0438\u044f, \u0432\u043b\u0435\u043a\u0443\u0449\u0435\u0433\u043e \u0437\u0430 \u0441\u043e\u0431\u043e\u0439 \u0440\u0430\u0441\u0442\u043e\u0440\u0436\u0435\u043d\u0438\u0435 \u0434\u043e\u0433\u043e\u0432\u043e\u0440\u0430 \u043e\u043a\u0430\u0437\u0430\u043d\u0438\u044f \u0443\u0441\u043b\u0443\u0433 \u0438 \u0432\u044b\u0441\u0435\u043b\u0435\u043d\u0438\u0435 \u0433\u043e\u0441\u0442\u044f \u0438\u0437 \u0441\u0440\u0435\u0434\u0441\u0442\u0432\u0430 \u0440\u0430\u0437\u043c\u0435\u0449\u0435\u043d\u0438\u044f, \u0443\u043f\u043b\u0430\u0447\u0435\u043d\u043d\u0430\u044f \u0437\u0430 \u043f\u0440\u043e\u0436\u0438\u0432\u0430\u043d\u0438\u0435 \u0441\u0443\u043c\u043c\u0430 \u043d\u0435 \u0432\u043e\u0437\u0432\u0440\u0430\u0449\u0430\u0435\u0442\u0441\u044f.<\/p>\n\n\n\n<p>\u041f\u0440\u0438 \u043d\u0435\u043e\u0431\u0445\u043e\u0434\u0438\u043c\u043e\u0441\u0442\u0438 \u0432\u043e\u0437\u0432\u0440\u0430\u0442 \u0434\u0435\u043d\u0435\u0436\u043d\u044b\u0445 \u0441\u0440\u0435\u0434\u0441\u0442\u0432 \u043e\u0441\u0443\u0449\u0435\u0441\u0442\u0432\u043b\u044f\u0435\u0442\u0441\u044f \u0432 \u0442\u0435\u0447\u0435\u043d\u0438\u0435 5 \u0440\u0430\u0431\u043e\u0447\u0438\u0445 \u0434\u043d\u0435\u0439 \u0441 \u043c\u043e\u043c\u0435\u043d\u0442\u0430 \u043e\u0442\u043c\u0435\u043d\u044b \u0431\u0440\u043e\u043d\u0438\u0440\u043e\u0432\u0430\u043d\u0438\u044f.<\/p>\n\n\n\n<p>\u0421\u0432\u044f\u0436\u0438\u0442\u0435\u0441\u044c \u0441 \u043d\u0430\u043c\u0438 \u043f\u043e \u044d\u043b\u0435\u043a\u0442\u0440\u043e\u043d\u043d\u043e\u0439 \u043f\u043e\u0447\u0442\u0435 hello@topfloor.lt \u0434\u043b\u044f \u043e\u0442\u043c\u0435\u043d\u044b \u0431\u0440\u043e\u043d\u0438\u0440\u043e\u0432\u0430\u043d\u0438\u044f \u0438 \u0432\u043e\u0437\u0432\u0440\u0430\u0442\u0430 \u0434\u0435\u043d\u0435\u0433.<\/p>\n\n\n\n<p>\u0412\u043e\u0437\u0432\u0440\u0430\u0442 \u0434\u0435\u043d\u0435\u0436\u043d\u044b\u0445 \u0441\u0440\u0435\u0434\u0441\u0442\u0432 \u043e\u0441\u0443\u0449\u0435\u0441\u0442\u0432\u043b\u044f\u0435\u0442\u0441\u044f \u0442\u0435\u043c \u0436\u0435 \u0441\u043f\u043e\u0441\u043e\u0431\u043e\u043c \u043e\u043f\u043b\u0430\u0442\u044b, \u043a\u043e\u0442\u043e\u0440\u044b\u0439 \u041a\u043b\u0438\u0435\u043d\u0442 \u0438\u0441\u043f\u043e\u043b\u044c\u0437\u043e\u0432\u0430\u043b \u0434\u043b\u044f \u0441\u043e\u0432\u0435\u0440\u0448\u0435\u043d\u0438\u044f \u0442\u0440\u0430\u043d\u0437\u0430\u043a\u0446\u0438\u0438.<\/p>\n\n\n\n<p><strong>\u2013 \u0423\u0441\u043b\u043e\u0432\u0438\u044f \u0440\u0430\u0437\u0440\u0435\u0448\u0435\u043d\u0438\u044f \u0441\u043f\u043e\u0440\u043e\u0432.<\/strong><\/p>\n\n\n\n<p>\u0418\u043d\u0444\u043e\u0440\u043c\u0430\u0446\u0438\u044f, \u043f\u0440\u0435\u0434\u0441\u0442\u0430\u0432\u043b\u0435\u043d\u043d\u0430\u044f \u043d\u0430 \u044d\u0442\u043e\u043c \u0441\u0430\u0439\u0442\u0435, \u043a\u0430\u0441\u0430\u0435\u0442\u0441\u044f \u0443\u0441\u043b\u0443\u0433, \u043f\u0440\u0435\u0434\u043e\u0441\u0442\u0430\u0432\u043b\u044f\u0435\u043c\u044b\u0445 TopFloor Apartments (UAB \"A Loftai\"). \u041d\u0430\u0448\u0438 \u043f\u0430\u0440\u0442\u043d\u0435\u0440\u044b (<strong>KLIX<\/strong> \u0438 \u0442. \u0434.) \u043c\u043e\u0433\u0443\u0442 \u0438\u043c\u0435\u0442\u044c \u0434\u0440\u0443\u0433\u0438\u0435 \u043f\u0440\u0430\u0432\u0438\u043b\u0430, \u043f\u043e\u044d\u0442\u043e\u043c\u0443, \u043f\u043e\u0436\u0430\u043b\u0443\u0439\u0441\u0442\u0430, \u0441\u0432\u044f\u0436\u0438\u0442\u0435\u0441\u044c \u0441 \u043d\u0438\u043c\u0438 \u043d\u0430\u043f\u0440\u044f\u043c\u0443\u044e.<\/p>","protected":false},"excerpt":{"rendered":"<p>&#8211; Bendrosios parduotuv\u0117s prekybos s\u0105lygos (\u012fmon\u0117s pavadinimas, registracijos numeris, adresas). UAB \u201eA Loftai\u201c,\u012fmon\u0117s kodas 305617453, adresas: V. Grybo g. 41B-17, Vilnius 10320, Lietuva. &#8211; Mok\u0117jimo tvarka (mok\u0117jimo b\u016bdai &#8211; mok\u0117jimo&#8230;<\/p>","protected":false},"author":1,"featured_media":0,"parent":0,"menu_order":0,"comment_status":"closed","ping_status":"closed","template":"","meta":{"footnotes":""},"class_list":["post-1595","page","type-page","status-publish"],"yoast_head":"<!-- This site is optimized with the Yoast SEO plugin v25.3 - https:\/\/yoast.com\/wordpress\/plugins\/seo\/ -->\n<title>Pirkimo ir pardavimo taisykl\u0117s - TopFloor.lt<\/title>\n<meta name=\"description\" content=\"Pirkimo ir pardavimo taisykl\u0117s - Apartament\u0173, buto, lofto trumpalaik\u0117 ir ilgalaik\u0117 nuoma su stov\u0117jimo vieta automobiliui, po\u017eemin\u0117je aik\u0161tel\u0117je Vilnius centras Naujamiestis\" \/>\n<meta name=\"robots\" content=\"index, follow, max-snippet:-1, max-image-preview:large, max-video-preview:-1\" \/>\n<link rel=\"canonical\" href=\"https:\/\/topfloor.lt\/ru\/pirkimo-ir-pardavimo-taisykles\/\" \/>\n<meta property=\"og:locale\" content=\"ru_RU\" \/>\n<meta property=\"og:type\" content=\"article\" \/>\n<meta property=\"og:title\" content=\"Pirkimo ir pardavimo taisykl\u0117s - TopFloor.lt\" \/>\n<meta property=\"og:description\" content=\"Pirkimo ir pardavimo taisykl\u0117s - Apartament\u0173, buto, lofto trumpalaik\u0117 ir ilgalaik\u0117 nuoma su stov\u0117jimo vieta automobiliui, po\u017eemin\u0117je aik\u0161tel\u0117je Vilnius centras Naujamiestis\" \/>\n<meta property=\"og:url\" content=\"https:\/\/topfloor.lt\/ru\/pirkimo-ir-pardavimo-taisykles\/\" \/>\n<meta property=\"og:site_name\" content=\"TopFloor.lt\" \/>\n<meta property=\"article:modified_time\" content=\"2025-07-07T12:26:11+00:00\" \/>\n<meta name=\"twitter:card\" content=\"summary_large_image\" \/>\n<meta name=\"twitter:label1\" content=\"\u041f\u0440\u0438\u043c\u0435\u0440\u043d\u043e\u0435 \u0432\u0440\u0435\u043c\u044f \u0434\u043b\u044f \u0447\u0442\u0435\u043d\u0438\u044f\" \/>\n\t<meta name=\"twitter:data1\" content=\"2 \u043c\u0438\u043d\u0443\u0442\u044b\" \/>\n<script type=\"application\/ld+json\" class=\"yoast-schema-graph\">{\"@context\":\"https:\/\/schema.org\",\"@graph\":[{\"@type\":\"WebPage\",\"@id\":\"https:\/\/topfloor.lt\/pirkimo-ir-pardavimo-taisykles\/\",\"url\":\"https:\/\/topfloor.lt\/pirkimo-ir-pardavimo-taisykles\/\",\"name\":\"Pirkimo ir pardavimo taisykl\u0117s - TopFloor.lt\",\"isPartOf\":{\"@id\":\"https:\/\/topfloor.lt\/#website\"},\"datePublished\":\"2025-02-02T17:17:49+00:00\",\"dateModified\":\"2025-07-07T12:26:11+00:00\",\"description\":\"Pirkimo ir pardavimo taisykl\u0117s - Apartament\u0173, buto, lofto trumpalaik\u0117 ir ilgalaik\u0117 nuoma su stov\u0117jimo vieta automobiliui, po\u017eemin\u0117je aik\u0161tel\u0117je Vilnius centras Naujamiestis\",\"breadcrumb\":{\"@id\":\"https:\/\/topfloor.lt\/pirkimo-ir-pardavimo-taisykles\/#breadcrumb\"},\"inLanguage\":\"ru-RU\",\"potentialAction\":[{\"@type\":\"ReadAction\",\"target\":[\"https:\/\/topfloor.lt\/pirkimo-ir-pardavimo-taisykles\/\"]}]},{\"@type\":\"BreadcrumbList\",\"@id\":\"https:\/\/topfloor.lt\/pirkimo-ir-pardavimo-taisykles\/#breadcrumb\",\"itemListElement\":[{\"@type\":\"ListItem\",\"position\":1,\"name\":\"Home\",\"item\":\"https:\/\/topfloor.lt\/\"},{\"@type\":\"ListItem\",\"position\":2,\"name\":\"Pirkimo ir pardavimo taisykl\u0117s\"}]},{\"@type\":\"WebSite\",\"@id\":\"https:\/\/topfloor.lt\/#website\",\"url\":\"https:\/\/topfloor.lt\/\",\"name\":\"TopFloor.lt\",\"description\":\"Apartament\u0173, buto, lofto trumpalaik\u0117 ir ilgalaik\u0117 nuoma su stov\u0117jimo vieta automobiliui, po\u017eemin\u0117je aik\u0161tel\u0117je Vilnius centras Naujamiestis\",\"publisher\":{\"@id\":\"https:\/\/topfloor.lt\/#organization\"},\"potentialAction\":[{\"@type\":\"SearchAction\",\"target\":{\"@type\":\"EntryPoint\",\"urlTemplate\":\"https:\/\/topfloor.lt\/?s={search_term_string}\"},\"query-input\":{\"@type\":\"PropertyValueSpecification\",\"valueRequired\":true,\"valueName\":\"search_term_string\"}}],\"inLanguage\":\"ru-RU\"},{\"@type\":\"Organization\",\"@id\":\"https:\/\/topfloor.lt\/#organization\",\"name\":\"TopFloor.lt\",\"url\":\"https:\/\/topfloor.lt\/\",\"logo\":{\"@type\":\"ImageObject\",\"inLanguage\":\"ru-RU\",\"@id\":\"https:\/\/topfloor.lt\/#\/schema\/logo\/image\/\",\"url\":\"https:\/\/topfloor.lt\/wp-content\/uploads\/2024\/05\/Image_842EF4D6_95E2_E5BA_41D0_0BA973DF6A83_en.png\",\"contentUrl\":\"https:\/\/topfloor.lt\/wp-content\/uploads\/2024\/05\/Image_842EF4D6_95E2_E5BA_41D0_0BA973DF6A83_en.png\",\"width\":1635,\"height\":1341,\"caption\":\"TopFloor.lt\"},\"image\":{\"@id\":\"https:\/\/topfloor.lt\/#\/schema\/logo\/image\/\"}}]}<\/script>\n<!-- \/ Yoast SEO plugin. -->","yoast_head_json":{"title":"Pirkimo ir pardavimo taisykl\u0117s - TopFloor.lt","description":"Pirkimo ir pardavimo taisykl\u0117s - Apartament\u0173, buto, lofto trumpalaik\u0117 ir ilgalaik\u0117 nuoma su stov\u0117jimo vieta automobiliui, po\u017eemin\u0117je aik\u0161tel\u0117je Vilnius centras Naujamiestis","robots":{"index":"index","follow":"follow","max-snippet":"max-snippet:-1","max-image-preview":"max-image-preview:large","max-video-preview":"max-video-preview:-1"},"canonical":"https:\/\/topfloor.lt\/ru\/pirkimo-ir-pardavimo-taisykles\/","og_locale":"ru_RU","og_type":"article","og_title":"Pirkimo ir pardavimo taisykl\u0117s - TopFloor.lt","og_description":"Pirkimo ir pardavimo taisykl\u0117s - Apartament\u0173, buto, lofto trumpalaik\u0117 ir ilgalaik\u0117 nuoma su stov\u0117jimo vieta automobiliui, po\u017eemin\u0117je aik\u0161tel\u0117je Vilnius centras Naujamiestis","og_url":"https:\/\/topfloor.lt\/ru\/pirkimo-ir-pardavimo-taisykles\/","og_site_name":"TopFloor.lt","article_modified_time":"2025-07-07T12:26:11+00:00","twitter_card":"summary_large_image","twitter_misc":{"\u041f\u0440\u0438\u043c\u0435\u0440\u043d\u043e\u0435 \u0432\u0440\u0435\u043c\u044f \u0434\u043b\u044f \u0447\u0442\u0435\u043d\u0438\u044f":"2 \u043c\u0438\u043d\u0443\u0442\u044b"},"schema":{"@context":"https:\/\/schema.org","@graph":[{"@type":"WebPage","@id":"https:\/\/topfloor.lt\/pirkimo-ir-pardavimo-taisykles\/","url":"https:\/\/topfloor.lt\/pirkimo-ir-pardavimo-taisykles\/","name":"Pirkimo ir pardavimo taisykl\u0117s - TopFloor.lt","isPartOf":{"@id":"https:\/\/topfloor.lt\/#website"},"datePublished":"2025-02-02T17:17:49+00:00","dateModified":"2025-07-07T12:26:11+00:00","description":"Pirkimo ir pardavimo taisykl\u0117s - Apartament\u0173, buto, lofto trumpalaik\u0117 ir ilgalaik\u0117 nuoma su stov\u0117jimo vieta automobiliui, po\u017eemin\u0117je aik\u0161tel\u0117je Vilnius centras Naujamiestis","breadcrumb":{"@id":"https:\/\/topfloor.lt\/pirkimo-ir-pardavimo-taisykles\/#breadcrumb"},"inLanguage":"ru-RU","potentialAction":[{"@type":"ReadAction","target":["https:\/\/topfloor.lt\/pirkimo-ir-pardavimo-taisykles\/"]}]},{"@type":"BreadcrumbList","@id":"https:\/\/topfloor.lt\/pirkimo-ir-pardavimo-taisykles\/#breadcrumb","itemListElement":[{"@type":"ListItem","position":1,"name":"Home","item":"https:\/\/topfloor.lt\/"},{"@type":"ListItem","position":2,"name":"Pirkimo ir pardavimo taisykl\u0117s"}]},{"@type":"WebSite","@id":"https:\/\/topfloor.lt\/#website","url":"https:\/\/topfloor.lt\/","name":"TopFloor.lt","description":"Apartament\u0173, buto, lofto trumpalaik\u0117 ir ilgalaik\u0117 nuoma su stov\u0117jimo vieta automobiliui, po\u017eemin\u0117je aik\u0161tel\u0117je Vilnius centras Naujamiestis","publisher":{"@id":"https:\/\/topfloor.lt\/#organization"},"potentialAction":[{"@type":"SearchAction","target":{"@type":"EntryPoint","urlTemplate":"https:\/\/topfloor.lt\/?s={search_term_string}"},"query-input":{"@type":"PropertyValueSpecification","valueRequired":true,"valueName":"search_term_string"}}],"inLanguage":"ru-RU"},{"@type":"Organization","@id":"https:\/\/topfloor.lt\/#organization","name":"TopFloor.lt","url":"https:\/\/topfloor.lt\/","logo":{"@type":"ImageObject","inLanguage":"ru-RU","@id":"https:\/\/topfloor.lt\/#\/schema\/logo\/image\/","url":"https:\/\/topfloor.lt\/wp-content\/uploads\/2024\/05\/Image_842EF4D6_95E2_E5BA_41D0_0BA973DF6A83_en.png","contentUrl":"https:\/\/topfloor.lt\/wp-content\/uploads\/2024\/05\/Image_842EF4D6_95E2_E5BA_41D0_0BA973DF6A83_en.png","width":1635,"height":1341,"caption":"TopFloor.lt"},"image":{"@id":"https:\/\/topfloor.lt\/#\/schema\/logo\/image\/"}}]}},"_links":{"self":[{"href":"https:\/\/topfloor.lt\/ru\/wp-json\/wp\/v2\/pages\/1595","targetHints":{"allow":["GET"]}}],"collection":[{"href":"https:\/\/topfloor.lt\/ru\/wp-json\/wp\/v2\/pages"}],"about":[{"href":"https:\/\/topfloor.lt\/ru\/wp-json\/wp\/v2\/types\/page"}],"author":[{"embeddable":true,"href":"https:\/\/topfloor.lt\/ru\/wp-json\/wp\/v2\/users\/1"}],"replies":[{"embeddable":true,"href":"https:\/\/topfloor.lt\/ru\/wp-json\/wp\/v2\/comments?post=1595"}],"version-history":[{"count":1,"href":"https:\/\/topfloor.lt\/ru\/wp-json\/wp\/v2\/pages\/1595\/revisions"}],"predecessor-version":[{"id":1596,"href":"https:\/\/topfloor.lt\/ru\/wp-json\/wp\/v2\/pages\/1595\/revisions\/1596"}],"wp:attachment":[{"href":"https:\/\/topfloor.lt\/ru\/wp-json\/wp\/v2\/media?parent=1595"}],"curies":[{"name":"wp","href":"https:\/\/api.w.org\/{rel}","templated":true}]}}