{"id":9,"date":"2021-11-14T01:43:47","date_gmt":"2021-11-14T01:43:47","guid":{"rendered":"https:\/\/themenectar.com\/salient\/architect\/?page_id=9"},"modified":"2025-07-07T12:23:23","modified_gmt":"2025-07-07T12:23:23","slug":"nauji-apartamentai-nuomai","status":"publish","type":"page","link":"https:\/\/topfloor.lt\/en\/nauji-apartamentai-nuomai\/","title":{"rendered":"Nauji apartamentai nuomai"},"content":{"rendered":"<div id=\"fws_69f16886dc99f\"  data-column-margin=\"default\" data-midnight=\"dark\"  class=\"wpb_row vc_row-fluid vc_row\"  style=\"padding-top: 0px; padding-bottom: 0px; \"><div class=\"row-bg-wrap\" data-bg-animation=\"none\" data-bg-animation-delay=\"\" data-bg-overlay=\"false\"><div class=\"inner-wrap row-bg-layer\" ><div class=\"row-bg viewport-desktop\"  style=\"\"><\/div><\/div><\/div><div class=\"row_col_wrap_12 col span_12 dark left\">\n\t<div  class=\"vc_col-sm-12 wpb_column column_container vc_column_container col no-extra-padding inherit_tablet inherit_phone\"  data-padding-pos=\"all\" data-has-bg-color=\"false\" data-bg-color=\"\" data-bg-opacity=\"1\" data-animation=\"\" data-delay=\"0\" >\n\t\t<div class=\"vc_column-inner\" >\n\t\t\t<div class=\"wpb_wrapper\">\n\t\t\t\t\n<div class=\"wpb_text_column wpb_content_element\" >\n\t<div class=\"wpb_wrapper\">\n\t\t<h1 style=\"text-align: center;\">Nauji apartamentai nuomai<\/h1>\n\t<\/div>\n<\/div>\n\n\n\n\n<div class=\"wpb_text_column wpb_content_element\" >\n\t<div class=\"wpb_wrapper\">\n\t\t<p style=\"text-align: center;\">Apartament\u0173, buto, lofto trumpalaik\u0117 ir ilgalaik\u0117 nuoma su stov\u0117jimo vieta automobiliui, po\u017eemin\u0117je aik\u0161tel\u0117je Vilnius centras Naujamiestis<\/p>\n\t<\/div>\n<\/div>\n\n\n\n\n\t\t\t<\/div> \n\t\t<\/div>\n\t<\/div> \n<\/div><\/div>\n\t\t<div id=\"fws_69f16886dcc53\"  data-column-margin=\"default\" data-midnight=\"dark\" data-top-percent=\"3%\" data-bottom-percent=\"4%\"  class=\"wpb_row vc_row-fluid vc_row full-width-section\"  style=\"padding-top: calc(100vw * 0.03); padding-bottom: calc(100vw * 0.04); \"><div class=\"row-bg-wrap\" data-bg-animation=\"none\" data-bg-animation-delay=\"\" data-bg-overlay=\"false\"><div class=\"inner-wrap row-bg-layer\" ><div class=\"row-bg viewport-desktop\"  style=\"\"><\/div><\/div><\/div><div class=\"row_col_wrap_12 col span_12 dark left\">\n\t<div  class=\"vc_col-sm-12 wpb_column column_container vc_column_container col no-extra-padding inherit_tablet inherit_phone\"  data-padding-pos=\"all\" data-has-bg-color=\"false\" data-bg-color=\"\" data-bg-opacity=\"1\" data-animation=\"\" data-delay=\"0\" >\n\t\t<div class=\"vc_column-inner\" >\n\t\t\t<div class=\"wpb_wrapper\">\n\t\t\t\t<div class='nectar-post-grid-wrap text-color-dark spacing-15px nectar-post-grid-wrap--fl-sidebar_left' data-el-settings='{\"post_type\":\"portfolio\",\"pagination\":\"none\",\"image_size\":\"large\",\"parallax_scrolling\":\"\",\"aspect_ratio_image_size\":\"\",\"category_position\":\"default\",\"category_display\":\"default\",\"display_categories\":\"yes\",\"display_excerpt\":\"0\",\"excerpt_length\":\"20\",\"display_date\":\"0\",\"display_estimated_reading_time\":\"0\",\"display_author\":\"0\",\"author_functionality\":\"default\",\"author_position\":\"default\",\"color_overlay\":\"\",\"color_overlay_opacity\":\"\",\"color_overlay_hover_opacity\":\"\",\"card_bg_color\":\"\",\"grid_style\":\"content_under_image\",\"hover_effect\":\"animated_underline_zoom\",\"post_title_overlay\":\"\",\"heading_tag\":\"default\",\"enable_gallery_lightbox\":\"0\",\"category_style\":\"underline\",\"overlay_secondary_project_image\":\"\",\"vertical_list_hover_effect\":\"none\",\"vertical_list_read_more\":\"\",\"read_more_button\":\"0\",\"animation\":\"fade-in-from-bottom\"}' data-style='content_under_image' data-query='{\"post_type\":\"portfolio\",\"posts_per_page\":\"-1\",\"order\":\"DESC\",\"orderby\":\"date\",\"offset\":\"0\",\"cpt_name\":\"post\",\"custom_query_tax\":\"\",\"ignore_sticky_posts\":\"\"}' data-load-more-color='black' data-load-more-text='Load More'><div class=\"nectar-post-grid-filters nectar-sticky-column-css\" data-active-color=\"extra-color-gradient-1\" data-align=\"sidebar_left\" data-animation=\"fade-in-from-bottom\" data-sortable=\"yes\"><h4>Filter<\/h4><div><a href=\"#\" class=\"active all-filter\" data-filter=\"-1\" data-total-count=\"4\">All<\/a><a href=\"#\" data-filter=\"apartamentu-nuoma-vilnius-centras-naujamiestis\" data-total-count=\"4\">Apartament\u0173 nuoma Vilnius centras Naujamiestis<\/a><a href=\"#\" data-filter=\"topfloor\" data-total-count=\"4\">TopFloor<\/a><\/div><\/div><div class=\"nectar-post-grid category-position-before-title\" data-indicator=\"yes\" data-indicator-style=\"default\" data-indicator-text-color=\"#ffffff\" data-indicator-color=\"#2b4a3b\" data-indicator-text=\"View\" data-masonry=\"yes\" data-columns=\"3\" data-hover-effect=\"animated_underline_zoom\" data-text-style=\"default\" data-border-radius=\"10px\" data-grid-item-height=\"50vh\" data-grid-spacing=\"15px\" data-text-layout=\"top_left\" data-text-color=\"dark\" data-text-hover-color=\"dark\" data-shadow-hover=\"\" data-animation=\"fade-in-from-bottom\" data-animation-stagger=\"90\" data-cat-click=\"static\"  data-lock-aspect=\"\"  data-text-align=\"left\" data-card=\"\" style=\"--post-grid-border-radius:10px;\" ><div class=\"nectar-post-grid-item nectar-underline\" data-post-id=\"475\" data-has-img=\"true\"> <div class=\"inner\"><div class=\"nectar-post-grid-item-bg-wrap\"><div class=\"nectar-post-grid-item-bg-wrap-inner\"><a class=\"bg-wrap-link\" aria-label=\"Single studio\" href=\"https:\/\/topfloor.lt\/en\/apartamentai\/vienviete-studija\/\"><\/a><div class=\"nectar-post-grid-item-bg\"><img loading=\"lazy\" decoding=\"async\" width=\"1024\" height=\"682\" src=\"https:\/\/topfloor.lt\/wp-content\/uploads\/2024\/05\/C3-1024x682.jpg\" class=\"attachment-large size-large\" alt=\"\" srcset=\"https:\/\/topfloor.lt\/wp-content\/uploads\/2024\/05\/C3-1024x682.jpg 1024w, https:\/\/topfloor.lt\/wp-content\/uploads\/2024\/05\/C3-600x400.jpg 600w, https:\/\/topfloor.lt\/wp-content\/uploads\/2024\/05\/C3-300x200.jpg 300w, https:\/\/topfloor.lt\/wp-content\/uploads\/2024\/05\/C3-768x512.jpg 768w, https:\/\/topfloor.lt\/wp-content\/uploads\/2024\/05\/C3-1536x1024.jpg 1536w, https:\/\/topfloor.lt\/wp-content\/uploads\/2024\/05\/C3-900x600.jpg 900w, https:\/\/topfloor.lt\/wp-content\/uploads\/2024\/05\/C3.jpg 1901w\" sizes=\"auto, (max-width: 1024px) 100vw, 1024px\" \/><\/div><\/div><\/div><div class=\"content\"><a class=\"nectar-post-grid-link\" href=\"https:\/\/topfloor.lt\/en\/apartamentai\/vienviete-studija\/\" aria-label=\"Single studio\"><\/a><span class=\"meta-category\"><a class=\"apartamentu-nuoma-vilnius-centras-naujamiestis style-underline\" href=\"https:\/\/topfloor.lt\/en\/project-type\/apartamentu-nuoma-vilnius-centras-naujamiestis\/\">Apartament\u0173 nuoma Vilnius centras Naujamiestis<\/a><a class=\"topfloor style-underline\" href=\"https:\/\/topfloor.lt\/en\/project-type\/topfloor\/\">TopFloor<\/a><\/span><div class=\"item-main\"><h3 class=\"post-heading\"><a href=\"https:\/\/topfloor.lt\/en\/apartamentai\/vienviete-studija\/\"><span>Single studio<\/span><\/a><\/h3><\/div><\/div><\/div><\/div><div class=\"nectar-post-grid-item nectar-underline\" data-post-id=\"473\" data-has-img=\"true\"> <div class=\"inner\"><div class=\"nectar-post-grid-item-bg-wrap\"><div class=\"nectar-post-grid-item-bg-wrap-inner\"><a class=\"bg-wrap-link\" aria-label=\"Double studio\" href=\"https:\/\/topfloor.lt\/en\/apartamentai\/dviviete-studija\/\"><\/a><div class=\"nectar-post-grid-item-bg\"><img loading=\"lazy\" decoding=\"async\" width=\"1024\" height=\"682\" src=\"https:\/\/topfloor.lt\/wp-content\/uploads\/2024\/05\/B3-1024x682.webp\" class=\"attachment-large size-large\" alt=\"\" srcset=\"https:\/\/topfloor.lt\/wp-content\/uploads\/2024\/05\/B3-1024x682.webp 1024w, https:\/\/topfloor.lt\/wp-content\/uploads\/2024\/05\/B3-600x400.webp 600w, https:\/\/topfloor.lt\/wp-content\/uploads\/2024\/05\/B3-300x200.webp 300w, https:\/\/topfloor.lt\/wp-content\/uploads\/2024\/05\/B3-768x512.webp 768w, https:\/\/topfloor.lt\/wp-content\/uploads\/2024\/05\/B3-1536x1024.webp 1536w, https:\/\/topfloor.lt\/wp-content\/uploads\/2024\/05\/B3-900x600.webp 900w, https:\/\/topfloor.lt\/wp-content\/uploads\/2024\/05\/B3.webp 1901w\" sizes=\"auto, (max-width: 1024px) 100vw, 1024px\" \/><\/div><\/div><\/div><div class=\"content\"><a class=\"nectar-post-grid-link\" href=\"https:\/\/topfloor.lt\/en\/apartamentai\/dviviete-studija\/\" aria-label=\"Double studio\"><\/a><span class=\"meta-category\"><a class=\"apartamentu-nuoma-vilnius-centras-naujamiestis style-underline\" href=\"https:\/\/topfloor.lt\/en\/project-type\/apartamentu-nuoma-vilnius-centras-naujamiestis\/\">Apartament\u0173 nuoma Vilnius centras Naujamiestis<\/a><a class=\"topfloor style-underline\" href=\"https:\/\/topfloor.lt\/en\/project-type\/topfloor\/\">TopFloor<\/a><\/span><div class=\"item-main\"><h3 class=\"post-heading\"><a href=\"https:\/\/topfloor.lt\/en\/apartamentai\/dviviete-studija\/\"><span>Double studio<\/span><\/a><\/h3><\/div><\/div><\/div><\/div><div class=\"nectar-post-grid-item nectar-underline\" data-post-id=\"469\" data-has-img=\"true\"> <div class=\"inner\"><div class=\"nectar-post-grid-item-bg-wrap\"><div class=\"nectar-post-grid-item-bg-wrap-inner\"><a class=\"bg-wrap-link\" aria-label=\"Triple studio\" href=\"https:\/\/topfloor.lt\/en\/apartamentai\/triviete-studija\/\"><\/a><div class=\"nectar-post-grid-item-bg\"><img loading=\"lazy\" decoding=\"async\" width=\"1024\" height=\"682\" src=\"https:\/\/topfloor.lt\/wp-content\/uploads\/2024\/05\/2a22-1024x682.webp\" class=\"attachment-large size-large\" alt=\"\" srcset=\"https:\/\/topfloor.lt\/wp-content\/uploads\/2024\/05\/2a22-1024x682.webp 1024w, https:\/\/topfloor.lt\/wp-content\/uploads\/2024\/05\/2a22-600x400.webp 600w, https:\/\/topfloor.lt\/wp-content\/uploads\/2024\/05\/2a22-300x200.webp 300w, https:\/\/topfloor.lt\/wp-content\/uploads\/2024\/05\/2a22-768x512.webp 768w, https:\/\/topfloor.lt\/wp-content\/uploads\/2024\/05\/2a22-1536x1024.webp 1536w, https:\/\/topfloor.lt\/wp-content\/uploads\/2024\/05\/2a22-900x600.webp 900w, https:\/\/topfloor.lt\/wp-content\/uploads\/2024\/05\/2a22.webp 1901w\" sizes=\"auto, (max-width: 1024px) 100vw, 1024px\" \/><\/div><\/div><\/div><div class=\"content\"><a class=\"nectar-post-grid-link\" href=\"https:\/\/topfloor.lt\/en\/apartamentai\/triviete-studija\/\" aria-label=\"Triple studio\"><\/a><span class=\"meta-category\"><a class=\"apartamentu-nuoma-vilnius-centras-naujamiestis style-underline\" href=\"https:\/\/topfloor.lt\/en\/project-type\/apartamentu-nuoma-vilnius-centras-naujamiestis\/\">Apartament\u0173 nuoma Vilnius centras Naujamiestis<\/a><a class=\"topfloor style-underline\" href=\"https:\/\/topfloor.lt\/en\/project-type\/topfloor\/\">TopFloor<\/a><\/span><div class=\"item-main\"><h3 class=\"post-heading\"><a href=\"https:\/\/topfloor.lt\/en\/apartamentai\/triviete-studija\/\"><span>Triple studio<\/span><\/a><\/h3><\/div><\/div><\/div><\/div><div class=\"nectar-post-grid-item nectar-underline\" data-post-id=\"144\" data-has-img=\"true\"> <div class=\"inner\"><div class=\"nectar-post-grid-item-bg-wrap\"><div class=\"nectar-post-grid-item-bg-wrap-inner\"><a class=\"bg-wrap-link\" aria-label=\"Loft with sauna\" href=\"https:\/\/topfloor.lt\/en\/apartamentai\/loftas-su-sauna\/\"><\/a><div class=\"nectar-post-grid-item-bg\"><img loading=\"lazy\" decoding=\"async\" width=\"1024\" height=\"755\" src=\"https:\/\/topfloor.lt\/wp-content\/uploads\/2021\/11\/Gal2aOK-1024x755.webp\" class=\"attachment-large size-large\" alt=\"\" srcset=\"https:\/\/topfloor.lt\/wp-content\/uploads\/2021\/11\/Gal2aOK-1024x755.webp 1024w, https:\/\/topfloor.lt\/wp-content\/uploads\/2021\/11\/Gal2aOK-600x443.webp 600w, https:\/\/topfloor.lt\/wp-content\/uploads\/2021\/11\/Gal2aOK-300x221.webp 300w, https:\/\/topfloor.lt\/wp-content\/uploads\/2021\/11\/Gal2aOK-768x566.webp 768w, https:\/\/topfloor.lt\/wp-content\/uploads\/2021\/11\/Gal2aOK-1536x1133.webp 1536w, https:\/\/topfloor.lt\/wp-content\/uploads\/2021\/11\/Gal2aOK-2048x1511.webp 2048w\" sizes=\"auto, (max-width: 1024px) 100vw, 1024px\" \/><\/div><\/div><\/div><div class=\"content\"><a class=\"nectar-post-grid-link\" href=\"https:\/\/topfloor.lt\/en\/apartamentai\/loftas-su-sauna\/\" aria-label=\"Loft with sauna\"><\/a><span class=\"meta-category\"><a class=\"apartamentu-nuoma-vilnius-centras-naujamiestis style-underline\" href=\"https:\/\/topfloor.lt\/en\/project-type\/apartamentu-nuoma-vilnius-centras-naujamiestis\/\">Apartament\u0173 nuoma Vilnius centras Naujamiestis<\/a><a class=\"topfloor style-underline\" href=\"https:\/\/topfloor.lt\/en\/project-type\/topfloor\/\">TopFloor<\/a><\/span><div class=\"item-main\"><h3 class=\"post-heading\"><a href=\"https:\/\/topfloor.lt\/en\/apartamentai\/loftas-su-sauna\/\"><span>Loft with sauna<\/span><\/a><\/h3><\/div><\/div><\/div><\/div><\/div><\/div>\n\t\t\t<\/div> \n\t\t<\/div>\n\t<\/div> \n<\/div><\/div>","protected":false},"excerpt":{"rendered":"","protected":false},"author":1,"featured_media":0,"parent":0,"menu_order":0,"comment_status":"closed","ping_status":"closed","template":"","meta":{"footnotes":""},"class_list":["post-9","page","type-page","status-publish"],"yoast_head":"<!-- This site is optimized with the Yoast SEO plugin v27.4 - https:\/\/yoast.com\/product\/yoast-seo-wordpress\/ -->\n<title>Nauji apartamentai nuomai - TopFloor.lt<\/title>\n<meta name=\"description\" content=\"Nauji apartamentai nuomai - Apartament\u0173, buto, lofto trumpalaik\u0117 ir ilgalaik\u0117 nuoma su stov\u0117jimo vieta automobiliui, po\u017eemin\u0117je aik\u0161tel\u0117je Vilnius centras Naujamiestis\" \/>\n<meta name=\"robots\" content=\"index, follow, max-snippet:-1, max-image-preview:large, max-video-preview:-1\" \/>\n<link rel=\"canonical\" href=\"https:\/\/topfloor.lt\/en\/nauji-apartamentai-nuomai\/\" \/>\n<meta property=\"og:locale\" content=\"en_GB\" \/>\n<meta property=\"og:type\" content=\"article\" \/>\n<meta property=\"og:title\" content=\"Nauji apartamentai nuomai - TopFloor.lt\" \/>\n<meta property=\"og:description\" content=\"Nauji apartamentai nuomai - Apartament\u0173, buto, lofto trumpalaik\u0117 ir ilgalaik\u0117 nuoma su stov\u0117jimo vieta automobiliui, po\u017eemin\u0117je aik\u0161tel\u0117je Vilnius centras Naujamiestis\" \/>\n<meta property=\"og:url\" content=\"https:\/\/topfloor.lt\/en\/nauji-apartamentai-nuomai\/\" \/>\n<meta property=\"og:site_name\" content=\"TopFloor.lt\" \/>\n<meta property=\"article:modified_time\" content=\"2025-07-07T12:23:23+00:00\" \/>\n<meta name=\"twitter:card\" content=\"summary_large_image\" \/>\n<meta name=\"twitter:label1\" content=\"Estimated reading time\" \/>\n\t<meta name=\"twitter:data1\" content=\"1 minute\" \/>\n<script type=\"application\/ld+json\" class=\"yoast-schema-graph\">{\"@context\":\"https:\\\/\\\/schema.org\",\"@graph\":[{\"@type\":\"WebPage\",\"@id\":\"https:\\\/\\\/topfloor.lt\\\/nauji-apartamentai-nuomai\\\/\",\"url\":\"https:\\\/\\\/topfloor.lt\\\/nauji-apartamentai-nuomai\\\/\",\"name\":\"Nauji apartamentai nuomai - TopFloor.lt\",\"isPartOf\":{\"@id\":\"https:\\\/\\\/topfloor.lt\\\/#website\"},\"datePublished\":\"2021-11-14T01:43:47+00:00\",\"dateModified\":\"2025-07-07T12:23:23+00:00\",\"description\":\"Nauji apartamentai nuomai - Apartament\u0173, buto, lofto trumpalaik\u0117 ir ilgalaik\u0117 nuoma su stov\u0117jimo vieta automobiliui, po\u017eemin\u0117je aik\u0161tel\u0117je Vilnius centras Naujamiestis\",\"breadcrumb\":{\"@id\":\"https:\\\/\\\/topfloor.lt\\\/nauji-apartamentai-nuomai\\\/#breadcrumb\"},\"inLanguage\":\"en-GB\",\"potentialAction\":[{\"@type\":\"ReadAction\",\"target\":[\"https:\\\/\\\/topfloor.lt\\\/nauji-apartamentai-nuomai\\\/\"]}]},{\"@type\":\"BreadcrumbList\",\"@id\":\"https:\\\/\\\/topfloor.lt\\\/nauji-apartamentai-nuomai\\\/#breadcrumb\",\"itemListElement\":[{\"@type\":\"ListItem\",\"position\":1,\"name\":\"Home\",\"item\":\"https:\\\/\\\/topfloor.lt\\\/\"},{\"@type\":\"ListItem\",\"position\":2,\"name\":\"Nauji apartamentai nuomai\"}]},{\"@type\":\"WebSite\",\"@id\":\"https:\\\/\\\/topfloor.lt\\\/#website\",\"url\":\"https:\\\/\\\/topfloor.lt\\\/\",\"name\":\"TopFloor.lt\",\"description\":\"Apartament\u0173, buto, lofto trumpalaik\u0117 ir ilgalaik\u0117 nuoma su stov\u0117jimo vieta automobiliui, po\u017eemin\u0117je aik\u0161tel\u0117je Vilnius centras Naujamiestis\",\"publisher\":{\"@id\":\"https:\\\/\\\/topfloor.lt\\\/#organization\"},\"potentialAction\":[{\"@type\":\"SearchAction\",\"target\":{\"@type\":\"EntryPoint\",\"urlTemplate\":\"https:\\\/\\\/topfloor.lt\\\/?s={search_term_string}\"},\"query-input\":{\"@type\":\"PropertyValueSpecification\",\"valueRequired\":true,\"valueName\":\"search_term_string\"}}],\"inLanguage\":\"en-GB\"},{\"@type\":\"Organization\",\"@id\":\"https:\\\/\\\/topfloor.lt\\\/#organization\",\"name\":\"TopFloor.lt\",\"url\":\"https:\\\/\\\/topfloor.lt\\\/\",\"logo\":{\"@type\":\"ImageObject\",\"inLanguage\":\"en-GB\",\"@id\":\"https:\\\/\\\/topfloor.lt\\\/#\\\/schema\\\/logo\\\/image\\\/\",\"url\":\"https:\\\/\\\/topfloor.lt\\\/wp-content\\\/uploads\\\/2024\\\/05\\\/Image_842EF4D6_95E2_E5BA_41D0_0BA973DF6A83_en.png\",\"contentUrl\":\"https:\\\/\\\/topfloor.lt\\\/wp-content\\\/uploads\\\/2024\\\/05\\\/Image_842EF4D6_95E2_E5BA_41D0_0BA973DF6A83_en.png\",\"width\":1635,\"height\":1341,\"caption\":\"TopFloor.lt\"},\"image\":{\"@id\":\"https:\\\/\\\/topfloor.lt\\\/#\\\/schema\\\/logo\\\/image\\\/\"}}]}<\/script>\n<!-- \/ Yoast SEO plugin. -->","yoast_head_json":{"title":"Nauji apartamentai nuomai - TopFloor.lt","description":"Nauji apartamentai nuomai - Apartament\u0173, buto, lofto trumpalaik\u0117 ir ilgalaik\u0117 nuoma su stov\u0117jimo vieta automobiliui, po\u017eemin\u0117je aik\u0161tel\u0117je Vilnius centras Naujamiestis","robots":{"index":"index","follow":"follow","max-snippet":"max-snippet:-1","max-image-preview":"max-image-preview:large","max-video-preview":"max-video-preview:-1"},"canonical":"https:\/\/topfloor.lt\/en\/nauji-apartamentai-nuomai\/","og_locale":"en_GB","og_type":"article","og_title":"Nauji apartamentai nuomai - TopFloor.lt","og_description":"Nauji apartamentai nuomai - Apartament\u0173, buto, lofto trumpalaik\u0117 ir ilgalaik\u0117 nuoma su stov\u0117jimo vieta automobiliui, po\u017eemin\u0117je aik\u0161tel\u0117je Vilnius centras Naujamiestis","og_url":"https:\/\/topfloor.lt\/en\/nauji-apartamentai-nuomai\/","og_site_name":"TopFloor.lt","article_modified_time":"2025-07-07T12:23:23+00:00","twitter_card":"summary_large_image","twitter_misc":{"Estimated reading time":"1 minute"},"schema":{"@context":"https:\/\/schema.org","@graph":[{"@type":"WebPage","@id":"https:\/\/topfloor.lt\/nauji-apartamentai-nuomai\/","url":"https:\/\/topfloor.lt\/nauji-apartamentai-nuomai\/","name":"Nauji apartamentai nuomai - TopFloor.lt","isPartOf":{"@id":"https:\/\/topfloor.lt\/#website"},"datePublished":"2021-11-14T01:43:47+00:00","dateModified":"2025-07-07T12:23:23+00:00","description":"Nauji apartamentai nuomai - Apartament\u0173, buto, lofto trumpalaik\u0117 ir ilgalaik\u0117 nuoma su stov\u0117jimo vieta automobiliui, po\u017eemin\u0117je aik\u0161tel\u0117je Vilnius centras Naujamiestis","breadcrumb":{"@id":"https:\/\/topfloor.lt\/nauji-apartamentai-nuomai\/#breadcrumb"},"inLanguage":"en-GB","potentialAction":[{"@type":"ReadAction","target":["https:\/\/topfloor.lt\/nauji-apartamentai-nuomai\/"]}]},{"@type":"BreadcrumbList","@id":"https:\/\/topfloor.lt\/nauji-apartamentai-nuomai\/#breadcrumb","itemListElement":[{"@type":"ListItem","position":1,"name":"Home","item":"https:\/\/topfloor.lt\/"},{"@type":"ListItem","position":2,"name":"Nauji apartamentai nuomai"}]},{"@type":"WebSite","@id":"https:\/\/topfloor.lt\/#website","url":"https:\/\/topfloor.lt\/","name":"TopFloor.lt","description":"Apartament\u0173, buto, lofto trumpalaik\u0117 ir ilgalaik\u0117 nuoma su stov\u0117jimo vieta automobiliui, po\u017eemin\u0117je aik\u0161tel\u0117je Vilnius centras Naujamiestis","publisher":{"@id":"https:\/\/topfloor.lt\/#organization"},"potentialAction":[{"@type":"SearchAction","target":{"@type":"EntryPoint","urlTemplate":"https:\/\/topfloor.lt\/?s={search_term_string}"},"query-input":{"@type":"PropertyValueSpecification","valueRequired":true,"valueName":"search_term_string"}}],"inLanguage":"en-GB"},{"@type":"Organization","@id":"https:\/\/topfloor.lt\/#organization","name":"TopFloor.lt","url":"https:\/\/topfloor.lt\/","logo":{"@type":"ImageObject","inLanguage":"en-GB","@id":"https:\/\/topfloor.lt\/#\/schema\/logo\/image\/","url":"https:\/\/topfloor.lt\/wp-content\/uploads\/2024\/05\/Image_842EF4D6_95E2_E5BA_41D0_0BA973DF6A83_en.png","contentUrl":"https:\/\/topfloor.lt\/wp-content\/uploads\/2024\/05\/Image_842EF4D6_95E2_E5BA_41D0_0BA973DF6A83_en.png","width":1635,"height":1341,"caption":"TopFloor.lt"},"image":{"@id":"https:\/\/topfloor.lt\/#\/schema\/logo\/image\/"}}]}},"_links":{"self":[{"href":"https:\/\/topfloor.lt\/en\/wp-json\/wp\/v2\/pages\/9","targetHints":{"allow":["GET"]}}],"collection":[{"href":"https:\/\/topfloor.lt\/en\/wp-json\/wp\/v2\/pages"}],"about":[{"href":"https:\/\/topfloor.lt\/en\/wp-json\/wp\/v2\/types\/page"}],"author":[{"embeddable":true,"href":"https:\/\/topfloor.lt\/en\/wp-json\/wp\/v2\/users\/1"}],"replies":[{"embeddable":true,"href":"https:\/\/topfloor.lt\/en\/wp-json\/wp\/v2\/comments?post=9"}],"version-history":[{"count":10,"href":"https:\/\/topfloor.lt\/en\/wp-json\/wp\/v2\/pages\/9\/revisions"}],"predecessor-version":[{"id":1711,"href":"https:\/\/topfloor.lt\/en\/wp-json\/wp\/v2\/pages\/9\/revisions\/1711"}],"wp:attachment":[{"href":"https:\/\/topfloor.lt\/en\/wp-json\/wp\/v2\/media?parent=9"}],"curies":[{"name":"wp","href":"https:\/\/api.w.org\/{rel}","templated":true}]}}