{"id":6,"date":"2021-11-14T01:42:25","date_gmt":"2021-11-14T01:42:25","guid":{"rendered":"https:\/\/themenectar.com\/salient\/architect\/?page_id=6"},"modified":"2025-07-07T12:02:49","modified_gmt":"2025-07-07T12:02:49","slug":"apie-mus","status":"publish","type":"page","link":"https:\/\/topfloor.lt\/en\/apie-mus\/","title":{"rendered":"Apie mus"},"content":{"rendered":"<div id=\"fws_69e12e399698d\"  data-column-margin=\"default\" data-midnight=\"dark\" data-top-percent=\"8%\" data-bottom-percent=\"10%\"  class=\"wpb_row vc_row-fluid vc_row full-width-content vc_row-o-equal-height vc_row-flex vc_row-o-content-middle  zindex-set right_padding_6pct left_padding_6pct top_padding_tablet_20pct top_padding_phone_25pct\"  style=\"padding-top: calc(100vw * 0.08); padding-bottom: calc(100vw * 0.10);  z-index: 100;\"><div class=\"row-bg-wrap\" data-bg-animation=\"fade-in\" data-bg-animation-delay=\"\" data-bg-overlay=\"false\"><div class=\"inner-wrap row-bg-layer\" ><div class=\"row-bg viewport-desktop\"  style=\"\"><\/div><\/div><\/div><div class=\"row_col_wrap_12 col span_12 dark left\">\n\t<div  class=\"vc_col-sm-12 wpb_column column_container vc_column_container col no-extra-padding inherit_tablet inherit_phone\"  data-padding-pos=\"all\" data-has-bg-color=\"false\" data-bg-color=\"\" data-bg-opacity=\"1\" data-animation=\"\" data-delay=\"0\" >\n\t\t<div class=\"vc_column-inner\" >\n\t\t\t<div class=\"wpb_wrapper\">\n\t\t\t\t<div id=\"fws_69e12e3996c55\" data-midnight=\"\" data-column-margin=\"default\" class=\"wpb_row vc_row-fluid vc_row inner_row vc_row-o-equal-height vc_row-flex vc_row-o-content-middle\"  style=\"\"><div class=\"row-bg-wrap\"> <div class=\"row-bg\" ><\/div> <\/div><div class=\"row_col_wrap_12_inner col span_12  left\">\n\t<div  class=\"vc_col-sm-4\/5 vc_col-md-9 wpb_column column_container vc_column_container col child_column no-extra-padding bottom_margin_tablet_20px inherit_tablet inherit_phone\"    data-t-w-inherits=\"small_desktop\" data-padding-pos=\"all\" data-has-bg-color=\"false\" data-bg-color=\"\" data-bg-opacity=\"1\" data-animation=\"\" data-delay=\"0\" >\n\t\t<div class=\"vc_column-inner\" >\n\t\t<div class=\"wpb_wrapper\">\n\t\t\t<div class=\"nectar-split-heading  font_size_9vw font_size_tablet_9vw font_size_phone_10vw\" data-align=\"default\" data-m-align=\"inherit\" data-text-effect=\"letter-reveal-bottom\" data-animation-type=\"line-reveal-by-space\" data-animation-delay=\"0\" data-animation-offset=\"\" data-m-rm-animation=\"true\" data-stagger=\"true\" data-custom-font-size=\"true\" style=\"font-size: 9vw; line-height: 9.9vw;\"><h1 >Apie mus<\/h1><\/div>\n\t\t<\/div> \n\t<\/div>\n\t<\/div> \n\n\t<div  class=\"vc_col-sm-1\/5 vc_col-md-3 wpb_column column_container vc_column_container col child_column has-animation no-extra-padding el_spacing_10px inherit_tablet inherit_phone mobile-disable-entrance-animation\"    data-t-w-inherits=\"small_desktop\" data-padding-pos=\"all\" data-has-bg-color=\"false\" data-bg-color=\"\" data-bg-opacity=\"1\" data-animation=\"fade-in-from-bottom\" data-delay=\"500\" >\n\t\t<div class=\"vc_column-inner\" >\n\t\t<div class=\"wpb_wrapper\">\n\t\t\t<div class=\"nectar-cta  alignment_tablet_default alignment_phone_default display_tablet_inherit display_phone_inline-block\" data-color=\"default\" data-using-bg=\"false\" data-display=\"block\" data-style=\"underline\" data-alignment=\"left\" data-text-color=\"custom\" style=\"margin-right: 25px; \"><h6 style=\"color: #0a0a0a;\"> <span class=\"link_wrap\" ><a  class=\"link_text\" style=\"border-color: #0a0a0a;\" role=\"button\" href=\"#values\">TopFloor Apartamentai<\/a><\/span><\/h6><\/div><div class=\"nectar-cta  alignment_tablet_default alignment_phone_default display_tablet_inherit display_phone_inline-block\" data-color=\"default\" data-using-bg=\"false\" data-display=\"block\" data-style=\"underline\" data-alignment=\"left\" data-text-color=\"custom\" style=\"margin-right: 25px; \"><h6 style=\"color: #0a0a0a;\"> <span class=\"link_wrap\" ><a  class=\"link_text\" style=\"border-color: #0a0a0a;\" role=\"button\" href=\"#values\">M\u016bs\u0173 Istorija<\/a><\/span><\/h6><\/div><div class=\"nectar-cta  alignment_tablet_default alignment_phone_default display_tablet_inherit display_phone_inline-block\" data-color=\"default\" data-using-bg=\"false\" data-display=\"block\" data-style=\"underline\" data-alignment=\"left\" data-text-color=\"custom\" ><h6 style=\"color: #0a0a0a;\"> <span class=\"link_wrap\" ><a  class=\"link_text\" style=\"border-color: #0a0a0a;\" role=\"button\" href=\"#values\">M\u016bs\u0173 Paslaugos<\/a><\/span><\/h6><\/div>\n\t\t<\/div> \n\t<\/div>\n\t<\/div> \n<\/div><\/div>\n\t\t\t<\/div> \n\t\t<\/div>\n\t<\/div> \n<\/div><\/div>\n\t\t<div id=\"fws_69e12e399713a\"  data-column-margin=\"default\" data-midnight=\"dark\"  class=\"wpb_row vc_row-fluid vc_row full-width-content vc_row-o-equal-height vc_row-flex vc_row-o-content-top  top_margin_-5pct right_padding_6pct left_padding_6pct\"  style=\"padding-top: 0px; padding-bottom: 0px; \"><div class=\"row-bg-wrap\" data-bg-animation=\"none\" data-bg-animation-delay=\"\" data-bg-overlay=\"false\"><div class=\"inner-wrap row-bg-layer\" ><div class=\"row-bg viewport-desktop\"  style=\"\"><\/div><\/div><\/div><div class=\"row_col_wrap_12 col span_12 dark left\">\n\t<div style=\"\" class=\"vc_col-sm-12 wpb_column column_container vc_column_container col has-animation no-extra-padding inherit_tablet inherit_phone mobile-disable-entrance-animation\" data-using-bg=\"true\" data-bg-cover=\"true\" data-padding-pos=\"all\" data-has-bg-color=\"false\" data-bg-color=\"\" data-bg-opacity=\"1\" data-animation=\"fade-in-from-bottom\" data-delay=\"600\" >\n\t\t<div class=\"vc_column-inner\" ><div class=\"column-image-bg-wrap column-bg-layer viewport-desktop\" data-n-parallax-bg=\"true\" data-parallax-speed=\"very_subtle\" data-bg-pos=\"center bottom\" data-bg-animation=\"none\" data-bg-overlay=\"false\"><div class=\"inner-wrap\"><div class=\"column-image-bg parallax-layer\" style=\" background-image: url('https:\/\/topfloor.lt\/wp-content\/uploads\/2024\/05\/ye.webp'); \"><\/div><\/div><\/div>\n\t\t\t<div class=\"wpb_wrapper\">\n\t\t\t\t<div class=\"divider-wrap height_tablet_70vh height_phone_50vh\" data-alignment=\"default\"><div style=\"height: 100vh;\" class=\"divider\"><\/div><\/div>\n\t\t\t<\/div> \n\t\t<\/div>\n\t<\/div> \n<\/div><\/div>\n\t\t<div id=\"values\"  data-column-margin=\"none\" data-midnight=\"dark\" data-top-percent=\"5%\" data-bottom-percent=\"5%\"  class=\"wpb_row vc_row-fluid vc_row full-width-content vc_row-o-equal-height vc_row-flex vc_row-o-content-top  right_padding_6pct left_padding_6pct top_padding_tablet_10pct bottom_padding_tablet_20pct\"  style=\"padding-top: calc(100vw * 0.05); padding-bottom: calc(100vw * 0.05); \"><div class=\"row-bg-wrap\" data-bg-animation=\"none\" data-bg-animation-delay=\"\" data-bg-overlay=\"false\"><div class=\"inner-wrap row-bg-layer\" ><div class=\"row-bg viewport-desktop\"  style=\"\"><\/div><\/div><\/div><div class=\"row_col_wrap_12 col span_12 dark left\">\n\t<div  class=\"vc_col-sm-12 wpb_column column_container vc_column_container col no-extra-padding inherit_tablet inherit_phone\"  data-padding-pos=\"all\" data-has-bg-color=\"false\" data-bg-color=\"\" data-bg-opacity=\"1\" data-animation=\"\" data-delay=\"0\" >\n\t\t<div class=\"vc_column-inner\" >\n\t\t\t<div class=\"wpb_wrapper\">\n\t\t\t\t<div id=\"fws_69e12e39976cf\" data-midnight=\"\" data-column-margin=\"none\" class=\"wpb_row vc_row-fluid vc_row inner_row\"  style=\"\"><div class=\"row-bg-wrap\"> <div class=\"row-bg\" ><\/div> <\/div><div class=\"row_col_wrap_12_inner col span_12  left\">\n\t<div  class=\"vc_col-sm-12 wpb_column column_container vc_column_container col child_column no-extra-padding inherit_tablet inherit_phone\"   data-padding-pos=\"all\" data-has-bg-color=\"false\" data-bg-color=\"\" data-bg-opacity=\"1\" data-animation=\"\" data-delay=\"0\" >\n\t\t<div class=\"vc_column-inner\" >\n\t\t<div class=\"wpb_wrapper\">\n\t\t\t<div class=\"nectar-split-heading  font_size_9vw font_size_tablet_8vw font_size_phone_10vw\" data-align=\"default\" data-m-align=\"inherit\" data-text-effect=\"letter-reveal-bottom\" data-animation-type=\"line-reveal-by-space\" data-animation-delay=\"0\" data-animation-offset=\"\" data-m-rm-animation=\"\" data-stagger=\"true\" data-custom-font-size=\"true\" style=\"font-size: 9vw; line-height: 9.9vw;\"><h1 >A Loftai, UAB<\/h1><\/div>\n\t\t<\/div> \n\t<\/div>\n\t<\/div> \n<\/div><\/div><div id=\"fws_69e12e39977fa\" data-midnight=\"\" data-column-margin=\"none\" class=\"wpb_row vc_row-fluid vc_row inner_row\"  style=\"\"><div class=\"row-bg-wrap\"> <div class=\"row-bg\" ><\/div> <\/div><div class=\"row_col_wrap_12_inner col span_12  left\">\n\t<div  class=\"vc_col-sm-12 wpb_column column_container vc_column_container col child_column no-extra-padding inherit_tablet inherit_phone\"   data-padding-pos=\"all\" data-has-bg-color=\"false\" data-bg-color=\"\" data-bg-opacity=\"1\" data-animation=\"\" data-delay=\"0\" >\n\t\t<div class=\"vc_column-inner\" >\n\t\t<div class=\"wpb_wrapper\">\n\t\t\t<div class=\"divider-wrap\" data-alignment=\"default\"><div style=\"margin-top: 22.5px; height: 1px; margin-bottom: 22.5px;\" data-width=\"100%\" data-animate=\"yes\" data-animation-delay=\"\" data-color=\"black\" class=\"divider-border\"><\/div><\/div>\n\t\t<\/div> \n\t<\/div>\n\t<\/div> \n<\/div><\/div><div id=\"fws_69e12e39978fc\" data-midnight=\"\" data-column-margin=\"none\" class=\"wpb_row vc_row-fluid vc_row inner_row vc_row-o-equal-height vc_row-flex vc_row-o-content-middle\"  style=\"\"><div class=\"row-bg-wrap\"> <div class=\"row-bg\" ><\/div> <\/div><div class=\"row_col_wrap_12_inner col span_12  left\">\n\t<div  class=\"vc_col-sm-8 vc_col-xs-10 wpb_column column_container vc_column_container col child_column has-animation padding-5-percent el_spacing_10px inherit_tablet inherit_phone\"   data-padding-pos=\"right\" data-has-bg-color=\"false\" data-bg-color=\"\" data-bg-opacity=\"1\" data-animation=\"fade-in-from-bottom\" data-delay=\"0\" >\n\t\t<div class=\"vc_column-inner\" >\n\t\t<div class=\"wpb_wrapper\">\n\t\t\t<div class=\"nectar-highlighted-text font_size_2vw\" data-style=\"full_text\" data-exp=\"default\" data-using-custom-color=\"true\" data-animation-delay=\"false\" data-color=\"#c6d6be\" data-color-gradient=\"#acd68f\" style=\"\"><h2>Apie Mus &#8211; <strong><em>TopFloor Apartamentai<\/em><\/strong>.<\/h2>\n<\/div>\n<div class=\"wpb_text_column wpb_content_element\" >\n\t<div class=\"wpb_wrapper\">\n\t\t<p>Sveiki atvyk\u0119 \u012f TopFloor &#8211; j\u016bs\u0173 antr\u0105 nam\u0173 erdv\u0119 Vilniuje! M\u016bs\u0173 \u0161eimos valdomi &#8222;self-check-in&#8221; apartamentai ir biuras yra strategi\u0161kai \u012fsik\u016br\u0119 Naujamies\u010dio rajone, \u0161alia pulsuojan\u010dio Vilniaus Senamies\u010dio ir pagrindini\u0173 susisiekimo mazg\u0173. \u010cia, vos u\u017e keli\u0173 \u017eingsni\u0173 nuo kult\u016bros ir istorijos lop\u0161io, si\u016blome jauki\u0105, \u0161iuolaiki\u0161k\u0105 ir patogi\u0105 apgyvendinimo patirt\u012f.<\/p>\n\t<\/div>\n<\/div>\n\n\n\n\n\t\t<\/div> \n\t<\/div>\n\t<\/div> \n\n\t<div  class=\"vc_col-sm-4 vc_col-xs-2 wpb_column column_container vc_column_container col child_column no-extra-padding inherit_tablet inherit_phone\"   data-padding-pos=\"all\" data-has-bg-color=\"false\" data-bg-color=\"\" data-bg-opacity=\"1\" data-animation=\"\" data-delay=\"0\" >\n\t\t<div class=\"vc_column-inner\" >\n\t\t<div class=\"wpb_wrapper\">\n\t\t\t<div class=\"nectar-split-heading  font_size_7vw font_size_tablet_70px font_size_phone_46px font_line_height_1px\" data-align=\"right\" data-m-align=\"inherit\" data-text-effect=\"letter-reveal-bottom\" data-animation-type=\"line-reveal-by-space\" data-animation-delay=\"0\" data-animation-offset=\"\" data-m-rm-animation=\"\" data-stagger=\"\" data-custom-font-size=\"true\" style=\"font-size: 7vw; line-height: 7.7vw;\"><h2 >01<\/h2><\/div>\n\t\t<\/div> \n\t<\/div>\n\t<\/div> \n<\/div><\/div><div id=\"fws_69e12e3997c59\" data-midnight=\"\" data-column-margin=\"none\" class=\"wpb_row vc_row-fluid vc_row inner_row\"  style=\"\"><div class=\"row-bg-wrap\"> <div class=\"row-bg\" ><\/div> <\/div><div class=\"row_col_wrap_12_inner col span_12  left\">\n\t<div  class=\"vc_col-sm-12 wpb_column column_container vc_column_container col child_column no-extra-padding inherit_tablet inherit_phone\"   data-padding-pos=\"all\" data-has-bg-color=\"false\" data-bg-color=\"\" data-bg-opacity=\"1\" data-animation=\"\" data-delay=\"0\" >\n\t\t<div class=\"vc_column-inner\" >\n\t\t<div class=\"wpb_wrapper\">\n\t\t\t<div class=\"divider-wrap\" data-alignment=\"default\"><div style=\"margin-top: 22.5px; height: 1px; margin-bottom: 22.5px;\" data-width=\"100%\" data-animate=\"yes\" data-animation-delay=\"\" data-color=\"black\" class=\"divider-border\"><\/div><\/div>\n\t\t<\/div> \n\t<\/div>\n\t<\/div> \n<\/div><\/div><div id=\"fws_69e12e3997d43\" data-midnight=\"\" data-column-margin=\"none\" class=\"wpb_row vc_row-fluid vc_row inner_row vc_row-o-equal-height vc_row-flex vc_row-o-content-middle\"  style=\"\"><div class=\"row-bg-wrap\"> <div class=\"row-bg\" ><\/div> <\/div><div class=\"row_col_wrap_12_inner col span_12  left\">\n\t<div  class=\"vc_col-sm-8 vc_col-xs-10 wpb_column column_container vc_column_container col child_column has-animation padding-5-percent el_spacing_10px inherit_tablet inherit_phone\"   data-padding-pos=\"right\" data-has-bg-color=\"false\" data-bg-color=\"\" data-bg-opacity=\"1\" data-animation=\"fade-in-from-bottom\" data-delay=\"0\" >\n\t\t<div class=\"vc_column-inner\" >\n\t\t<div class=\"wpb_wrapper\">\n\t\t\t<div class=\"nectar-highlighted-text font_size_2vw\" data-style=\"full_text\" data-exp=\"default\" data-using-custom-color=\"true\" data-animation-delay=\"false\" data-color=\"#c6d6be\" data-color-gradient=\"#acd68f\" style=\"\"><h2>M\u016bs\u0173 <strong><em>Istorija<\/em><\/strong>.<\/h2>\n<\/div>\n<div class=\"wpb_text_column wpb_content_element\" >\n\t<div class=\"wpb_wrapper\">\n\t\t<p>TopFloor buvo \u012fkurtas su viena ai\u0161kia vizija \u2013 suteikti sve\u010diams ne tik nakvyn\u0117s viet\u0105, bet ir nepakartojam\u0105 vie\u0161nag\u0117s patirt\u012f. M\u016bs\u0173 \u0161eimos verslo pamatus sud\u0117jo aistra svetingumui ir meil\u0117 Vilniui, kuris kiekvienais metais traukia vis daugiau lankytoj\u0173 i\u0161 viso pasaulio.<\/p>\n\t<\/div>\n<\/div>\n\n\n\n\n\t\t<\/div> \n\t<\/div>\n\t<\/div> \n\n\t<div  class=\"vc_col-sm-4 vc_col-xs-2 wpb_column column_container vc_column_container col child_column no-extra-padding inherit_tablet inherit_phone\"   data-padding-pos=\"all\" data-has-bg-color=\"false\" data-bg-color=\"\" data-bg-opacity=\"1\" data-animation=\"\" data-delay=\"0\" >\n\t\t<div class=\"vc_column-inner\" >\n\t\t<div class=\"wpb_wrapper\">\n\t\t\t<div class=\"nectar-split-heading  font_size_7vw font_size_tablet_70px font_size_phone_46px font_line_height_1px\" data-align=\"right\" data-m-align=\"inherit\" data-text-effect=\"letter-reveal-bottom\" data-animation-type=\"line-reveal-by-space\" data-animation-delay=\"0\" data-animation-offset=\"\" data-m-rm-animation=\"\" data-stagger=\"\" data-custom-font-size=\"true\" style=\"font-size: 7vw; line-height: 7.7vw;\"><h2 >02<\/h2><\/div>\n\t\t<\/div> \n\t<\/div>\n\t<\/div> \n<\/div><\/div><div id=\"fws_69e12e3997fca\" data-midnight=\"\" data-column-margin=\"none\" class=\"wpb_row vc_row-fluid vc_row inner_row\"  style=\"\"><div class=\"row-bg-wrap\"> <div class=\"row-bg\" ><\/div> <\/div><div class=\"row_col_wrap_12_inner col span_12  left\">\n\t<div  class=\"vc_col-sm-12 wpb_column column_container vc_column_container col child_column no-extra-padding inherit_tablet inherit_phone\"   data-padding-pos=\"all\" data-has-bg-color=\"false\" data-bg-color=\"\" data-bg-opacity=\"1\" data-animation=\"\" data-delay=\"0\" >\n\t\t<div class=\"vc_column-inner\" >\n\t\t<div class=\"wpb_wrapper\">\n\t\t\t<div class=\"divider-wrap\" data-alignment=\"default\"><div style=\"margin-top: 22.5px; height: 1px; margin-bottom: 22.5px;\" data-width=\"100%\" data-animate=\"yes\" data-animation-delay=\"\" data-color=\"black\" class=\"divider-border\"><\/div><\/div>\n\t\t<\/div> \n\t<\/div>\n\t<\/div> \n<\/div><\/div><div id=\"fws_69e12e39980b1\" data-midnight=\"\" data-column-margin=\"none\" class=\"wpb_row vc_row-fluid vc_row inner_row vc_row-o-equal-height vc_row-flex vc_row-o-content-middle\"  style=\"\"><div class=\"row-bg-wrap\"> <div class=\"row-bg\" ><\/div> <\/div><div class=\"row_col_wrap_12_inner col span_12  left\">\n\t<div  class=\"vc_col-sm-8 vc_col-xs-10 wpb_column column_container vc_column_container col child_column has-animation padding-5-percent el_spacing_10px inherit_tablet inherit_phone\"   data-padding-pos=\"right\" data-has-bg-color=\"false\" data-bg-color=\"\" data-bg-opacity=\"1\" data-animation=\"fade-in-from-bottom\" data-delay=\"0\" >\n\t\t<div class=\"vc_column-inner\" >\n\t\t<div class=\"wpb_wrapper\">\n\t\t\t<div class=\"nectar-highlighted-text font_size_2vw\" data-style=\"full_text\" data-exp=\"default\" data-using-custom-color=\"true\" data-animation-delay=\"false\" data-color=\"#c6d6be\" data-color-gradient=\"#acd68f\" style=\"\"><h2>M\u016bs\u0173 <strong><em>Paslaugos<\/em><\/strong>.<\/h2>\n<\/div>\n<div class=\"wpb_text_column wpb_content_element\" >\n\t<div class=\"wpb_wrapper\">\n\t\t<p>TopFloor apartamentai yra \u012frengti taip, kad kiekvienas sve\u010dias jaust\u0173si kaip namuose. Visi m\u016bs\u0173 apartamentai yra pilnai \u012frengti ir pritaikyti ilgalaikiams bei trumpalaikiams vie\u0161nag\u0117ms. Mes si\u016blome visapusi\u0161k\u0105 privatum\u0105 su &#8222;self-check-in&#8221; sistema, leid\u017eian\u010dia sve\u010diams atvykti ir i\u0161vykti j\u0173 patogiu laiku.<\/p>\n\t<\/div>\n<\/div>\n\n\n\n\n\t\t<\/div> \n\t<\/div>\n\t<\/div> \n\n\t<div  class=\"vc_col-sm-4 vc_col-xs-2 wpb_column column_container vc_column_container col child_column no-extra-padding inherit_tablet inherit_phone\"   data-padding-pos=\"all\" data-has-bg-color=\"false\" data-bg-color=\"\" data-bg-opacity=\"1\" data-animation=\"\" data-delay=\"0\" >\n\t\t<div class=\"vc_column-inner\" >\n\t\t<div class=\"wpb_wrapper\">\n\t\t\t<div class=\"nectar-split-heading  font_size_7vw font_size_tablet_70px font_size_phone_46px font_line_height_1px\" data-align=\"right\" data-m-align=\"inherit\" data-text-effect=\"letter-reveal-bottom\" data-animation-type=\"line-reveal-by-space\" data-animation-delay=\"0\" data-animation-offset=\"\" data-m-rm-animation=\"\" data-stagger=\"\" data-custom-font-size=\"true\" style=\"font-size: 7vw; line-height: 7.7vw;\"><h2 >03<\/h2><\/div>\n\t\t<\/div> \n\t<\/div>\n\t<\/div> \n<\/div><\/div>\n\t\t\t<\/div> \n\t\t<\/div>\n\t<\/div> \n<\/div><\/div>","protected":false},"excerpt":{"rendered":"Apie mus TopFloor Apartamentai M\u016bs\u0173 Istorija M\u016bs\u0173 Paslaugos A Loftai, UAB Apie Mus - TopFloor Apartamentai. Sveiki atvyk\u0119 \u012f TopFloor - j\u016bs\u0173 antr\u0105 nam\u0173 erdv\u0119 Vilniuje! M\u016bs\u0173 \u0161eimos valdomi \"self-check-in\"...","protected":false},"author":1,"featured_media":0,"parent":0,"menu_order":0,"comment_status":"closed","ping_status":"closed","template":"","meta":{"footnotes":""},"class_list":["post-6","page","type-page","status-publish"],"yoast_head":"<!-- This site is optimized with the Yoast SEO plugin v25.3 - https:\/\/yoast.com\/wordpress\/plugins\/seo\/ -->\n<title>Apie mus - TopFloor.lt<\/title>\n<meta name=\"description\" content=\"Apie mus - Apartament\u0173, buto, lofto trumpalaik\u0117 ir ilgalaik\u0117 nuoma su stov\u0117jimo vieta automobiliui, po\u017eemin\u0117je aik\u0161tel\u0117je Vilnius centras Naujamiestis\" \/>\n<meta name=\"robots\" content=\"index, follow, max-snippet:-1, max-image-preview:large, max-video-preview:-1\" \/>\n<link rel=\"canonical\" href=\"https:\/\/topfloor.lt\/en\/apie-mus\/\" \/>\n<meta property=\"og:locale\" content=\"en_GB\" \/>\n<meta property=\"og:type\" content=\"article\" \/>\n<meta property=\"og:title\" content=\"Apie mus - TopFloor.lt\" \/>\n<meta property=\"og:description\" content=\"Apie mus - Apartament\u0173, buto, lofto trumpalaik\u0117 ir ilgalaik\u0117 nuoma su stov\u0117jimo vieta automobiliui, po\u017eemin\u0117je aik\u0161tel\u0117je Vilnius centras Naujamiestis\" \/>\n<meta property=\"og:url\" content=\"https:\/\/topfloor.lt\/en\/apie-mus\/\" \/>\n<meta property=\"og:site_name\" content=\"TopFloor.lt\" \/>\n<meta property=\"article:modified_time\" content=\"2025-07-07T12:02:49+00:00\" \/>\n<meta name=\"twitter:card\" content=\"summary_large_image\" \/>\n<meta name=\"twitter:label1\" content=\"Estimated reading time\" \/>\n\t<meta name=\"twitter:data1\" content=\"5 minutes\" \/>\n<script type=\"application\/ld+json\" class=\"yoast-schema-graph\">{\"@context\":\"https:\/\/schema.org\",\"@graph\":[{\"@type\":\"WebPage\",\"@id\":\"https:\/\/topfloor.lt\/apie-mus\/\",\"url\":\"https:\/\/topfloor.lt\/apie-mus\/\",\"name\":\"Apie mus - TopFloor.lt\",\"isPartOf\":{\"@id\":\"https:\/\/topfloor.lt\/#website\"},\"datePublished\":\"2021-11-14T01:42:25+00:00\",\"dateModified\":\"2025-07-07T12:02:49+00:00\",\"description\":\"Apie mus - Apartament\u0173, buto, lofto trumpalaik\u0117 ir ilgalaik\u0117 nuoma su stov\u0117jimo vieta automobiliui, po\u017eemin\u0117je aik\u0161tel\u0117je Vilnius centras Naujamiestis\",\"breadcrumb\":{\"@id\":\"https:\/\/topfloor.lt\/apie-mus\/#breadcrumb\"},\"inLanguage\":\"en-GB\",\"potentialAction\":[{\"@type\":\"ReadAction\",\"target\":[\"https:\/\/topfloor.lt\/apie-mus\/\"]}]},{\"@type\":\"BreadcrumbList\",\"@id\":\"https:\/\/topfloor.lt\/apie-mus\/#breadcrumb\",\"itemListElement\":[{\"@type\":\"ListItem\",\"position\":1,\"name\":\"Home\",\"item\":\"https:\/\/topfloor.lt\/\"},{\"@type\":\"ListItem\",\"position\":2,\"name\":\"Apie mus\"}]},{\"@type\":\"WebSite\",\"@id\":\"https:\/\/topfloor.lt\/#website\",\"url\":\"https:\/\/topfloor.lt\/\",\"name\":\"TopFloor.lt\",\"description\":\"Apartament\u0173, buto, lofto trumpalaik\u0117 ir ilgalaik\u0117 nuoma su stov\u0117jimo vieta automobiliui, po\u017eemin\u0117je aik\u0161tel\u0117je Vilnius centras Naujamiestis\",\"publisher\":{\"@id\":\"https:\/\/topfloor.lt\/#organization\"},\"potentialAction\":[{\"@type\":\"SearchAction\",\"target\":{\"@type\":\"EntryPoint\",\"urlTemplate\":\"https:\/\/topfloor.lt\/?s={search_term_string}\"},\"query-input\":{\"@type\":\"PropertyValueSpecification\",\"valueRequired\":true,\"valueName\":\"search_term_string\"}}],\"inLanguage\":\"en-GB\"},{\"@type\":\"Organization\",\"@id\":\"https:\/\/topfloor.lt\/#organization\",\"name\":\"TopFloor.lt\",\"url\":\"https:\/\/topfloor.lt\/\",\"logo\":{\"@type\":\"ImageObject\",\"inLanguage\":\"en-GB\",\"@id\":\"https:\/\/topfloor.lt\/#\/schema\/logo\/image\/\",\"url\":\"https:\/\/topfloor.lt\/wp-content\/uploads\/2024\/05\/Image_842EF4D6_95E2_E5BA_41D0_0BA973DF6A83_en.png\",\"contentUrl\":\"https:\/\/topfloor.lt\/wp-content\/uploads\/2024\/05\/Image_842EF4D6_95E2_E5BA_41D0_0BA973DF6A83_en.png\",\"width\":1635,\"height\":1341,\"caption\":\"TopFloor.lt\"},\"image\":{\"@id\":\"https:\/\/topfloor.lt\/#\/schema\/logo\/image\/\"}}]}<\/script>\n<!-- \/ Yoast SEO plugin. -->","yoast_head_json":{"title":"Apie mus - TopFloor.lt","description":"Apie mus - Apartament\u0173, buto, lofto trumpalaik\u0117 ir ilgalaik\u0117 nuoma su stov\u0117jimo vieta automobiliui, po\u017eemin\u0117je aik\u0161tel\u0117je Vilnius centras Naujamiestis","robots":{"index":"index","follow":"follow","max-snippet":"max-snippet:-1","max-image-preview":"max-image-preview:large","max-video-preview":"max-video-preview:-1"},"canonical":"https:\/\/topfloor.lt\/en\/apie-mus\/","og_locale":"en_GB","og_type":"article","og_title":"Apie mus - TopFloor.lt","og_description":"Apie mus - Apartament\u0173, buto, lofto trumpalaik\u0117 ir ilgalaik\u0117 nuoma su stov\u0117jimo vieta automobiliui, po\u017eemin\u0117je aik\u0161tel\u0117je Vilnius centras Naujamiestis","og_url":"https:\/\/topfloor.lt\/en\/apie-mus\/","og_site_name":"TopFloor.lt","article_modified_time":"2025-07-07T12:02:49+00:00","twitter_card":"summary_large_image","twitter_misc":{"Estimated reading time":"5 minutes"},"schema":{"@context":"https:\/\/schema.org","@graph":[{"@type":"WebPage","@id":"https:\/\/topfloor.lt\/apie-mus\/","url":"https:\/\/topfloor.lt\/apie-mus\/","name":"Apie mus - TopFloor.lt","isPartOf":{"@id":"https:\/\/topfloor.lt\/#website"},"datePublished":"2021-11-14T01:42:25+00:00","dateModified":"2025-07-07T12:02:49+00:00","description":"Apie mus - Apartament\u0173, buto, lofto trumpalaik\u0117 ir ilgalaik\u0117 nuoma su stov\u0117jimo vieta automobiliui, po\u017eemin\u0117je aik\u0161tel\u0117je Vilnius centras Naujamiestis","breadcrumb":{"@id":"https:\/\/topfloor.lt\/apie-mus\/#breadcrumb"},"inLanguage":"en-GB","potentialAction":[{"@type":"ReadAction","target":["https:\/\/topfloor.lt\/apie-mus\/"]}]},{"@type":"BreadcrumbList","@id":"https:\/\/topfloor.lt\/apie-mus\/#breadcrumb","itemListElement":[{"@type":"ListItem","position":1,"name":"Home","item":"https:\/\/topfloor.lt\/"},{"@type":"ListItem","position":2,"name":"Apie mus"}]},{"@type":"WebSite","@id":"https:\/\/topfloor.lt\/#website","url":"https:\/\/topfloor.lt\/","name":"TopFloor.lt","description":"Apartament\u0173, buto, lofto trumpalaik\u0117 ir ilgalaik\u0117 nuoma su stov\u0117jimo vieta automobiliui, po\u017eemin\u0117je aik\u0161tel\u0117je Vilnius centras Naujamiestis","publisher":{"@id":"https:\/\/topfloor.lt\/#organization"},"potentialAction":[{"@type":"SearchAction","target":{"@type":"EntryPoint","urlTemplate":"https:\/\/topfloor.lt\/?s={search_term_string}"},"query-input":{"@type":"PropertyValueSpecification","valueRequired":true,"valueName":"search_term_string"}}],"inLanguage":"en-GB"},{"@type":"Organization","@id":"https:\/\/topfloor.lt\/#organization","name":"TopFloor.lt","url":"https:\/\/topfloor.lt\/","logo":{"@type":"ImageObject","inLanguage":"en-GB","@id":"https:\/\/topfloor.lt\/#\/schema\/logo\/image\/","url":"https:\/\/topfloor.lt\/wp-content\/uploads\/2024\/05\/Image_842EF4D6_95E2_E5BA_41D0_0BA973DF6A83_en.png","contentUrl":"https:\/\/topfloor.lt\/wp-content\/uploads\/2024\/05\/Image_842EF4D6_95E2_E5BA_41D0_0BA973DF6A83_en.png","width":1635,"height":1341,"caption":"TopFloor.lt"},"image":{"@id":"https:\/\/topfloor.lt\/#\/schema\/logo\/image\/"}}]}},"_links":{"self":[{"href":"https:\/\/topfloor.lt\/en\/wp-json\/wp\/v2\/pages\/6","targetHints":{"allow":["GET"]}}],"collection":[{"href":"https:\/\/topfloor.lt\/en\/wp-json\/wp\/v2\/pages"}],"about":[{"href":"https:\/\/topfloor.lt\/en\/wp-json\/wp\/v2\/types\/page"}],"author":[{"embeddable":true,"href":"https:\/\/topfloor.lt\/en\/wp-json\/wp\/v2\/users\/1"}],"replies":[{"embeddable":true,"href":"https:\/\/topfloor.lt\/en\/wp-json\/wp\/v2\/comments?post=6"}],"version-history":[{"count":10,"href":"https:\/\/topfloor.lt\/en\/wp-json\/wp\/v2\/pages\/6\/revisions"}],"predecessor-version":[{"id":663,"href":"https:\/\/topfloor.lt\/en\/wp-json\/wp\/v2\/pages\/6\/revisions\/663"}],"wp:attachment":[{"href":"https:\/\/topfloor.lt\/en\/wp-json\/wp\/v2\/media?parent=6"}],"curies":[{"name":"wp","href":"https:\/\/api.w.org\/{rel}","templated":true}]}}