{"id":1679,"date":"2025-07-07T08:35:31","date_gmt":"2025-07-07T08:35:31","guid":{"rendered":"https:\/\/topfloor.lt\/?page_id=1679"},"modified":"2025-07-08T07:47:43","modified_gmt":"2025-07-08T07:47:43","slug":"apartamentai-butai-atostogoms-vilnius-centras-naujamiestis","status":"publish","type":"page","link":"https:\/\/topfloor.lt\/en\/apartamentai-butai-atostogoms-vilnius-centras-naujamiestis\/","title":{"rendered":"Apartamentai, butai atostogoms Vilnius centras Naujamiestis"},"content":{"rendered":"<p>Butai (apartamentai) nuomai su po\u017eemine stov\u0117jimo vieta:<\/p>\n\n\n\n<p><\/p>\n\n\n\n<ol class=\"wp-block-list\">\n<li><a href=\"https:\/\/topfloor.lt\/en\/apartamentai\/vienviete-studija\/\"><strong>Vienviet\u0117 studija (butas, apartamentai)<\/strong><\/a><\/li>\n\n\n\n<li><a href=\"https:\/\/topfloor.lt\/en\/apartamentai\/dviviete-studija\/\"><strong>Dviviet\u0117 studija (butas, apartamentai)<\/strong><\/a><\/li>\n\n\n\n<li><a href=\"https:\/\/topfloor.lt\/en\/apartamentai\/triviete-studija\/\"><strong>Triviet\u0117 studija (butas, apartamentai)<\/strong><\/a><\/li>\n\n\n\n<li><a href=\"https:\/\/topfloor.lt\/en\/apartamentai\/loftas-su-sauna\/\"><strong>Loftas su sauna (butas, apartamentai)<\/strong><\/a><\/li>\n<\/ol>\n\n\n\n<hr class=\"wp-block-separator has-alpha-channel-opacity\"\/>\n\n\n\n<figure class=\"wp-block-gallery has-nested-images columns-default is-cropped wp-block-gallery-1 is-layout-flex wp-block-gallery-is-layout-flex\">\n<figure class=\"wp-block-image size-large\"><img loading=\"lazy\" decoding=\"async\" width=\"1024\" height=\"682\" data-id=\"1647\" src=\"https:\/\/topfloor.lt\/wp-content\/uploads\/2025\/07\/E14-1024x682.webp\" alt=\"\" class=\"wp-image-1647\" srcset=\"https:\/\/topfloor.lt\/wp-content\/uploads\/2025\/07\/E14-1024x682.webp 1024w, https:\/\/topfloor.lt\/wp-content\/uploads\/2025\/07\/E14-300x200.webp 300w, https:\/\/topfloor.lt\/wp-content\/uploads\/2025\/07\/E14-768x512.webp 768w, https:\/\/topfloor.lt\/wp-content\/uploads\/2025\/07\/E14-1536x1023.webp 1536w, https:\/\/topfloor.lt\/wp-content\/uploads\/2025\/07\/E14-18x12.webp 18w, https:\/\/topfloor.lt\/wp-content\/uploads\/2025\/07\/E14-900x600.webp 900w, https:\/\/topfloor.lt\/wp-content\/uploads\/2025\/07\/E14.webp 1600w\" sizes=\"auto, (max-width: 1024px) 100vw, 1024px\" \/><\/figure>\n\n\n\n<figure class=\"wp-block-image size-large\"><img loading=\"lazy\" decoding=\"async\" width=\"1024\" height=\"683\" data-id=\"1646\" src=\"https:\/\/topfloor.lt\/wp-content\/uploads\/2025\/07\/E33-1024x683.webp\" alt=\"\" class=\"wp-image-1646\" srcset=\"https:\/\/topfloor.lt\/wp-content\/uploads\/2025\/07\/E33-1024x683.webp 1024w, https:\/\/topfloor.lt\/wp-content\/uploads\/2025\/07\/E33-300x200.webp 300w, https:\/\/topfloor.lt\/wp-content\/uploads\/2025\/07\/E33-768x512.webp 768w, https:\/\/topfloor.lt\/wp-content\/uploads\/2025\/07\/E33-1536x1025.webp 1536w, https:\/\/topfloor.lt\/wp-content\/uploads\/2025\/07\/E33-2048x1366.webp 2048w, https:\/\/topfloor.lt\/wp-content\/uploads\/2025\/07\/E33-18x12.webp 18w, https:\/\/topfloor.lt\/wp-content\/uploads\/2025\/07\/E33-900x600.webp 900w\" sizes=\"auto, (max-width: 1024px) 100vw, 1024px\" \/><\/figure>\n\n\n\n<figure class=\"wp-block-image size-large\"><img loading=\"lazy\" decoding=\"async\" width=\"1024\" height=\"628\" data-id=\"1645\" src=\"https:\/\/topfloor.lt\/wp-content\/uploads\/2025\/07\/E34-1-1024x628.webp\" alt=\"\" class=\"wp-image-1645\" srcset=\"https:\/\/topfloor.lt\/wp-content\/uploads\/2025\/07\/E34-1-1024x628.webp 1024w, https:\/\/topfloor.lt\/wp-content\/uploads\/2025\/07\/E34-1-300x184.webp 300w, https:\/\/topfloor.lt\/wp-content\/uploads\/2025\/07\/E34-1-768x471.webp 768w, https:\/\/topfloor.lt\/wp-content\/uploads\/2025\/07\/E34-1-1536x942.webp 1536w, https:\/\/topfloor.lt\/wp-content\/uploads\/2025\/07\/E34-1-2048x1256.webp 2048w, https:\/\/topfloor.lt\/wp-content\/uploads\/2025\/07\/E34-1-18x12.webp 18w\" sizes=\"auto, (max-width: 1024px) 100vw, 1024px\" \/><\/figure>\n<\/figure>\n\n\n\n<hr class=\"wp-block-separator has-alpha-channel-opacity\"\/>\n\n\n\n<h3 class=\"wp-block-heading\"><strong>Vieta<\/strong><\/h3>\n\n\n\n<p>Vilniaus centras, <strong>Naujamiestis<\/strong> \u2013 patogi lokacija gyvenimui ar darbui:<\/p>\n\n\n\n<ul class=\"wp-block-list\">\n<li>10 min. p\u0117s\u010diomis iki Senamies\u010dio,<\/li>\n\n\n\n<li>puikus susisiekimas visuomeniniu transportu ir automobiliu.<\/li>\n\n\n\n<li>Restoranai ir kavin\u0117s: \u201eDemoloftas\u201c (\u012ftrauktas \u012f \u201eMichelin\u201c gid\u0105) \u2013 750 m, \u201e\u017demai\u010di\u0173 \u0105sotis\u201c (lietuvi\u0173 virtuv\u0117) \u2013 700 m, \u201eMeatbusters\u201c \u2013 100 m, \u201eDu\u0161anb\u0117\u201c (tad\u017eik\u0173 virtuv\u0117) \u2013 350 m, \u201eKinza\u201c (Vidurio Azijos virtuv\u0117) \u2013 1,1 km, \u201eCAFFEINNE\u201c (prie \u201eVinted\u201c) \u2013 500 m, \u201eBackstage Roastery Caf\u00e9\u201c \u2013 550 m, \u201eSparta Bar\u201c \u2013 450 m.,<\/li>\n\n\n\n<li>Turg\u016bs: Hal\u0117s turgus \u2013 1,5 km, Naugarduko gatv\u0117s turgus (sekmadieniais prie \u201eVinted\u201c) \u2013 500 m.,<\/li>\n\n\n\n<li>Sporto klubai: \u201eMovement LAB\u201c \u2013 280 m, \u201eGym Plius\u201c \u2013 750 m, \u201eImpuls\u201c \u2013 1,1 km.,<\/li>\n\n\n\n<li>Vilniaus gele\u017einkelio stotis \u2013 1,4 km,<\/li>\n\n\n\n<li>Vilniaus autobus\u0173 stotis \u2013 1,3 km,<\/li>\n\n\n\n<li>Vilniaus tarptautinis oro uostas \u2013 4 km,<\/li>\n\n\n\n<li>Vie\u0161ojo transporto stotel\u0117s: Vienaragi\u0173 \u2013 250 m, Naujamiestis \u2013 400 m,<\/li>\n\n\n\n<li>Prekybos centras \u2013 450 m,<\/li>\n\n\n\n<li>Senamiestis \u2013 1,5 km,<\/li>\n\n\n\n<li>Turizmo informacijos centras \u2013 2,4 km,<\/li>\n\n\n\n<li>Vingio parkas \u2013 1,7 km,<\/li>\n\n\n\n<li>Lenk\u0173 kult\u016bros namai \u2013 400 m,<\/li>\n\n\n\n<li>Migracijos departamentas (Vytenio g. 18) \u2013 650 m,<\/li>\n\n\n\n<li>Parod\u0173 ir konferencij\u0173 centras LITEXPO \u2013 4 km,<\/li>\n\n\n\n<li>Vaistin\u0117 \u2013 140 m,<\/li>\n\n\n\n<li>Degalin\u0117 \u2013 240 m.<\/li>\n<\/ul>\n\n\n\n<h3 class=\"wp-block-heading\"><strong>Butai<\/strong><\/h3>\n\n\n\n<ul class=\"wp-block-list\">\n<li><strong>Plotas<\/strong>: 20\u201355 m\u00b2 (priklauso nuo varianto)<\/li>\n\n\n\n<li><strong>Kambariai<\/strong>: svetain\u0117 su virtuve, miegamasis, vonios kambarys, sauna.<\/li>\n\n\n\n<li><strong>\u012erengimas<\/strong>: pilnai \u012frengtas ir paruo\u0161tas gyvenimui<\/li>\n\n\n\n<li><strong>Baldai<\/strong>: sofa, lova, drabu\u017ei\u0173 spinta, virtuv\u0117s komplektas, stalas, k\u0117d\u0117s<\/li>\n\n\n\n<li><strong>Buitin\u0117 technika<\/strong>: \u0161aldytuvas, orkait\u0117, kaitlent\u0117, skalbimo ma\u0161ina, televizorius.<\/li>\n\n\n\n<li><strong>Internetas ir TV<\/strong>: \u012fvesta<\/li>\n\n\n\n<li><strong>Air conditioning<\/strong><\/li>\n\n\n\n<li><strong>Indai<\/strong>: kavos aparatas, kava, arbata<\/li>\n\n\n\n<li><strong>Savitarnos skalbykla<\/strong><\/li>\n<\/ul>\n\n\n\n<h3 class=\"wp-block-heading\"><strong>Po\u017eemin\u0117 parkavimo vieta<\/strong><\/h3>\n\n\n\n<ul class=\"wp-block-list\">\n<li>Priklauso konkreti stov\u0117jimo vieta <strong>po\u017eemin\u0117je saugioje aik\u0161tel\u0117je<\/strong><\/li>\n\n\n\n<li>\u012eva\u017eiavimas su <strong>kortele<\/strong><\/li>\n\n\n\n<li>Tiesioginis liftas i\u0161 po\u017eeminio auk\u0161to \u012f gyvenam\u0105<\/li>\n\n\n\n<li>Aik\u0161tel\u0117 <strong>ap\u0161viesta, stebima kameromis<\/strong>, \u017eiem\u0105 \u2013 <strong>be sniego ir ledo<\/strong><\/li>\n<\/ul>\n\n\n\n<h3 class=\"wp-block-heading\"><strong>Nuomos s\u0105lygos<\/strong><\/h3>\n\n\n\n<h4 class=\"wp-block-heading\"> Trumpalaik\u0117 nuoma:<\/h4>\n\n\n\n<ul class=\"wp-block-list\">\n<li><strong>Trukm\u0117<\/strong>: nuo 1 nakties<\/li>\n\n\n\n<li><strong>Kaina<\/strong>: nuo <strong>45\u2013100 \u20ac\/parai<\/strong>, priklausomai nuo sezono ir trukm\u0117s, savait\u0117s dienos, buto tipo.<\/li>\n\n\n\n<li><strong>\u012e kain\u0105 \u012fskai\u010diuota<\/strong>: komunaliniai, Wi-Fi.<\/li>\n\n\n\n<li>Galimas <strong>apsistojimas savaitei ar m\u0117nesiui<\/strong> \u2013 taikomos <strong>nuolaidos<\/strong><\/li>\n<\/ul>\n\n\n\n<h4 class=\"wp-block-heading\"> Ilgalaik\u0117 nuoma:<\/h4>\n\n\n\n<ul class=\"wp-block-list\">\n<li><strong>Min. laikotarpis<\/strong>: nuo 1 m\u0117nesio<\/li>\n\n\n\n<li><strong>Kaina<\/strong>: 700 \u20ac\/m\u0117n. (kaina priklauso nuo trukm\u0117s, buto tipo, sezono ir pan&#8230;)<\/li>\n\n\n\n<li><strong>Po\u017eemin\u0117 vieta<\/strong> \u012fskai\u010diuota arba papildomai <strong>+60\u201390 \u20ac\/m\u0117n.<\/strong><\/li>\n\n\n\n<li>Reikalingas depozitas (1\u20132 m\u0117n.)<\/li>\n\n\n\n<li>Gyv\u016bnai \u2013 pagal susitarim\u0105<\/li>\n<\/ul>\n\n\n\n<h3 class=\"wp-block-heading\"><strong>Privalumai<\/strong><\/h3>\n\n\n\n<ul class=\"wp-block-list\">\n<li> Po\u017eemin\u0117 parkavimo vieta \u2013 patogu, saugu, vertinga<\/li>\n\n\n\n<li> Patogus i\u0161planavimas, modernus \u012frengimas<\/li>\n\n\n\n<li>A klas\u0117s pastatas \u2013 ma\u017eesni mokes\u010diai<\/li>\n\n\n\n<li> \u0160alia vie\u0161ojo transporto, verslo centr\u0173, parduotuvi\u0173<\/li>\n\n\n\n<li> Puikiai tinka porai, vienam asmeniui, komandiruotei ar investicijai<\/li>\n<\/ul>\n\n\n\n<h3 class=\"wp-block-heading\"><strong>Kontaktai ir u\u017esakymas<\/strong><\/h3>\n\n\n\n<ul class=\"wp-block-list\">\n<li>Galima rezervacija el. pa\u0161tu, telefonu arba savaranki\u0161kai &#8211; <a href=\"https:\/\/hotels.cloudbeds.com\/en\/reservation\/1CAKmi#checkin=2025-07-08&amp;checkout=2025-07-09\"><strong>per tinklalapio rezervacijos sistem\u0105<\/strong><\/a><\/li>\n\n\n\n<li>I\u0161ra\u0161omos PVM s\u0105skaitos fakt\u016bros (jei reikia verslui)<\/li>\n\n\n\n<li>Ap\u017ei\u016bros galimos sutartu laiku.<\/li>\n<\/ul>\n\n\n\n<h2 class=\"wp-block-heading\">Saugumas<\/h2>\n\n\n\n<ul class=\"wp-block-list\">\n<li>Bendro naudojimo patalpos <strong>stebimos kameromis<\/strong><\/li>\n\n\n\n<li>Durys \u2013 <strong>\u0161arvuotos<\/strong>, telefonspyn\u0117, domofonas<\/li>\n\n\n\n<li>Gyvenamasis namas turi u\u017edar\u0105 vidin\u012f kiem\u0105<\/li>\n<\/ul>\n\n\n\n<hr class=\"wp-block-separator has-alpha-channel-opacity\"\/>\n\n\n\n<figure class=\"wp-block-gallery has-nested-images columns-5 is-cropped wp-block-gallery-2 is-layout-flex wp-block-gallery-is-layout-flex\">\n<figure class=\"wp-block-image size-large\"><img loading=\"lazy\" decoding=\"async\" width=\"683\" height=\"1024\" data-id=\"1652\" src=\"https:\/\/topfloor.lt\/wp-content\/uploads\/2025\/07\/E8-683x1024.webp\" alt=\"\" class=\"wp-image-1652\" srcset=\"https:\/\/topfloor.lt\/wp-content\/uploads\/2025\/07\/E8-683x1024.webp 683w, https:\/\/topfloor.lt\/wp-content\/uploads\/2025\/07\/E8-200x300.webp 200w, https:\/\/topfloor.lt\/wp-content\/uploads\/2025\/07\/E8-768x1151.webp 768w, https:\/\/topfloor.lt\/wp-content\/uploads\/2025\/07\/E8-1025x1536.webp 1025w, https:\/\/topfloor.lt\/wp-content\/uploads\/2025\/07\/E8-8x12.webp 8w, https:\/\/topfloor.lt\/wp-content\/uploads\/2025\/07\/E8.webp 1265w\" sizes=\"auto, (max-width: 683px) 100vw, 683px\" \/><\/figure>\n\n\n\n<figure class=\"wp-block-image size-large\"><img loading=\"lazy\" decoding=\"async\" width=\"682\" height=\"1024\" data-id=\"1654\" src=\"https:\/\/topfloor.lt\/wp-content\/uploads\/2025\/07\/E5-682x1024.webp\" alt=\"\" class=\"wp-image-1654\" srcset=\"https:\/\/topfloor.lt\/wp-content\/uploads\/2025\/07\/E5-682x1024.webp 682w, https:\/\/topfloor.lt\/wp-content\/uploads\/2025\/07\/E5-200x300.webp 200w, https:\/\/topfloor.lt\/wp-content\/uploads\/2025\/07\/E5-768x1152.webp 768w, https:\/\/topfloor.lt\/wp-content\/uploads\/2025\/07\/E5-1024x1536.webp 1024w, https:\/\/topfloor.lt\/wp-content\/uploads\/2025\/07\/E5-8x12.webp 8w, https:\/\/topfloor.lt\/wp-content\/uploads\/2025\/07\/E5.webp 1267w\" sizes=\"auto, (max-width: 682px) 100vw, 682px\" \/><\/figure>\n\n\n\n<figure class=\"wp-block-image size-large\"><img loading=\"lazy\" decoding=\"async\" width=\"682\" height=\"1024\" data-id=\"1653\" src=\"https:\/\/topfloor.lt\/wp-content\/uploads\/2025\/07\/E4-682x1024.webp\" alt=\"\" class=\"wp-image-1653\" srcset=\"https:\/\/topfloor.lt\/wp-content\/uploads\/2025\/07\/E4-682x1024.webp 682w, https:\/\/topfloor.lt\/wp-content\/uploads\/2025\/07\/E4-200x300.webp 200w, https:\/\/topfloor.lt\/wp-content\/uploads\/2025\/07\/E4-768x1152.webp 768w, https:\/\/topfloor.lt\/wp-content\/uploads\/2025\/07\/E4-1024x1536.webp 1024w, https:\/\/topfloor.lt\/wp-content\/uploads\/2025\/07\/E4-8x12.webp 8w, https:\/\/topfloor.lt\/wp-content\/uploads\/2025\/07\/E4.webp 1267w\" sizes=\"auto, (max-width: 682px) 100vw, 682px\" \/><\/figure>\n\n\n\n<figure class=\"wp-block-image size-large\"><img loading=\"lazy\" decoding=\"async\" width=\"682\" height=\"1024\" data-id=\"1656\" src=\"https:\/\/topfloor.lt\/wp-content\/uploads\/2025\/07\/E3-682x1024.webp\" alt=\"\" class=\"wp-image-1656\" srcset=\"https:\/\/topfloor.lt\/wp-content\/uploads\/2025\/07\/E3-682x1024.webp 682w, https:\/\/topfloor.lt\/wp-content\/uploads\/2025\/07\/E3-200x300.webp 200w, https:\/\/topfloor.lt\/wp-content\/uploads\/2025\/07\/E3-768x1152.webp 768w, https:\/\/topfloor.lt\/wp-content\/uploads\/2025\/07\/E3-1024x1536.webp 1024w, https:\/\/topfloor.lt\/wp-content\/uploads\/2025\/07\/E3-8x12.webp 8w, https:\/\/topfloor.lt\/wp-content\/uploads\/2025\/07\/E3.webp 1267w\" sizes=\"auto, (max-width: 682px) 100vw, 682px\" \/><\/figure>\n\n\n\n<figure class=\"wp-block-image size-large\"><img loading=\"lazy\" decoding=\"async\" width=\"682\" height=\"1024\" data-id=\"1657\" src=\"https:\/\/topfloor.lt\/wp-content\/uploads\/2025\/07\/E1-682x1024.webp\" alt=\"\" class=\"wp-image-1657\" srcset=\"https:\/\/topfloor.lt\/wp-content\/uploads\/2025\/07\/E1-682x1024.webp 682w, https:\/\/topfloor.lt\/wp-content\/uploads\/2025\/07\/E1-200x300.webp 200w, https:\/\/topfloor.lt\/wp-content\/uploads\/2025\/07\/E1-768x1152.webp 768w, https:\/\/topfloor.lt\/wp-content\/uploads\/2025\/07\/E1-1024x1536.webp 1024w, https:\/\/topfloor.lt\/wp-content\/uploads\/2025\/07\/E1-8x12.webp 8w, https:\/\/topfloor.lt\/wp-content\/uploads\/2025\/07\/E1.webp 1267w\" sizes=\"auto, (max-width: 682px) 100vw, 682px\" \/><\/figure>\n<\/figure>\n\n\n\n<hr class=\"wp-block-separator has-alpha-channel-opacity\"\/>","protected":false},"excerpt":{"rendered":"<p>Butai (apartamentai) nuomai su po\u017eemine stov\u0117jimo vieta: Vieta Vilniaus centras, Naujamiestis \u2013 patogi lokacija gyvenimui ar darbui: Butai Po\u017eemin\u0117 parkavimo vieta Nuomos s\u0105lygos Trumpalaik\u0117 nuoma: Ilgalaik\u0117 nuoma: Privalumai Kontaktai ir&#8230;<\/p>","protected":false},"author":1,"featured_media":1498,"parent":0,"menu_order":0,"comment_status":"closed","ping_status":"open","template":"","meta":{"footnotes":""},"class_list":["post-1679","page","type-page","status-publish","has-post-thumbnail"],"yoast_head":"<!-- This site is optimized with the Yoast SEO plugin v25.3 - https:\/\/yoast.com\/wordpress\/plugins\/seo\/ -->\n<title>Apartamentai, butai atostogoms Vilnius centras Naujamiestis - TopFloor.lt<\/title>\n<meta name=\"description\" content=\"Apartamentai ir butai atostogoms Vilnius centras Naujamiestis\" \/>\n<meta name=\"robots\" content=\"index, follow, max-snippet:-1, max-image-preview:large, max-video-preview:-1\" \/>\n<link rel=\"canonical\" href=\"https:\/\/topfloor.lt\/en\/apartamentai-butai-atostogoms-vilnius-centras-naujamiestis\/\" \/>\n<meta property=\"og:locale\" content=\"en_GB\" \/>\n<meta property=\"og:type\" content=\"article\" \/>\n<meta property=\"og:title\" content=\"Apartamentai, butai atostogoms Vilnius centras Naujamiestis - TopFloor.lt\" \/>\n<meta property=\"og:description\" content=\"Apartamentai ir butai atostogoms Vilnius centras Naujamiestis\" \/>\n<meta property=\"og:url\" content=\"https:\/\/topfloor.lt\/en\/apartamentai-butai-atostogoms-vilnius-centras-naujamiestis\/\" \/>\n<meta property=\"og:site_name\" content=\"TopFloor.lt\" \/>\n<meta property=\"article:modified_time\" content=\"2025-07-08T07:47:43+00:00\" \/>\n<meta property=\"og:image\" content=\"https:\/\/topfloor.lt\/wp-content\/uploads\/2024\/08\/loft_edit_2.jpg\" \/>\n\t<meta property=\"og:image:width\" content=\"640\" \/>\n\t<meta property=\"og:image:height\" content=\"427\" \/>\n\t<meta property=\"og:image:type\" content=\"image\/jpeg\" \/>\n<meta name=\"twitter:card\" content=\"summary_large_image\" \/>\n<meta name=\"twitter:label1\" content=\"Estimated reading time\" \/>\n\t<meta name=\"twitter:data1\" content=\"4 minutes\" \/>\n<script type=\"application\/ld+json\" class=\"yoast-schema-graph\">{\"@context\":\"https:\/\/schema.org\",\"@graph\":[{\"@type\":\"WebPage\",\"@id\":\"https:\/\/topfloor.lt\/apartamentai-butai-atostogoms-vilnius-centras-naujamiestis\/\",\"url\":\"https:\/\/topfloor.lt\/apartamentai-butai-atostogoms-vilnius-centras-naujamiestis\/\",\"name\":\"Apartamentai, butai atostogoms Vilnius centras Naujamiestis - TopFloor.lt\",\"isPartOf\":{\"@id\":\"https:\/\/topfloor.lt\/#website\"},\"primaryImageOfPage\":{\"@id\":\"https:\/\/topfloor.lt\/apartamentai-butai-atostogoms-vilnius-centras-naujamiestis\/#primaryimage\"},\"image\":{\"@id\":\"https:\/\/topfloor.lt\/apartamentai-butai-atostogoms-vilnius-centras-naujamiestis\/#primaryimage\"},\"thumbnailUrl\":\"https:\/\/topfloor.lt\/wp-content\/uploads\/2024\/08\/loft_edit_2.jpg\",\"datePublished\":\"2025-07-07T08:35:31+00:00\",\"dateModified\":\"2025-07-08T07:47:43+00:00\",\"description\":\"Apartamentai ir butai atostogoms Vilnius centras Naujamiestis\",\"breadcrumb\":{\"@id\":\"https:\/\/topfloor.lt\/apartamentai-butai-atostogoms-vilnius-centras-naujamiestis\/#breadcrumb\"},\"inLanguage\":\"en-GB\",\"potentialAction\":[{\"@type\":\"ReadAction\",\"target\":[\"https:\/\/topfloor.lt\/apartamentai-butai-atostogoms-vilnius-centras-naujamiestis\/\"]}]},{\"@type\":\"ImageObject\",\"inLanguage\":\"en-GB\",\"@id\":\"https:\/\/topfloor.lt\/apartamentai-butai-atostogoms-vilnius-centras-naujamiestis\/#primaryimage\",\"url\":\"https:\/\/topfloor.lt\/wp-content\/uploads\/2024\/08\/loft_edit_2.jpg\",\"contentUrl\":\"https:\/\/topfloor.lt\/wp-content\/uploads\/2024\/08\/loft_edit_2.jpg\",\"width\":640,\"height\":427},{\"@type\":\"BreadcrumbList\",\"@id\":\"https:\/\/topfloor.lt\/apartamentai-butai-atostogoms-vilnius-centras-naujamiestis\/#breadcrumb\",\"itemListElement\":[{\"@type\":\"ListItem\",\"position\":1,\"name\":\"Home\",\"item\":\"https:\/\/topfloor.lt\/\"},{\"@type\":\"ListItem\",\"position\":2,\"name\":\"Apartamentai, butai atostogoms Vilnius centras Naujamiestis\"}]},{\"@type\":\"WebSite\",\"@id\":\"https:\/\/topfloor.lt\/#website\",\"url\":\"https:\/\/topfloor.lt\/\",\"name\":\"TopFloor.lt\",\"description\":\"Apartament\u0173, buto, lofto trumpalaik\u0117 ir ilgalaik\u0117 nuoma su stov\u0117jimo vieta automobiliui, po\u017eemin\u0117je aik\u0161tel\u0117je Vilnius centras Naujamiestis\",\"publisher\":{\"@id\":\"https:\/\/topfloor.lt\/#organization\"},\"potentialAction\":[{\"@type\":\"SearchAction\",\"target\":{\"@type\":\"EntryPoint\",\"urlTemplate\":\"https:\/\/topfloor.lt\/?s={search_term_string}\"},\"query-input\":{\"@type\":\"PropertyValueSpecification\",\"valueRequired\":true,\"valueName\":\"search_term_string\"}}],\"inLanguage\":\"en-GB\"},{\"@type\":\"Organization\",\"@id\":\"https:\/\/topfloor.lt\/#organization\",\"name\":\"TopFloor.lt\",\"url\":\"https:\/\/topfloor.lt\/\",\"logo\":{\"@type\":\"ImageObject\",\"inLanguage\":\"en-GB\",\"@id\":\"https:\/\/topfloor.lt\/#\/schema\/logo\/image\/\",\"url\":\"https:\/\/topfloor.lt\/wp-content\/uploads\/2024\/05\/Image_842EF4D6_95E2_E5BA_41D0_0BA973DF6A83_en.png\",\"contentUrl\":\"https:\/\/topfloor.lt\/wp-content\/uploads\/2024\/05\/Image_842EF4D6_95E2_E5BA_41D0_0BA973DF6A83_en.png\",\"width\":1635,\"height\":1341,\"caption\":\"TopFloor.lt\"},\"image\":{\"@id\":\"https:\/\/topfloor.lt\/#\/schema\/logo\/image\/\"}}]}<\/script>\n<!-- \/ Yoast SEO plugin. -->","yoast_head_json":{"title":"Apartamentai, butai atostogoms Vilnius centras Naujamiestis - TopFloor.lt","description":"Apartamentai ir butai atostogoms Vilnius centras Naujamiestis","robots":{"index":"index","follow":"follow","max-snippet":"max-snippet:-1","max-image-preview":"max-image-preview:large","max-video-preview":"max-video-preview:-1"},"canonical":"https:\/\/topfloor.lt\/en\/apartamentai-butai-atostogoms-vilnius-centras-naujamiestis\/","og_locale":"en_GB","og_type":"article","og_title":"Apartamentai, butai atostogoms Vilnius centras Naujamiestis - TopFloor.lt","og_description":"Apartamentai ir butai atostogoms Vilnius centras Naujamiestis","og_url":"https:\/\/topfloor.lt\/en\/apartamentai-butai-atostogoms-vilnius-centras-naujamiestis\/","og_site_name":"TopFloor.lt","article_modified_time":"2025-07-08T07:47:43+00:00","og_image":[{"width":640,"height":427,"url":"https:\/\/topfloor.lt\/wp-content\/uploads\/2024\/08\/loft_edit_2.jpg","type":"image\/jpeg"}],"twitter_card":"summary_large_image","twitter_misc":{"Estimated reading time":"4 minutes"},"schema":{"@context":"https:\/\/schema.org","@graph":[{"@type":"WebPage","@id":"https:\/\/topfloor.lt\/apartamentai-butai-atostogoms-vilnius-centras-naujamiestis\/","url":"https:\/\/topfloor.lt\/apartamentai-butai-atostogoms-vilnius-centras-naujamiestis\/","name":"Apartamentai, butai atostogoms Vilnius centras Naujamiestis - TopFloor.lt","isPartOf":{"@id":"https:\/\/topfloor.lt\/#website"},"primaryImageOfPage":{"@id":"https:\/\/topfloor.lt\/apartamentai-butai-atostogoms-vilnius-centras-naujamiestis\/#primaryimage"},"image":{"@id":"https:\/\/topfloor.lt\/apartamentai-butai-atostogoms-vilnius-centras-naujamiestis\/#primaryimage"},"thumbnailUrl":"https:\/\/topfloor.lt\/wp-content\/uploads\/2024\/08\/loft_edit_2.jpg","datePublished":"2025-07-07T08:35:31+00:00","dateModified":"2025-07-08T07:47:43+00:00","description":"Apartamentai ir butai atostogoms Vilnius centras Naujamiestis","breadcrumb":{"@id":"https:\/\/topfloor.lt\/apartamentai-butai-atostogoms-vilnius-centras-naujamiestis\/#breadcrumb"},"inLanguage":"en-GB","potentialAction":[{"@type":"ReadAction","target":["https:\/\/topfloor.lt\/apartamentai-butai-atostogoms-vilnius-centras-naujamiestis\/"]}]},{"@type":"ImageObject","inLanguage":"en-GB","@id":"https:\/\/topfloor.lt\/apartamentai-butai-atostogoms-vilnius-centras-naujamiestis\/#primaryimage","url":"https:\/\/topfloor.lt\/wp-content\/uploads\/2024\/08\/loft_edit_2.jpg","contentUrl":"https:\/\/topfloor.lt\/wp-content\/uploads\/2024\/08\/loft_edit_2.jpg","width":640,"height":427},{"@type":"BreadcrumbList","@id":"https:\/\/topfloor.lt\/apartamentai-butai-atostogoms-vilnius-centras-naujamiestis\/#breadcrumb","itemListElement":[{"@type":"ListItem","position":1,"name":"Home","item":"https:\/\/topfloor.lt\/"},{"@type":"ListItem","position":2,"name":"Apartamentai, butai atostogoms Vilnius centras Naujamiestis"}]},{"@type":"WebSite","@id":"https:\/\/topfloor.lt\/#website","url":"https:\/\/topfloor.lt\/","name":"TopFloor.lt","description":"Apartament\u0173, buto, lofto trumpalaik\u0117 ir ilgalaik\u0117 nuoma su stov\u0117jimo vieta automobiliui, po\u017eemin\u0117je aik\u0161tel\u0117je Vilnius centras Naujamiestis","publisher":{"@id":"https:\/\/topfloor.lt\/#organization"},"potentialAction":[{"@type":"SearchAction","target":{"@type":"EntryPoint","urlTemplate":"https:\/\/topfloor.lt\/?s={search_term_string}"},"query-input":{"@type":"PropertyValueSpecification","valueRequired":true,"valueName":"search_term_string"}}],"inLanguage":"en-GB"},{"@type":"Organization","@id":"https:\/\/topfloor.lt\/#organization","name":"TopFloor.lt","url":"https:\/\/topfloor.lt\/","logo":{"@type":"ImageObject","inLanguage":"en-GB","@id":"https:\/\/topfloor.lt\/#\/schema\/logo\/image\/","url":"https:\/\/topfloor.lt\/wp-content\/uploads\/2024\/05\/Image_842EF4D6_95E2_E5BA_41D0_0BA973DF6A83_en.png","contentUrl":"https:\/\/topfloor.lt\/wp-content\/uploads\/2024\/05\/Image_842EF4D6_95E2_E5BA_41D0_0BA973DF6A83_en.png","width":1635,"height":1341,"caption":"TopFloor.lt"},"image":{"@id":"https:\/\/topfloor.lt\/#\/schema\/logo\/image\/"}}]}},"_links":{"self":[{"href":"https:\/\/topfloor.lt\/en\/wp-json\/wp\/v2\/pages\/1679","targetHints":{"allow":["GET"]}}],"collection":[{"href":"https:\/\/topfloor.lt\/en\/wp-json\/wp\/v2\/pages"}],"about":[{"href":"https:\/\/topfloor.lt\/en\/wp-json\/wp\/v2\/types\/page"}],"author":[{"embeddable":true,"href":"https:\/\/topfloor.lt\/en\/wp-json\/wp\/v2\/users\/1"}],"replies":[{"embeddable":true,"href":"https:\/\/topfloor.lt\/en\/wp-json\/wp\/v2\/comments?post=1679"}],"version-history":[{"count":3,"href":"https:\/\/topfloor.lt\/en\/wp-json\/wp\/v2\/pages\/1679\/revisions"}],"predecessor-version":[{"id":1741,"href":"https:\/\/topfloor.lt\/en\/wp-json\/wp\/v2\/pages\/1679\/revisions\/1741"}],"wp:featuredmedia":[{"embeddable":true,"href":"https:\/\/topfloor.lt\/en\/wp-json\/wp\/v2\/media\/1498"}],"wp:attachment":[{"href":"https:\/\/topfloor.lt\/en\/wp-json\/wp\/v2\/media?parent=1679"}],"curies":[{"name":"wp","href":"https:\/\/api.w.org\/{rel}","templated":true}]}}