{"id":1595,"date":"2025-02-02T17:17:49","date_gmt":"2025-02-02T17:17:49","guid":{"rendered":"https:\/\/topfloor.lt\/?page_id=1595"},"modified":"2025-07-07T12:26:11","modified_gmt":"2025-07-07T12:26:11","slug":"pirkimo-ir-pardavimo-taisykles","status":"publish","type":"page","link":"https:\/\/topfloor.lt\/en\/pirkimo-ir-pardavimo-taisykles\/","title":{"rendered":"Buying and selling rules"},"content":{"rendered":"<p><strong>\u2013 General terms and conditions of the company (company name, registration number, address).<\/strong><\/p>\n\n\n\n<p>\u201cA Loftai\u201d JSC. Company code: 305617453. Address: V. Grybo Str. 41B-17, Vilnius 10320, Lithuania.<\/p>\n\n\n\n<p><strong>\u2013 Payment procedure (payment methods \u2013 payment cards, how and when the Customer will receive reservation confirmation).<\/strong><\/p>\n\n\n\n<p>You can pay for the reservations in a newer and safer way \u2013 <strong>KLIX<\/strong>. This is a payment method created by Citadele Bank, which ensures the security of your data and money. <strong>KLIX<\/strong> offers the option to pay by card and directly from a bank account.<\/p>\n\n\n\n<p><strong>KLIX<\/strong><strong> Pay by card <\/strong>\u2013 the ability to pay with VISA and Mastercard cards. When making a payment for the first time, the buyer can agree in the payment form that the card details will be saved in the <strong>KLIX<\/strong> app. If you agree to save your card details, the next time you visit any website with <strong>KLIX<\/strong> you will be able to pay faster because your card details will already be automatically filled in. <strong>KLIX<\/strong> card payment system complies with the requirements of the Payment Card Industry Data Security Standard (PCI DSS).<\/p>\n\n\n\n<p><strong>KLIX<\/strong><strong> payments<\/strong> from a bank account. This is a fast and secure payment method that allows you to pay for your online purchases. To make a payment, select your bank, log in, and confirm the payment. <strong>KLIX<\/strong> is a secure bank payment initiator providing a service in accordance with the European Union Directive 2007\/64\/EC Payment Services (PSD 1).<\/p>\n\n\n\n<p>If necessary, the services can be paid for with a payment card that does not belong to the guest. In this case, the phone number of the cardholder must be provided. If necessary, we will contact that person to confirm that they agree to pay for the services. If the cardholder cannot be reached by phone, we reserve the right to cancel the reservation.<\/p>\n\n\n\n<p><strong>\u2013 Reservation payment and confirmation procedure (time, deadlines, etc.).<\/strong><\/p>\n\n\n\n<p>After successfully completing your reservation, you will receive a confirmation and no more than 2 days before check-in, if you have not made payment by other methods, you will receive an advance invoice with a request to pay for the reservation by the selected method via <strong>KLIX<\/strong>. After payment, you will receive check-in information on the day of check-in, when the apartment is ready for your stay.<\/p>\n\n\n\n<p>If you need an invoice and a document that can be used for accounting, please provide company or other necessary details. We will issue an invoice on the day of check-out.<\/p>\n\n\n\n<p><strong>\u2013 Transaction cancellation and refund procedure.<\/strong><\/p>\n\n\n\n<p>Cancellation Policy: If payment is made and the reservation is later cancelled or if the guest does not show up at the property without prior notice, 100% of the reservation amount will be charged and will not be refunded.<\/p>\n\n\n\n<p>In case of violation of the general rules of the accommodation establishment, which results in the termination of the service contract and the guest being required to leave the accommodation establishment, the amount paid for the stay is not refunded.<\/p>\n\n\n\n<p>If necessary, refunds are made within 5 business days from the date of reservation cancellation.<\/p>\n\n\n\n<p>Contact us by email for reservation cancellation and refund at hello@topfloor.lt.<\/p>\n\n\n\n<p>The money is refunded using the same payment method that the Customer used to complete the transaction.<\/p>\n\n\n\n<p><strong>\u2013 Dispute resolution conditions.<\/strong><\/p>\n\n\n\n<p>The information provided on this website applies to the services provided by TopFloor Apartments (UAB \"A Loftai\"). Our partners (<strong>KLIX<\/strong> etc.) may have different rules, so please contact them directly.<\/p>","protected":false},"excerpt":{"rendered":"<p>&#8211; Bendrosios parduotuv\u0117s prekybos s\u0105lygos (\u012fmon\u0117s pavadinimas, registracijos numeris, adresas). UAB \u201eA Loftai\u201c,\u012fmon\u0117s kodas 305617453, adresas: V. Grybo g. 41B-17, Vilnius 10320, Lietuva. &#8211; Mok\u0117jimo tvarka (mok\u0117jimo b\u016bdai &#8211; mok\u0117jimo&#8230;<\/p>","protected":false},"author":1,"featured_media":0,"parent":0,"menu_order":0,"comment_status":"closed","ping_status":"closed","template":"","meta":{"footnotes":""},"class_list":["post-1595","page","type-page","status-publish"],"yoast_head":"<!-- This site is optimized with the Yoast SEO plugin v25.3 - https:\/\/yoast.com\/wordpress\/plugins\/seo\/ -->\n<title>Pirkimo ir pardavimo taisykl\u0117s - TopFloor.lt<\/title>\n<meta name=\"description\" content=\"Pirkimo ir pardavimo taisykl\u0117s - Apartament\u0173, buto, lofto trumpalaik\u0117 ir ilgalaik\u0117 nuoma su stov\u0117jimo vieta automobiliui, po\u017eemin\u0117je aik\u0161tel\u0117je Vilnius centras Naujamiestis\" \/>\n<meta name=\"robots\" content=\"index, follow, max-snippet:-1, max-image-preview:large, max-video-preview:-1\" \/>\n<link rel=\"canonical\" href=\"https:\/\/topfloor.lt\/en\/pirkimo-ir-pardavimo-taisykles\/\" \/>\n<meta property=\"og:locale\" content=\"en_GB\" \/>\n<meta property=\"og:type\" content=\"article\" \/>\n<meta property=\"og:title\" content=\"Pirkimo ir pardavimo taisykl\u0117s - TopFloor.lt\" \/>\n<meta property=\"og:description\" content=\"Pirkimo ir pardavimo taisykl\u0117s - Apartament\u0173, buto, lofto trumpalaik\u0117 ir ilgalaik\u0117 nuoma su stov\u0117jimo vieta automobiliui, po\u017eemin\u0117je aik\u0161tel\u0117je Vilnius centras Naujamiestis\" \/>\n<meta property=\"og:url\" content=\"https:\/\/topfloor.lt\/en\/pirkimo-ir-pardavimo-taisykles\/\" \/>\n<meta property=\"og:site_name\" content=\"TopFloor.lt\" \/>\n<meta property=\"article:modified_time\" content=\"2025-07-07T12:26:11+00:00\" \/>\n<meta name=\"twitter:card\" content=\"summary_large_image\" \/>\n<meta name=\"twitter:label1\" content=\"Estimated reading time\" \/>\n\t<meta name=\"twitter:data1\" content=\"2 minutes\" \/>\n<script type=\"application\/ld+json\" class=\"yoast-schema-graph\">{\"@context\":\"https:\/\/schema.org\",\"@graph\":[{\"@type\":\"WebPage\",\"@id\":\"https:\/\/topfloor.lt\/pirkimo-ir-pardavimo-taisykles\/\",\"url\":\"https:\/\/topfloor.lt\/pirkimo-ir-pardavimo-taisykles\/\",\"name\":\"Pirkimo ir pardavimo taisykl\u0117s - TopFloor.lt\",\"isPartOf\":{\"@id\":\"https:\/\/topfloor.lt\/#website\"},\"datePublished\":\"2025-02-02T17:17:49+00:00\",\"dateModified\":\"2025-07-07T12:26:11+00:00\",\"description\":\"Pirkimo ir pardavimo taisykl\u0117s - Apartament\u0173, buto, lofto trumpalaik\u0117 ir ilgalaik\u0117 nuoma su stov\u0117jimo vieta automobiliui, po\u017eemin\u0117je aik\u0161tel\u0117je Vilnius centras Naujamiestis\",\"breadcrumb\":{\"@id\":\"https:\/\/topfloor.lt\/pirkimo-ir-pardavimo-taisykles\/#breadcrumb\"},\"inLanguage\":\"en-GB\",\"potentialAction\":[{\"@type\":\"ReadAction\",\"target\":[\"https:\/\/topfloor.lt\/pirkimo-ir-pardavimo-taisykles\/\"]}]},{\"@type\":\"BreadcrumbList\",\"@id\":\"https:\/\/topfloor.lt\/pirkimo-ir-pardavimo-taisykles\/#breadcrumb\",\"itemListElement\":[{\"@type\":\"ListItem\",\"position\":1,\"name\":\"Home\",\"item\":\"https:\/\/topfloor.lt\/\"},{\"@type\":\"ListItem\",\"position\":2,\"name\":\"Pirkimo ir pardavimo taisykl\u0117s\"}]},{\"@type\":\"WebSite\",\"@id\":\"https:\/\/topfloor.lt\/#website\",\"url\":\"https:\/\/topfloor.lt\/\",\"name\":\"TopFloor.lt\",\"description\":\"Apartament\u0173, buto, lofto trumpalaik\u0117 ir ilgalaik\u0117 nuoma su stov\u0117jimo vieta automobiliui, po\u017eemin\u0117je aik\u0161tel\u0117je Vilnius centras Naujamiestis\",\"publisher\":{\"@id\":\"https:\/\/topfloor.lt\/#organization\"},\"potentialAction\":[{\"@type\":\"SearchAction\",\"target\":{\"@type\":\"EntryPoint\",\"urlTemplate\":\"https:\/\/topfloor.lt\/?s={search_term_string}\"},\"query-input\":{\"@type\":\"PropertyValueSpecification\",\"valueRequired\":true,\"valueName\":\"search_term_string\"}}],\"inLanguage\":\"en-GB\"},{\"@type\":\"Organization\",\"@id\":\"https:\/\/topfloor.lt\/#organization\",\"name\":\"TopFloor.lt\",\"url\":\"https:\/\/topfloor.lt\/\",\"logo\":{\"@type\":\"ImageObject\",\"inLanguage\":\"en-GB\",\"@id\":\"https:\/\/topfloor.lt\/#\/schema\/logo\/image\/\",\"url\":\"https:\/\/topfloor.lt\/wp-content\/uploads\/2024\/05\/Image_842EF4D6_95E2_E5BA_41D0_0BA973DF6A83_en.png\",\"contentUrl\":\"https:\/\/topfloor.lt\/wp-content\/uploads\/2024\/05\/Image_842EF4D6_95E2_E5BA_41D0_0BA973DF6A83_en.png\",\"width\":1635,\"height\":1341,\"caption\":\"TopFloor.lt\"},\"image\":{\"@id\":\"https:\/\/topfloor.lt\/#\/schema\/logo\/image\/\"}}]}<\/script>\n<!-- \/ Yoast SEO plugin. -->","yoast_head_json":{"title":"Pirkimo ir pardavimo taisykl\u0117s - TopFloor.lt","description":"Pirkimo ir pardavimo taisykl\u0117s - Apartament\u0173, buto, lofto trumpalaik\u0117 ir ilgalaik\u0117 nuoma su stov\u0117jimo vieta automobiliui, po\u017eemin\u0117je aik\u0161tel\u0117je Vilnius centras Naujamiestis","robots":{"index":"index","follow":"follow","max-snippet":"max-snippet:-1","max-image-preview":"max-image-preview:large","max-video-preview":"max-video-preview:-1"},"canonical":"https:\/\/topfloor.lt\/en\/pirkimo-ir-pardavimo-taisykles\/","og_locale":"en_GB","og_type":"article","og_title":"Pirkimo ir pardavimo taisykl\u0117s - TopFloor.lt","og_description":"Pirkimo ir pardavimo taisykl\u0117s - Apartament\u0173, buto, lofto trumpalaik\u0117 ir ilgalaik\u0117 nuoma su stov\u0117jimo vieta automobiliui, po\u017eemin\u0117je aik\u0161tel\u0117je Vilnius centras Naujamiestis","og_url":"https:\/\/topfloor.lt\/en\/pirkimo-ir-pardavimo-taisykles\/","og_site_name":"TopFloor.lt","article_modified_time":"2025-07-07T12:26:11+00:00","twitter_card":"summary_large_image","twitter_misc":{"Estimated reading time":"2 minutes"},"schema":{"@context":"https:\/\/schema.org","@graph":[{"@type":"WebPage","@id":"https:\/\/topfloor.lt\/pirkimo-ir-pardavimo-taisykles\/","url":"https:\/\/topfloor.lt\/pirkimo-ir-pardavimo-taisykles\/","name":"Pirkimo ir pardavimo taisykl\u0117s - TopFloor.lt","isPartOf":{"@id":"https:\/\/topfloor.lt\/#website"},"datePublished":"2025-02-02T17:17:49+00:00","dateModified":"2025-07-07T12:26:11+00:00","description":"Pirkimo ir pardavimo taisykl\u0117s - Apartament\u0173, buto, lofto trumpalaik\u0117 ir ilgalaik\u0117 nuoma su stov\u0117jimo vieta automobiliui, po\u017eemin\u0117je aik\u0161tel\u0117je Vilnius centras Naujamiestis","breadcrumb":{"@id":"https:\/\/topfloor.lt\/pirkimo-ir-pardavimo-taisykles\/#breadcrumb"},"inLanguage":"en-GB","potentialAction":[{"@type":"ReadAction","target":["https:\/\/topfloor.lt\/pirkimo-ir-pardavimo-taisykles\/"]}]},{"@type":"BreadcrumbList","@id":"https:\/\/topfloor.lt\/pirkimo-ir-pardavimo-taisykles\/#breadcrumb","itemListElement":[{"@type":"ListItem","position":1,"name":"Home","item":"https:\/\/topfloor.lt\/"},{"@type":"ListItem","position":2,"name":"Pirkimo ir pardavimo taisykl\u0117s"}]},{"@type":"WebSite","@id":"https:\/\/topfloor.lt\/#website","url":"https:\/\/topfloor.lt\/","name":"TopFloor.lt","description":"Apartament\u0173, buto, lofto trumpalaik\u0117 ir ilgalaik\u0117 nuoma su stov\u0117jimo vieta automobiliui, po\u017eemin\u0117je aik\u0161tel\u0117je Vilnius centras Naujamiestis","publisher":{"@id":"https:\/\/topfloor.lt\/#organization"},"potentialAction":[{"@type":"SearchAction","target":{"@type":"EntryPoint","urlTemplate":"https:\/\/topfloor.lt\/?s={search_term_string}"},"query-input":{"@type":"PropertyValueSpecification","valueRequired":true,"valueName":"search_term_string"}}],"inLanguage":"en-GB"},{"@type":"Organization","@id":"https:\/\/topfloor.lt\/#organization","name":"TopFloor.lt","url":"https:\/\/topfloor.lt\/","logo":{"@type":"ImageObject","inLanguage":"en-GB","@id":"https:\/\/topfloor.lt\/#\/schema\/logo\/image\/","url":"https:\/\/topfloor.lt\/wp-content\/uploads\/2024\/05\/Image_842EF4D6_95E2_E5BA_41D0_0BA973DF6A83_en.png","contentUrl":"https:\/\/topfloor.lt\/wp-content\/uploads\/2024\/05\/Image_842EF4D6_95E2_E5BA_41D0_0BA973DF6A83_en.png","width":1635,"height":1341,"caption":"TopFloor.lt"},"image":{"@id":"https:\/\/topfloor.lt\/#\/schema\/logo\/image\/"}}]}},"_links":{"self":[{"href":"https:\/\/topfloor.lt\/en\/wp-json\/wp\/v2\/pages\/1595","targetHints":{"allow":["GET"]}}],"collection":[{"href":"https:\/\/topfloor.lt\/en\/wp-json\/wp\/v2\/pages"}],"about":[{"href":"https:\/\/topfloor.lt\/en\/wp-json\/wp\/v2\/types\/page"}],"author":[{"embeddable":true,"href":"https:\/\/topfloor.lt\/en\/wp-json\/wp\/v2\/users\/1"}],"replies":[{"embeddable":true,"href":"https:\/\/topfloor.lt\/en\/wp-json\/wp\/v2\/comments?post=1595"}],"version-history":[{"count":1,"href":"https:\/\/topfloor.lt\/en\/wp-json\/wp\/v2\/pages\/1595\/revisions"}],"predecessor-version":[{"id":1596,"href":"https:\/\/topfloor.lt\/en\/wp-json\/wp\/v2\/pages\/1595\/revisions\/1596"}],"wp:attachment":[{"href":"https:\/\/topfloor.lt\/en\/wp-json\/wp\/v2\/media?parent=1595"}],"curies":[{"name":"wp","href":"https:\/\/api.w.org\/{rel}","templated":true}]}}