{"id":1542,"date":"2024-09-19T12:36:33","date_gmt":"2024-09-19T12:36:33","guid":{"rendered":"https:\/\/topfloor.lt\/?page_id=1542"},"modified":"2025-07-07T12:30:08","modified_gmt":"2025-07-07T12:30:08","slug":"specialus-pasiulymas-ilgalaikems-viesnagems","status":"publish","type":"page","link":"https:\/\/topfloor.lt\/en\/specialus-pasiulymas-ilgalaikems-viesnagems\/","title":{"rendered":"Special offer for long stays"},"content":{"rendered":"<div id=\"fws_69e751851d59c\"  data-column-margin=\"none\" data-midnight=\"dark\" data-top-percent=\"3%\" data-bottom-percent=\"3%\"  class=\"wpb_row vc_row-fluid vc_row full-width-section vc_row-o-equal-height vc_row-flex vc_row-o-content-middle  top_padding_tablet_8pct top_padding_phone_7pct bottom_padding_tablet_8pct bottom_padding_phone_7pct\"  style=\"padding-top: calc(100vw * 0.03); padding-bottom: calc(100vw * 0.03); \"><div class=\"row-bg-wrap\" data-bg-animation=\"none\" data-bg-animation-delay=\"\" data-bg-overlay=\"false\"><div class=\"inner-wrap row-bg-layer\" ><div class=\"row-bg viewport-desktop\"  style=\"\"><\/div><\/div><\/div><div class=\"row_col_wrap_12 col span_12 dark left\">\n\t<div  class=\"vc_col-sm-6 wpb_column column_container vc_column_container col bottom_margin_tablet_10pct right_padding_desktop_15pct right_padding_phone_0px\"  data-padding-pos=\"all\" data-has-bg-color=\"false\" data-bg-color=\"\" data-bg-opacity=\"1\" data-animation=\"\" data-delay=\"0\" >\n\t\t<div class=\"vc_column-inner\" >\n\t\t\t<div class=\"wpb_wrapper\">\n\t\t\t\t<div id=\"fws_69e751851dd8f\" data-midnight=\"\" data-column-margin=\"none\" class=\"wpb_row vc_row-fluid vc_row inner_row  right_padding_10pct right_padding_tablet_5pct right_padding_phone_3pct\"  style=\"\"><div class=\"row-bg-wrap\"> <div class=\"row-bg\" ><\/div> <\/div><div class=\"row_col_wrap_12_inner col span_12  left\">\n\t<div  class=\"vc_col-sm-12 wpb_column column_container vc_column_container col child_column no-extra-padding el_spacing_0px inherit_tablet inherit_phone\"   data-padding-pos=\"all\" data-has-bg-color=\"false\" data-bg-color=\"\" data-bg-opacity=\"1\" data-animation=\"\" data-delay=\"0\" >\n\t\t<div class=\"vc_column-inner\" >\n\t\t<div class=\"wpb_wrapper\">\n\t\t\t<div class=\"nectar-responsive-text font_size_max_50px font_size_desktop_3vw font_size_tablet_4vw font_size_phone_6vw font_line_height_1-2 nectar-link-underline-effect\"><h1>Special offer for long stays<\/h1>\n<\/div><div class=\"divider-wrap\" data-alignment=\"default\"><div style=\"height: 20px;\" class=\"divider\"><\/div><\/div><div class=\"nectar-responsive-text font_size_min_16px font_size_max_20px font_size_desktop_1-1vw font_line_height_1-6 nectar-link-underline-effect\"><p>- When booking a stay from 30 nights - 20% discount<\/p>\n<p>- When booking a stay from 60 nights - 25% discount<\/p>\n<p>- When booking a stay from 90 nights - 30% discount<\/p>\n<p>The offer is valid for stays from 01.09.2024 to 30.04.2025 (inclusive).<\/p>\n<p>Availability and prices can be checked on our \u00a0<a href=\"https:\/\/hotels.cloudbeds.com\/en\/reservation\/1CAKmi\" target=\"_blank\" rel=\"noopener\">website<\/a>.<\/p>\n<p>For the application of the discount, we invite you to contact <a href=\"https:\/\/topfloor.lt\/en\/kontaktai\/\">us<\/a>, indicating the reservation number.<\/p>\n<\/div>\n\t\t<\/div> \n\t<\/div>\n\t<\/div> \n<\/div><\/div>\n\t\t\t<\/div> \n\t\t<\/div>\n\t<\/div> \n\n\t<div  class=\"vc_col-sm-6 wpb_column column_container vc_column_container col padding-1-percent column_position_relative el_spacing_0px inherit_tablet inherit_phone\"  data-border-radius=\"20px\" data-padding-pos=\"left-right\" data-has-bg-color=\"false\" data-bg-color=\"\" data-bg-opacity=\"1\" data-animation=\"\" data-delay=\"0\" >\n\t\t<div class=\"vc_column-inner\" >\n\t\t\t<div class=\"wpb_wrapper\">\n\t\t\t\t<div class=\"img-with-aniamtion-wrap\" data-max-width=\"100%\" data-max-width-mobile=\"default\" data-shadow=\"none\" data-animation=\"none\" >\n      <div class=\"inner\">\n        <div class=\"hover-wrap\"> \n          <div class=\"hover-wrap-inner\">\n            <img loading=\"lazy\" decoding=\"async\" class=\"img-with-animation skip-lazy\" data-delay=\"0\" height=\"1719\" width=\"2500\" data-animation=\"none\" src=\"https:\/\/topfloor.lt\/wp-content\/uploads\/2024\/09\/Galutinis3aok.webp\" alt=\"\" srcset=\"https:\/\/topfloor.lt\/wp-content\/uploads\/2024\/09\/Galutinis3aok.webp 2500w, https:\/\/topfloor.lt\/wp-content\/uploads\/2024\/09\/Galutinis3aok-300x206.webp 300w, https:\/\/topfloor.lt\/wp-content\/uploads\/2024\/09\/Galutinis3aok-1024x704.webp 1024w, https:\/\/topfloor.lt\/wp-content\/uploads\/2024\/09\/Galutinis3aok-768x528.webp 768w, https:\/\/topfloor.lt\/wp-content\/uploads\/2024\/09\/Galutinis3aok-1536x1056.webp 1536w, https:\/\/topfloor.lt\/wp-content\/uploads\/2024\/09\/Galutinis3aok-2048x1408.webp 2048w, https:\/\/topfloor.lt\/wp-content\/uploads\/2024\/09\/Galutinis3aok-18x12.webp 18w\" sizes=\"auto, (max-width: 2500px) 100vw, 2500px\" \/>\n          <\/div>\n        <\/div>\n      <\/div>\n    <\/div>\n\t\t\t<\/div> \n\t\t<\/div>\n\t<\/div> \n<\/div><\/div>","protected":false},"excerpt":{"rendered":"Specialus pasi\u016blymas ilgalaik\u0117ms vie\u0161nag\u0117ms - U\u017esakant vie\u0161nag\u0119 nuo 30 nakt\u0173 - 20 % nuolaida - U\u017esakant vie\u0161nag\u0119 nuo 60 nakt\u0173 - 25 %\u00a0nuolaida - U\u017esakant vie\u0161nag\u0119 nuo 90 nakt\u0173 -...","protected":false},"author":1,"featured_media":0,"parent":0,"menu_order":0,"comment_status":"closed","ping_status":"closed","template":"","meta":{"footnotes":""},"class_list":["post-1542","page","type-page","status-publish"],"yoast_head":"<!-- This site is optimized with the Yoast SEO plugin v25.3 - https:\/\/yoast.com\/wordpress\/plugins\/seo\/ -->\n<title>Specialus pasi\u016blymas ilgalaik\u0117ms vie\u0161nag\u0117ms - TopFloor.lt<\/title>\n<meta name=\"description\" content=\"Specialus pasi\u016blymas ilgalaik\u0117ms vie\u0161nag\u0117ms - Apartament\u0173, buto, lofto trumpalaik\u0117 ir ilgalaik\u0117 nuoma su stov\u0117jimo vieta automobiliui, po\u017eemin\u0117je aik\u0161tel\u0117je Vilnius centras Naujamiestis\" \/>\n<meta name=\"robots\" content=\"index, follow, max-snippet:-1, max-image-preview:large, max-video-preview:-1\" \/>\n<link rel=\"canonical\" href=\"https:\/\/topfloor.lt\/en\/specialus-pasiulymas-ilgalaikems-viesnagems\/\" \/>\n<meta property=\"og:locale\" content=\"en_GB\" \/>\n<meta property=\"og:type\" content=\"article\" \/>\n<meta property=\"og:title\" content=\"Specialus pasi\u016blymas ilgalaik\u0117ms vie\u0161nag\u0117ms - TopFloor.lt\" \/>\n<meta property=\"og:description\" content=\"Specialus pasi\u016blymas ilgalaik\u0117ms vie\u0161nag\u0117ms - Apartament\u0173, buto, lofto trumpalaik\u0117 ir ilgalaik\u0117 nuoma su stov\u0117jimo vieta automobiliui, po\u017eemin\u0117je aik\u0161tel\u0117je Vilnius centras Naujamiestis\" \/>\n<meta property=\"og:url\" content=\"https:\/\/topfloor.lt\/en\/specialus-pasiulymas-ilgalaikems-viesnagems\/\" \/>\n<meta property=\"og:site_name\" content=\"TopFloor.lt\" \/>\n<meta property=\"article:modified_time\" content=\"2025-07-07T12:30:08+00:00\" \/>\n<meta name=\"twitter:card\" content=\"summary_large_image\" \/>\n<meta name=\"twitter:label1\" content=\"Estimated reading time\" \/>\n\t<meta name=\"twitter:data1\" content=\"2 minutes\" \/>\n<script type=\"application\/ld+json\" class=\"yoast-schema-graph\">{\"@context\":\"https:\/\/schema.org\",\"@graph\":[{\"@type\":\"WebPage\",\"@id\":\"https:\/\/topfloor.lt\/specialus-pasiulymas-ilgalaikems-viesnagems\/\",\"url\":\"https:\/\/topfloor.lt\/specialus-pasiulymas-ilgalaikems-viesnagems\/\",\"name\":\"Specialus pasi\u016blymas ilgalaik\u0117ms vie\u0161nag\u0117ms - TopFloor.lt\",\"isPartOf\":{\"@id\":\"https:\/\/topfloor.lt\/#website\"},\"datePublished\":\"2024-09-19T12:36:33+00:00\",\"dateModified\":\"2025-07-07T12:30:08+00:00\",\"description\":\"Specialus pasi\u016blymas ilgalaik\u0117ms vie\u0161nag\u0117ms - Apartament\u0173, buto, lofto trumpalaik\u0117 ir ilgalaik\u0117 nuoma su stov\u0117jimo vieta automobiliui, po\u017eemin\u0117je aik\u0161tel\u0117je Vilnius centras Naujamiestis\",\"breadcrumb\":{\"@id\":\"https:\/\/topfloor.lt\/specialus-pasiulymas-ilgalaikems-viesnagems\/#breadcrumb\"},\"inLanguage\":\"en-GB\",\"potentialAction\":[{\"@type\":\"ReadAction\",\"target\":[\"https:\/\/topfloor.lt\/specialus-pasiulymas-ilgalaikems-viesnagems\/\"]}]},{\"@type\":\"BreadcrumbList\",\"@id\":\"https:\/\/topfloor.lt\/specialus-pasiulymas-ilgalaikems-viesnagems\/#breadcrumb\",\"itemListElement\":[{\"@type\":\"ListItem\",\"position\":1,\"name\":\"Home\",\"item\":\"https:\/\/topfloor.lt\/\"},{\"@type\":\"ListItem\",\"position\":2,\"name\":\"Specialus pasi\u016blymas ilgalaik\u0117ms vie\u0161nag\u0117ms\"}]},{\"@type\":\"WebSite\",\"@id\":\"https:\/\/topfloor.lt\/#website\",\"url\":\"https:\/\/topfloor.lt\/\",\"name\":\"TopFloor.lt\",\"description\":\"Apartament\u0173, buto, lofto trumpalaik\u0117 ir ilgalaik\u0117 nuoma su stov\u0117jimo vieta automobiliui, po\u017eemin\u0117je aik\u0161tel\u0117je Vilnius centras Naujamiestis\",\"publisher\":{\"@id\":\"https:\/\/topfloor.lt\/#organization\"},\"potentialAction\":[{\"@type\":\"SearchAction\",\"target\":{\"@type\":\"EntryPoint\",\"urlTemplate\":\"https:\/\/topfloor.lt\/?s={search_term_string}\"},\"query-input\":{\"@type\":\"PropertyValueSpecification\",\"valueRequired\":true,\"valueName\":\"search_term_string\"}}],\"inLanguage\":\"en-GB\"},{\"@type\":\"Organization\",\"@id\":\"https:\/\/topfloor.lt\/#organization\",\"name\":\"TopFloor.lt\",\"url\":\"https:\/\/topfloor.lt\/\",\"logo\":{\"@type\":\"ImageObject\",\"inLanguage\":\"en-GB\",\"@id\":\"https:\/\/topfloor.lt\/#\/schema\/logo\/image\/\",\"url\":\"https:\/\/topfloor.lt\/wp-content\/uploads\/2024\/05\/Image_842EF4D6_95E2_E5BA_41D0_0BA973DF6A83_en.png\",\"contentUrl\":\"https:\/\/topfloor.lt\/wp-content\/uploads\/2024\/05\/Image_842EF4D6_95E2_E5BA_41D0_0BA973DF6A83_en.png\",\"width\":1635,\"height\":1341,\"caption\":\"TopFloor.lt\"},\"image\":{\"@id\":\"https:\/\/topfloor.lt\/#\/schema\/logo\/image\/\"}}]}<\/script>\n<!-- \/ Yoast SEO plugin. -->","yoast_head_json":{"title":"Specialus pasi\u016blymas ilgalaik\u0117ms vie\u0161nag\u0117ms - TopFloor.lt","description":"Specialus pasi\u016blymas ilgalaik\u0117ms vie\u0161nag\u0117ms - Apartament\u0173, buto, lofto trumpalaik\u0117 ir ilgalaik\u0117 nuoma su stov\u0117jimo vieta automobiliui, po\u017eemin\u0117je aik\u0161tel\u0117je Vilnius centras Naujamiestis","robots":{"index":"index","follow":"follow","max-snippet":"max-snippet:-1","max-image-preview":"max-image-preview:large","max-video-preview":"max-video-preview:-1"},"canonical":"https:\/\/topfloor.lt\/en\/specialus-pasiulymas-ilgalaikems-viesnagems\/","og_locale":"en_GB","og_type":"article","og_title":"Specialus pasi\u016blymas ilgalaik\u0117ms vie\u0161nag\u0117ms - TopFloor.lt","og_description":"Specialus pasi\u016blymas ilgalaik\u0117ms vie\u0161nag\u0117ms - Apartament\u0173, buto, lofto trumpalaik\u0117 ir ilgalaik\u0117 nuoma su stov\u0117jimo vieta automobiliui, po\u017eemin\u0117je aik\u0161tel\u0117je Vilnius centras Naujamiestis","og_url":"https:\/\/topfloor.lt\/en\/specialus-pasiulymas-ilgalaikems-viesnagems\/","og_site_name":"TopFloor.lt","article_modified_time":"2025-07-07T12:30:08+00:00","twitter_card":"summary_large_image","twitter_misc":{"Estimated reading time":"2 minutes"},"schema":{"@context":"https:\/\/schema.org","@graph":[{"@type":"WebPage","@id":"https:\/\/topfloor.lt\/specialus-pasiulymas-ilgalaikems-viesnagems\/","url":"https:\/\/topfloor.lt\/specialus-pasiulymas-ilgalaikems-viesnagems\/","name":"Specialus pasi\u016blymas ilgalaik\u0117ms vie\u0161nag\u0117ms - TopFloor.lt","isPartOf":{"@id":"https:\/\/topfloor.lt\/#website"},"datePublished":"2024-09-19T12:36:33+00:00","dateModified":"2025-07-07T12:30:08+00:00","description":"Specialus pasi\u016blymas ilgalaik\u0117ms vie\u0161nag\u0117ms - Apartament\u0173, buto, lofto trumpalaik\u0117 ir ilgalaik\u0117 nuoma su stov\u0117jimo vieta automobiliui, po\u017eemin\u0117je aik\u0161tel\u0117je Vilnius centras Naujamiestis","breadcrumb":{"@id":"https:\/\/topfloor.lt\/specialus-pasiulymas-ilgalaikems-viesnagems\/#breadcrumb"},"inLanguage":"en-GB","potentialAction":[{"@type":"ReadAction","target":["https:\/\/topfloor.lt\/specialus-pasiulymas-ilgalaikems-viesnagems\/"]}]},{"@type":"BreadcrumbList","@id":"https:\/\/topfloor.lt\/specialus-pasiulymas-ilgalaikems-viesnagems\/#breadcrumb","itemListElement":[{"@type":"ListItem","position":1,"name":"Home","item":"https:\/\/topfloor.lt\/"},{"@type":"ListItem","position":2,"name":"Specialus pasi\u016blymas ilgalaik\u0117ms vie\u0161nag\u0117ms"}]},{"@type":"WebSite","@id":"https:\/\/topfloor.lt\/#website","url":"https:\/\/topfloor.lt\/","name":"TopFloor.lt","description":"Apartament\u0173, buto, lofto trumpalaik\u0117 ir ilgalaik\u0117 nuoma su stov\u0117jimo vieta automobiliui, po\u017eemin\u0117je aik\u0161tel\u0117je Vilnius centras Naujamiestis","publisher":{"@id":"https:\/\/topfloor.lt\/#organization"},"potentialAction":[{"@type":"SearchAction","target":{"@type":"EntryPoint","urlTemplate":"https:\/\/topfloor.lt\/?s={search_term_string}"},"query-input":{"@type":"PropertyValueSpecification","valueRequired":true,"valueName":"search_term_string"}}],"inLanguage":"en-GB"},{"@type":"Organization","@id":"https:\/\/topfloor.lt\/#organization","name":"TopFloor.lt","url":"https:\/\/topfloor.lt\/","logo":{"@type":"ImageObject","inLanguage":"en-GB","@id":"https:\/\/topfloor.lt\/#\/schema\/logo\/image\/","url":"https:\/\/topfloor.lt\/wp-content\/uploads\/2024\/05\/Image_842EF4D6_95E2_E5BA_41D0_0BA973DF6A83_en.png","contentUrl":"https:\/\/topfloor.lt\/wp-content\/uploads\/2024\/05\/Image_842EF4D6_95E2_E5BA_41D0_0BA973DF6A83_en.png","width":1635,"height":1341,"caption":"TopFloor.lt"},"image":{"@id":"https:\/\/topfloor.lt\/#\/schema\/logo\/image\/"}}]}},"_links":{"self":[{"href":"https:\/\/topfloor.lt\/en\/wp-json\/wp\/v2\/pages\/1542","targetHints":{"allow":["GET"]}}],"collection":[{"href":"https:\/\/topfloor.lt\/en\/wp-json\/wp\/v2\/pages"}],"about":[{"href":"https:\/\/topfloor.lt\/en\/wp-json\/wp\/v2\/types\/page"}],"author":[{"embeddable":true,"href":"https:\/\/topfloor.lt\/en\/wp-json\/wp\/v2\/users\/1"}],"replies":[{"embeddable":true,"href":"https:\/\/topfloor.lt\/en\/wp-json\/wp\/v2\/comments?post=1542"}],"version-history":[{"count":17,"href":"https:\/\/topfloor.lt\/en\/wp-json\/wp\/v2\/pages\/1542\/revisions"}],"predecessor-version":[{"id":1569,"href":"https:\/\/topfloor.lt\/en\/wp-json\/wp\/v2\/pages\/1542\/revisions\/1569"}],"wp:attachment":[{"href":"https:\/\/topfloor.lt\/en\/wp-json\/wp\/v2\/media?parent=1542"}],"curies":[{"name":"wp","href":"https:\/\/api.w.org\/{rel}","templated":true}]}}